{"id":10260,"date":"2025-10-18T00:21:39","date_gmt":"2025-10-17T21:21:39","guid":{"rendered":"https:\/\/darvilais.md\/?post_type=product&#038;p=10260"},"modified":"2026-04-24T07:25:31","modified_gmt":"2026-04-24T04:25:31","slug":"xo-hub010-12-in-1-docking-station","status":"publish","type":"product","link":"https:\/\/darvilais.md\/ru\/product\/xo-hub010-12-in-1-docking-station\/","title":{"rendered":"XO HUB010"},"content":{"rendered":"<h2><strong>XO HUB010 12 in 1 Docking Station<\/strong><\/h2>\n<ul>\n<li class=\"p1\"><strong>\u0426\u0432\u0435\u0442: \u0441\u0435\u0440\u043e-\u0433\u043e\u043b\u0443\u0431\u043e\u0439\u00a0<\/strong><\/li>\n<li class=\"p1\"><strong>\u0422\u0438\u043f: \u0434\u043e\u043a-\u0441\u0442\u0430\u043d\u0446\u0438\u044f 12 \u0432 1\u00a0<\/strong><\/li>\n<li class=\"p1\"><strong>\u0418\u043d\u0442\u0435\u0440\u0444\u0435\u0439\u0441\u044b: USB-A 3.0 \u00d71, USB-A 2.0 \u00d73, USB-C \u00d72, HDMI \u00d71, VGA \u00d71, RJ45 Ethernet, \u0441\u043b\u043e\u0442 SD, \u0441\u043b\u043e\u0442 TF, \u0430\u0443\u0434\u0438\u043e \u0432\u044b\u0445\u043e\u0434 3,5 \u043c\u043c\u00a0<\/strong><\/li>\n<li class=\"p1\"><strong>\u041c\u0430\u043a\u0441\u0438\u043c\u0430\u043b\u044c\u043d\u043e\u0435 \u0440\u0430\u0437\u0440\u0435\u0448\u0435\u043d\u0438\u0435 HDMI: 3840\u00d72160 @ 30\u2009Hz\u00a0<\/strong><\/li>\n<li class=\"p1\"><strong>\u041c\u0430\u043a\u0441\u0438\u043c\u0430\u043b\u044c\u043d\u043e\u0435 \u0440\u0430\u0437\u0440\u0435\u0448\u0435\u043d\u0438\u0435 VGA: 1920\u00d71080 @60\u2009Hz\u00a0<\/strong><\/li>\n<li class=\"p1\"><strong>\u0421\u043a\u043e\u0440\u043e\u0441\u0442\u044c Ethernet: 100 \u041c\u0431\u0438\u0442\/\u0441\u00a0<\/strong><\/li>\n<li class=\"p1\"><strong>\u0421\u043a\u043e\u0440\u043e\u0441\u0442\u044c SD\/TF: \u0434\u043e 480 \u041c\u0431\u0438\u0442\/\u0441\u00a0<\/strong><\/li>\n<li class=\"p1\"><strong>\u041c\u0430\u0442\u0435\u0440\u0438\u0430\u043b: \u0430\u043b\u044e\u043c\u0438\u043d\u0438\u0435\u0432\u044b\u0439 \u0441\u043f\u043b\u0430\u0432\u00a0<\/strong><\/li>\n<li class=\"p1\"><strong>\u0420\u0430\u0437\u043c\u0435\u0440\u044b: 273 \u00d7 80 \u00d7 18 \u043c\u043c\u00a0<\/strong><\/li>\n<li class=\"p1\"><strong>\u0412\u0435\u0441: \u043e\u043a\u043e\u043b\u043e 250 \u0433\u00a0<\/strong><\/li>\n<li class=\"p1\"><strong>\u041f\u0440\u043e\u0438\u0437\u0432\u043e\u0434\u0438\u0442\u0435\u043b\u044c: XO<\/strong><\/li>\n<\/ul>\n","protected":false},"excerpt":{"rendered":"<p><em><strong>\u0414\u043e\u043a-\u0441\u0442\u0430\u043d\u0446\u0438\u044f XO HUB010 \u043f\u0440\u0435\u0434\u043b\u0430\u0433\u0430\u0435\u0442 12 \u0438\u043d\u0442\u0435\u0440\u0444\u0435\u0439\u0441\u043e\u0432: HDMI \u0438 VGA \u0434\u043b\u044f \u043c\u043e\u043d\u0438\u0442\u043e\u0440\u043e\u0432, \u043f\u043e\u0440\u0442\u044b USB-A \u0438 USB-C, Ethernet, \u0441\u043b\u043e\u0442\u044b SD\/TF \u0438 \u0430\u0443\u0434\u0438\u043e \u0432\u044b\u0445\u043e\u0434 \u2014 \u0432\u0441\u0451 \u0432 \u043e\u0434\u043d\u043e\u043c \u043a\u043e\u0440\u043f\u0443\u0441\u0435.<\/strong><\/em><\/p>\n","protected":false},"featured_media":10264,"template":"","meta":{"_acf_changed":false},"product_brand":[301],"product_cat":[242],"product_tag":[1130,1131,551,858],"class_list":{"0":"post-10260","1":"product","2":"type-product","3":"status-publish","4":"has-post-thumbnail","6":"product_brand-xo","7":"product_cat-adapters","8":"product_tag-12--1","9":"product_tag-hdmi-vga","10":"product_tag-usb-c","11":"product_tag-858","13":"first","14":"instock","15":"sale","16":"taxable","17":"shipping-taxable","18":"purchasable","19":"product-type-simple","20":"add-to-wishlist-after_add_to_cart"},"acf":[],"jetpack_sharing_enabled":true,"_links":{"self":[{"href":"https:\/\/darvilais.md\/ru\/wp-json\/wp\/v2\/product\/10260","targetHints":{"allow":["GET"]}}],"collection":[{"href":"https:\/\/darvilais.md\/ru\/wp-json\/wp\/v2\/product"}],"about":[{"href":"https:\/\/darvilais.md\/ru\/wp-json\/wp\/v2\/types\/product"}],"wp:featuredmedia":[{"embeddable":true,"href":"https:\/\/darvilais.md\/ru\/wp-json\/wp\/v2\/media\/10264"}],"wp:attachment":[{"href":"https:\/\/darvilais.md\/ru\/wp-json\/wp\/v2\/media?parent=10260"}],"wp:term":[{"taxonomy":"product_brand","embeddable":true,"href":"https:\/\/darvilais.md\/ru\/wp-json\/wp\/v2\/product_brand?post=10260"},{"taxonomy":"product_cat","embeddable":true,"href":"https:\/\/darvilais.md\/ru\/wp-json\/wp\/v2\/product_cat?post=10260"},{"taxonomy":"product_tag","embeddable":true,"href":"https:\/\/darvilais.md\/ru\/wp-json\/wp\/v2\/product_tag?post=10260"}],"curies":[{"name":"wp","href":"https:\/\/api.w.org\/{rel}","templated":true}]}}