{"id":9987,"date":"2025-10-14T19:18:39","date_gmt":"2025-10-14T19:18:39","guid":{"rendered":"https:\/\/darvilais.md\/?post_type=product&#038;p=9987"},"modified":"2025-10-14T19:18:39","modified_gmt":"2025-10-14T19:18:39","slug":"original-full-size-iphone-xr-silicone-case","status":"publish","type":"product","link":"https:\/\/darvilais.md\/ro\/produs\/original-full-size-iphone-xr-silicone-case\/","title":{"rendered":"iPhone XR"},"content":{"rendered":"<h2><strong>Carcas\u0103 original\u0103 de dimensiuni normale pentru iPhone XR\u00a0<\/strong><\/h2>\n<ul>\n<li class=\"p1\"><strong>Culoare: alb, violet, portocaliu, roz\u00a0<\/strong><\/li>\n<li class=\"p1\"><strong>Tip: carcas\u0103 de protec\u021bie\u00a0<\/strong><\/li>\n<li class=\"p1\"><strong>Compatibilitate: iPhone XR\u00a0<\/strong><\/li>\n<li class=\"p1\"><strong>Material: silicon\u00a0<\/strong><\/li>\n<li class=\"p1\"><strong>Caracteristici: potrivire perfect\u0103, c\u0103ptu\u0219eal\u0103 interioar\u0103 moale, protec\u021bie pentru camer\u0103 \u0219i col\u021buri\u00a0<\/strong><\/li>\n<li class=\"p1\"><strong>Suprafa\u021b\u0103: mat\u0103, pl\u0103cut\u0103 la atingere\u00a0<\/strong><\/li>\n<li class=\"p1\"><strong>Produc\u0103tor: altul<\/strong><\/li>\n<\/ul>","protected":false},"excerpt":{"rendered":"<p><em><strong>Husa original\u0103 din silicon de dimensiuni normale pentru iPhone XR ofer\u0103 protec\u021bie fiabil\u0103 pentru corp \u0219i camer\u0103, men\u021bin\u00e2nd \u00een acela\u0219i timp stilul \u0219i confortul.<\/strong><\/em><\/p>","protected":false},"featured_media":9988,"template":"","meta":{"_acf_changed":false},"product_brand":[364],"product_cat":[362],"product_tag":[802,1040,390,1039],"class_list":{"0":"post-9987","1":"product","2":"type-product","3":"status-publish","4":"has-post-thumbnail","6":"product_brand-364","7":"product_cat-phone-cases","8":"product_tag-802","9":"product_tag--iphone","10":"product_tag-390","11":"product_tag-1039","13":"first","14":"instock","15":"sale","16":"taxable","17":"shipping-taxable","18":"purchasable","19":"product-type-variable","20":"add-to-wishlist-after_add_to_cart"},"acf":[],"jetpack_sharing_enabled":true,"_links":{"self":[{"href":"https:\/\/darvilais.md\/ro\/wp-json\/wp\/v2\/product\/9987","targetHints":{"allow":["GET"]}}],"collection":[{"href":"https:\/\/darvilais.md\/ro\/wp-json\/wp\/v2\/product"}],"about":[{"href":"https:\/\/darvilais.md\/ro\/wp-json\/wp\/v2\/types\/product"}],"wp:featuredmedia":[{"embeddable":true,"href":"https:\/\/darvilais.md\/ro\/wp-json\/wp\/v2\/media\/9988"}],"wp:attachment":[{"href":"https:\/\/darvilais.md\/ro\/wp-json\/wp\/v2\/media?parent=9987"}],"wp:term":[{"taxonomy":"product_brand","embeddable":true,"href":"https:\/\/darvilais.md\/ro\/wp-json\/wp\/v2\/product_brand?post=9987"},{"taxonomy":"product_cat","embeddable":true,"href":"https:\/\/darvilais.md\/ro\/wp-json\/wp\/v2\/product_cat?post=9987"},{"taxonomy":"product_tag","embeddable":true,"href":"https:\/\/darvilais.md\/ro\/wp-json\/wp\/v2\/product_tag?post=9987"}],"curies":[{"name":"wp","href":"https:\/\/api.w.org\/{rel}","templated":true}]}}