{"id":9924,"date":"2025-10-13T16:40:44","date_gmt":"2025-10-13T13:40:44","guid":{"rendered":"https:\/\/darvilais.md\/?post_type=product&#038;p=9924"},"modified":"2026-04-19T21:26:54","modified_gmt":"2026-04-19T18:26:54","slug":"xo-ss17-three-axis-phone-stabilizer-gray","status":"publish","type":"product","link":"https:\/\/darvilais.md\/ro\/produs\/xo-ss17-three-axis-phone-stabilizer-gray\/","title":{"rendered":"XO SS17"},"content":{"rendered":"<h2><strong>XO SS17 Pan\u0103 inteligent\u0103 anti-vibra\u021bii cu aplauze faciale, \u021bin\u00e2nd de m\u00e2n\u0103<\/strong><\/h2>\n<ul>\n<li class=\"p1\"><strong>Culoare: gri\u00a0<\/strong><\/li>\n<li class=\"p1\"><strong>Tip: Gimbal portabil pentru filmare (trei axe)\u00a0<\/strong><\/li>\n<li class=\"p1\"><strong>Compatibilitate: smartphone-uri cu l\u0103\u021bimea de p\u00e2n\u0103 la 9 cm\u00a0<\/strong><\/li>\n<li class=\"p1\"><strong>Material: plastic, aliaj de aluminiu\u00a0<\/strong><\/li>\n<li class=\"p1\"><strong>Controale: Urm\u0103rire automat\u0103 a fe\u021bei, control prin gesturi\u00a0<\/strong><\/li>\n<li class=\"p1\"><strong>Caracteristici: stabilizare pe trei axe, recunoa\u0219tere facial\u0103 inteligent\u0103, suport pentru \u00eenregistrare video\u00a0<\/strong><\/li>\n<li class=\"p1\"><strong>Capacitatea bateriei: 800 mAh\u00a0<\/strong><\/li>\n<li class=\"p1\"><strong>Produc\u0103tor: XO<\/strong><\/li>\n<\/ul>","protected":false},"excerpt":{"rendered":"<p><strong><em>XO SS17 este un gimbal inteligent cu sistem pe trei axe \u0219i urm\u0103rire automat\u0103 a fe\u021bei pentru filmare fluid\u0103.<\/em><\/strong><\/p>","protected":false},"featured_media":9925,"template":"","meta":{"_acf_changed":false},"product_brand":[301],"product_cat":[246],"product_tag":[1030,1028,1031,1029],"class_list":{"0":"post-9924","1":"product","2":"type-product","3":"status-publish","4":"has-post-thumbnail","6":"product_brand-xo","7":"product_cat-smartphone-accessories","8":"product_tag-1030","9":"product_tag-1028","10":"product_tag-1031","11":"product_tag-1029","13":"first","14":"instock","15":"sale","16":"taxable","17":"shipping-taxable","18":"purchasable","19":"product-type-simple","20":"add-to-wishlist-after_add_to_cart"},"acf":[],"jetpack_sharing_enabled":true,"_links":{"self":[{"href":"https:\/\/darvilais.md\/ro\/wp-json\/wp\/v2\/product\/9924","targetHints":{"allow":["GET"]}}],"collection":[{"href":"https:\/\/darvilais.md\/ro\/wp-json\/wp\/v2\/product"}],"about":[{"href":"https:\/\/darvilais.md\/ro\/wp-json\/wp\/v2\/types\/product"}],"wp:featuredmedia":[{"embeddable":true,"href":"https:\/\/darvilais.md\/ro\/wp-json\/wp\/v2\/media\/9925"}],"wp:attachment":[{"href":"https:\/\/darvilais.md\/ro\/wp-json\/wp\/v2\/media?parent=9924"}],"wp:term":[{"taxonomy":"product_brand","embeddable":true,"href":"https:\/\/darvilais.md\/ro\/wp-json\/wp\/v2\/product_brand?post=9924"},{"taxonomy":"product_cat","embeddable":true,"href":"https:\/\/darvilais.md\/ro\/wp-json\/wp\/v2\/product_cat?post=9924"},{"taxonomy":"product_tag","embeddable":true,"href":"https:\/\/darvilais.md\/ro\/wp-json\/wp\/v2\/product_tag?post=9924"}],"curies":[{"name":"wp","href":"https:\/\/api.w.org\/{rel}","templated":true}]}}