{"id":9836,"date":"2025-10-12T13:24:06","date_gmt":"2025-10-12T13:24:06","guid":{"rendered":"https:\/\/darvilais.md\/?post_type=product&#038;p=9836"},"modified":"2025-10-12T13:24:06","modified_gmt":"2025-10-12T13:24:06","slug":"hoco-k29-wonder-fill-light-black","status":"publish","type":"product","link":"https:\/\/darvilais.md\/ro\/produs\/hoco-k29-wonder-fill-light-black\/","title":{"rendered":"Hoco K29"},"content":{"rendered":"<h2><strong>Lamp\u0103 de umplere Hoco K29 Wonder neagr\u0103<\/strong><\/h2>\n<ul>\n<li class=\"p1\"><strong>Culoare: negru<\/strong><\/li>\n<li class=\"p1\"><strong>Tip: Lamp\u0103 LED portabil\u0103 pentru filmare<\/strong><\/li>\n<li class=\"p1\"><strong>Compatibilitate: smartphone-uri, camere foto<\/strong><\/li>\n<li class=\"p1\"><strong>Material: plastic, aliaj de aluminiu<\/strong><\/li>\n<li class=\"p1\"><strong>Dimensiuni: compacte, u\u0219oare<\/strong><\/li>\n<li class=\"p1\"><strong>Greutate: 180 g<\/strong><\/li>\n<li class=\"p1\"><strong>Alimentare: baterie \u00eencorporat\u0103<\/strong><\/li>\n<li class=\"p1\"><strong>Luminozitate: reglabil\u0103, p\u00e2n\u0103 la 1000 lumeni<\/strong><\/li>\n<li class=\"p1\"><strong>Caracteristici: portabil, culoare \u0219i luminozitate reglabile<\/strong><\/li>\n<li class=\"p1\"><strong>Pachetul include: iluminare din spate, cablu USB<\/strong><\/li>\n<li class=\"p1\"><strong>Producator: Hoco<\/strong><\/li>\n<\/ul>\n<p><strong><span class=\"s1\">Confirmat: <\/span><a href=\"https:\/\/www.hocotech.it\/en\/selfie-sticks\/hoco-mini-lamp-live-streaming-selfie-lighting-reading-k29-bk\" target=\"_blank\" rel=\"noopener\">https:\/\/www.hocotech.it\/en\/selfie-sticks\/hoco-mini-lamp-live-streaming-selfie-lighting-reading-k29-bk<\/a><\/strong><\/p>","protected":false},"excerpt":{"rendered":"<p><em><strong>Hoco K29 este o lamp\u0103 LED compact\u0103 cu luminozitate \u0219i culoare reglabile, ideal\u0103 pentru fotografie, video \u0219i transmisiuni live.<\/strong><\/em><\/p>","protected":false},"featured_media":9843,"template":"","meta":{"_acf_changed":false},"product_brand":[286],"product_cat":[246],"product_tag":[996,998,995,997],"class_list":{"0":"post-9836","1":"product","2":"type-product","3":"status-publish","4":"has-post-thumbnail","6":"product_brand-hoco","7":"product_cat-smartphone-accessories","8":"product_tag-led-","9":"product_tag-998","10":"product_tag-995","11":"product_tag-997","13":"first","14":"instock","15":"sale","16":"taxable","17":"shipping-taxable","18":"purchasable","19":"product-type-simple","20":"add-to-wishlist-after_add_to_cart"},"acf":[],"jetpack_sharing_enabled":true,"_links":{"self":[{"href":"https:\/\/darvilais.md\/ro\/wp-json\/wp\/v2\/product\/9836","targetHints":{"allow":["GET"]}}],"collection":[{"href":"https:\/\/darvilais.md\/ro\/wp-json\/wp\/v2\/product"}],"about":[{"href":"https:\/\/darvilais.md\/ro\/wp-json\/wp\/v2\/types\/product"}],"wp:featuredmedia":[{"embeddable":true,"href":"https:\/\/darvilais.md\/ro\/wp-json\/wp\/v2\/media\/9843"}],"wp:attachment":[{"href":"https:\/\/darvilais.md\/ro\/wp-json\/wp\/v2\/media?parent=9836"}],"wp:term":[{"taxonomy":"product_brand","embeddable":true,"href":"https:\/\/darvilais.md\/ro\/wp-json\/wp\/v2\/product_brand?post=9836"},{"taxonomy":"product_cat","embeddable":true,"href":"https:\/\/darvilais.md\/ro\/wp-json\/wp\/v2\/product_cat?post=9836"},{"taxonomy":"product_tag","embeddable":true,"href":"https:\/\/darvilais.md\/ro\/wp-json\/wp\/v2\/product_tag?post=9836"}],"curies":[{"name":"wp","href":"https:\/\/api.w.org\/{rel}","templated":true}]}}