{"id":9827,"date":"2025-10-12T13:11:17","date_gmt":"2025-10-12T13:11:17","guid":{"rendered":"https:\/\/darvilais.md\/?post_type=product&#038;p=9827"},"modified":"2025-10-12T13:11:17","modified_gmt":"2025-10-12T13:11:17","slug":"hoco-k27-mini-live-stand-black","status":"publish","type":"product","link":"https:\/\/darvilais.md\/ro\/produs\/hoco-k27-mini-live-stand-black\/","title":{"rendered":"Hoco K27"},"content":{"rendered":"<h2><strong>Hoco K27 Magic mini stativ portabil pentru transmisie live, negru<\/strong><\/h2>\n<ul>\n<li class=\"p1\"><strong>Culoare: negru<\/strong><\/li>\n<li class=\"p1\"><strong>Tip: Trepied de mas\u0103 pentru transmisie<\/strong><\/li>\n<li class=\"p1\"><strong>Compatibilitate: smartphone-uri de p\u00e2n\u0103 la 6,7\u2033<\/strong><\/li>\n<li class=\"p1\"><strong>Material: aliaj de aluminiu, plastic<\/strong><\/li>\n<li class=\"p1\"><strong>Dimensiuni: format compact, design pliabil<\/strong><\/li>\n<li class=\"p1\"><strong>Caracteristici: unghi \u0219i \u00een\u0103l\u021bime reglabile, baz\u0103 stabil\u0103<\/strong><\/li>\n<li class=\"p1\"><strong>Pachetul include: trepied<\/strong><\/li>\n<li class=\"p1\"><strong>Producator: Hoco<\/strong><\/li>\n<\/ul>","protected":false},"excerpt":{"rendered":"<p><em><strong>Trepiedul compact Hoco K27 este ideal pentru film\u0103ri \u0219i transmisiuni live. Designul s\u0103u pliabil \u0219i baza stabil\u0103 \u00eel fac ideal pentru utilizare acas\u0103 \u0219i la birou.<\/strong><\/em><\/p>","protected":false},"featured_media":9835,"template":"","meta":{"_acf_changed":false},"product_brand":[286],"product_cat":[246],"product_tag":[993,979,994,840],"class_list":{"0":"post-9827","1":"product","2":"type-product","3":"status-publish","4":"has-post-thumbnail","6":"product_brand-hoco","7":"product_cat-smartphone-accessories","8":"product_tag-993","9":"product_tag-979","10":"product_tag-994","11":"product_tag-840","13":"first","14":"instock","15":"sale","16":"taxable","17":"shipping-taxable","18":"purchasable","19":"product-type-simple","20":"add-to-wishlist-after_add_to_cart"},"acf":[],"jetpack_sharing_enabled":true,"_links":{"self":[{"href":"https:\/\/darvilais.md\/ro\/wp-json\/wp\/v2\/product\/9827","targetHints":{"allow":["GET"]}}],"collection":[{"href":"https:\/\/darvilais.md\/ro\/wp-json\/wp\/v2\/product"}],"about":[{"href":"https:\/\/darvilais.md\/ro\/wp-json\/wp\/v2\/types\/product"}],"wp:featuredmedia":[{"embeddable":true,"href":"https:\/\/darvilais.md\/ro\/wp-json\/wp\/v2\/media\/9835"}],"wp:attachment":[{"href":"https:\/\/darvilais.md\/ro\/wp-json\/wp\/v2\/media?parent=9827"}],"wp:term":[{"taxonomy":"product_brand","embeddable":true,"href":"https:\/\/darvilais.md\/ro\/wp-json\/wp\/v2\/product_brand?post=9827"},{"taxonomy":"product_cat","embeddable":true,"href":"https:\/\/darvilais.md\/ro\/wp-json\/wp\/v2\/product_cat?post=9827"},{"taxonomy":"product_tag","embeddable":true,"href":"https:\/\/darvilais.md\/ro\/wp-json\/wp\/v2\/product_tag?post=9827"}],"curies":[{"name":"wp","href":"https:\/\/api.w.org\/{rel}","templated":true}]}}