{"id":9798,"date":"2025-10-08T13:55:12","date_gmt":"2025-10-08T13:55:12","guid":{"rendered":"https:\/\/darvilais.md\/?post_type=product&#038;p=9798"},"modified":"2025-10-08T13:55:12","modified_gmt":"2025-10-08T13:55:12","slug":"wiwu-wi-se012-live-tripod-selfie-stick","status":"publish","type":"product","link":"https:\/\/darvilais.md\/ro\/produs\/wiwu-wi-se012-live-tripod-selfie-stick\/","title":{"rendered":"WiWU Wi-SE012"},"content":{"rendered":"<h2><strong>WiWU Wi-SE012 Trepied Selfie Stick pentru transmisiuni live\u00a0<\/strong><\/h2>\n<ul>\n<li class=\"p1\"><strong>Culoare: negru\u00a0<\/strong><\/li>\n<li class=\"p1\"><strong>Tip: trepied selfie pentru streaming \u0219i fotografie\u00a0<\/strong><\/li>\n<li class=\"p1\"><strong>Material: aliaj de aluminiu + ABS\u00a0<\/strong><\/li>\n<li class=\"p1\"><strong>Compatibilitate: smartphone-uri cu l\u0103\u021bimea de p\u00e2n\u0103 la 9 cm\u00a0<\/strong><\/li>\n<li class=\"p1\"><strong>Reglare: \u00een\u0103l\u021bime p\u00e2n\u0103 la 100 cm, rota\u021bie la 360\u00b0\u00a0<\/strong><\/li>\n<li class=\"p1\"><strong>Caracteristici: Design pliabil, baz\u0103 stabil\u0103, m\u00e2ner confortabil\u00a0<\/strong><\/li>\n<li class=\"p1\"><strong>Produc\u0103tor: WiWU\u00a0<\/strong><\/li>\n<\/ul>\n<p><strong><span class=\"s1\">Confirmat: <\/span><a href=\"https:\/\/www.wiwu.com\/wiwu-360-degree-free-rotative-selfie-stick-with-long-arm-180cm-selfie-stick-for-picture-travel-stick-se012.html\" target=\"_blank\" rel=\"noopener\">https:\/\/www.wiwu.com\/wiwu-360-degree-free-rotative-selfie-stick-with-long-arm-180cm-selfie-stick-for-picture-travel-stick-se012.html<\/a><\/strong><\/p>","protected":false},"excerpt":{"rendered":"<p><strong><em>WiWU Wi-SE012 ofer\u0103 o amplasare convenabil\u0103 a smartphone-ului pentru streaming \u0219i fotografiere. Designul s\u0103u pliabil \u0219i rota\u021bia la 360\u00b0 fac lucrul confortabil.<\/em><\/strong><\/p>","protected":false},"featured_media":9800,"template":"","meta":{"_acf_changed":false},"product_brand":[307],"product_cat":[246],"product_tag":[988,649,839,987],"class_list":{"0":"post-9798","1":"product","2":"type-product","3":"status-publish","4":"has-post-thumbnail","6":"product_brand-wiwu","7":"product_cat-smartphone-accessories","8":"product_tag-988","9":"product_tag-649","10":"product_tag-839","11":"product_tag-987","13":"first","14":"instock","15":"taxable","16":"shipping-taxable","17":"product-type-simple","18":"add-to-wishlist-after_add_to_cart"},"acf":[],"jetpack_sharing_enabled":true,"_links":{"self":[{"href":"https:\/\/darvilais.md\/ro\/wp-json\/wp\/v2\/product\/9798","targetHints":{"allow":["GET"]}}],"collection":[{"href":"https:\/\/darvilais.md\/ro\/wp-json\/wp\/v2\/product"}],"about":[{"href":"https:\/\/darvilais.md\/ro\/wp-json\/wp\/v2\/types\/product"}],"wp:featuredmedia":[{"embeddable":true,"href":"https:\/\/darvilais.md\/ro\/wp-json\/wp\/v2\/media\/9800"}],"wp:attachment":[{"href":"https:\/\/darvilais.md\/ro\/wp-json\/wp\/v2\/media?parent=9798"}],"wp:term":[{"taxonomy":"product_brand","embeddable":true,"href":"https:\/\/darvilais.md\/ro\/wp-json\/wp\/v2\/product_brand?post=9798"},{"taxonomy":"product_cat","embeddable":true,"href":"https:\/\/darvilais.md\/ro\/wp-json\/wp\/v2\/product_cat?post=9798"},{"taxonomy":"product_tag","embeddable":true,"href":"https:\/\/darvilais.md\/ro\/wp-json\/wp\/v2\/product_tag?post=9798"}],"curies":[{"name":"wp","href":"https:\/\/api.w.org\/{rel}","templated":true}]}}