{"id":9735,"date":"2025-10-07T16:53:32","date_gmt":"2025-10-07T16:53:32","guid":{"rendered":"https:\/\/darvilais.md\/?post_type=product&#038;p=9735"},"modified":"2025-10-07T16:53:32","modified_gmt":"2025-10-07T16:53:32","slug":"xo-m50-pro-smart-sports-talking-watch-black","status":"publish","type":"product","link":"https:\/\/darvilais.md\/ro\/produs\/xo-m50-pro-smart-sports-talking-watch-black\/","title":{"rendered":"XO M50 Pro"},"content":{"rendered":"<h2><strong>Ceas sport inteligent magnetic XO M50 Pro cu vorbire\u00a0<\/strong><\/h2>\n<ul>\n<li class=\"p1\"><strong>Culoare: negru\u00a0<\/strong><\/li>\n<li class=\"p1\"><strong>Tip: Ceas sport inteligent cu func\u021bie de apelare\u00a0<\/strong><\/li>\n<li class=\"p1\"><strong>Ecran: TFT 1,83\u2033, rezolu\u021bie 240\u00d7284\u00a0<\/strong><\/li>\n<li class=\"p1\"><strong>Cip: Zhongke Lanxun AD8918C\u00a0<\/strong><\/li>\n<li class=\"p1\"><strong>Memorie: 32 MB\u00a0<\/strong><\/li>\n<li class=\"p1\"><strong>Sistem de operare: HryFine\u00a0<\/strong><\/li>\n<li class=\"p1\"><strong>Conexiune: Bluetooth 5.0\u00a0<\/strong><\/li>\n<li class=\"p1\"><strong>Compatibilitate: Android 5.0+, iOS 9.0+\u00a0<\/strong><\/li>\n<li class=\"p1\"><strong>Baterie: 200 mAh\u00a0<\/strong><\/li>\n<li class=\"p1\"><strong>Timp de func\u021bionare: p\u00e2n\u0103 la 4 zile \u00een modul normal, p\u00e2n\u0103 la 20 de zile \u00een modul standby\u00a0<\/strong><\/li>\n<li class=\"p1\"><strong>Protec\u021bie la ap\u0103: IP56\u00a0<\/strong><\/li>\n<li class=\"p1\"><strong>Materiale: aliaj de zinc \u0219i PC\u00a0<\/strong><\/li>\n<li class=\"p1\"><strong>Dimensiuni: 45 \u00d7 38,5 \u00d7 13 mm\u00a0<\/strong><\/li>\n<li class=\"p1\"><strong>Greutate: 52 g\u00a0<\/strong><\/li>\n<li class=\"p1\"><strong>Produc\u0103tor: XO<\/strong><\/li>\n<\/ul>","protected":false},"excerpt":{"rendered":"<p><em><strong>XO M50 Pro este un ceas inteligent elegant, cu un ecran TFT luminos de 1,83&quot;, apeluri Bluetooth \u0219i rezisten\u021b\u0103 la ap\u0103 IP56. Ideal pentru un stil de via\u021b\u0103 activ.<\/strong><\/em><\/p>","protected":false},"featured_media":9738,"template":"","meta":{"_acf_changed":false},"product_brand":[301],"product_cat":[236],"product_tag":[951,966,293,291],"class_list":{"0":"post-9735","1":"product","2":"type-product","3":"status-publish","4":"has-post-thumbnail","6":"product_brand-xo","7":"product_cat-smart-watch","8":"product_tag-bluetooth-","9":"product_tag-ip56-","10":"product_tag-293","11":"product_tag-291","13":"first","14":"instock","15":"sale","16":"taxable","17":"shipping-taxable","18":"purchasable","19":"product-type-simple","20":"add-to-wishlist-after_add_to_cart"},"acf":[],"jetpack_sharing_enabled":true,"_links":{"self":[{"href":"https:\/\/darvilais.md\/ro\/wp-json\/wp\/v2\/product\/9735","targetHints":{"allow":["GET"]}}],"collection":[{"href":"https:\/\/darvilais.md\/ro\/wp-json\/wp\/v2\/product"}],"about":[{"href":"https:\/\/darvilais.md\/ro\/wp-json\/wp\/v2\/types\/product"}],"wp:featuredmedia":[{"embeddable":true,"href":"https:\/\/darvilais.md\/ro\/wp-json\/wp\/v2\/media\/9738"}],"wp:attachment":[{"href":"https:\/\/darvilais.md\/ro\/wp-json\/wp\/v2\/media?parent=9735"}],"wp:term":[{"taxonomy":"product_brand","embeddable":true,"href":"https:\/\/darvilais.md\/ro\/wp-json\/wp\/v2\/product_brand?post=9735"},{"taxonomy":"product_cat","embeddable":true,"href":"https:\/\/darvilais.md\/ro\/wp-json\/wp\/v2\/product_cat?post=9735"},{"taxonomy":"product_tag","embeddable":true,"href":"https:\/\/darvilais.md\/ro\/wp-json\/wp\/v2\/product_tag?post=9735"}],"curies":[{"name":"wp","href":"https:\/\/api.w.org\/{rel}","templated":true}]}}