{"id":9689,"date":"2025-10-07T15:41:56","date_gmt":"2025-10-07T15:41:56","guid":{"rendered":"https:\/\/darvilais.md\/?post_type=product&#038;p=9689"},"modified":"2025-10-07T15:41:56","modified_gmt":"2025-10-07T15:41:56","slug":"xo-h110-kids-smart-watch-4g","status":"publish","type":"product","link":"https:\/\/darvilais.md\/ro\/produs\/xo-h110-kids-smart-watch-4g\/","title":{"rendered":"XO H110"},"content":{"rendered":"<h2><strong>Ceas inteligent pentru copii XO H110 4G\u00a0<\/strong><\/h2>\n<ul>\n<li class=\"p1\"><strong>Culoare: verde, roz\u00a0<\/strong><\/li>\n<li class=\"p1\"><strong>Tip: Ceas inteligent pentru copii cu 4G\u00a0<\/strong><\/li>\n<li class=\"p1\"><strong>Cip: ASR3603\u00a0<\/strong><\/li>\n<li class=\"p1\"><strong>Ecran: tactil de 1,4\u2033, 240\u00d7240\u00a0<\/strong><\/li>\n<li class=\"p1\"><strong>Camer\u0103: frontal\u0103\u00a0<\/strong><\/li>\n<li class=\"p1\"><strong>Cartel\u0103 SIM: Nano SIM, GSM \/ LTE\u00a0<\/strong><\/li>\n<li class=\"p1\"><strong>Baterie: 700 mAh\u00a0<\/strong><\/li>\n<li class=\"p1\"><strong>Munc\u0103: p\u00e2n\u0103 la 48 de ore\u00a0<\/strong><\/li>\n<li class=\"p1\"><strong>Suport: WiFi + LBS<\/strong><\/li>\n<li class=\"p1\"><strong>Func\u021bii: SOS, apeluri, chat, geofencing, pedometru, ceas de\u0219tept\u0103tor\u00a0<\/strong><\/li>\n<li class=\"p1\"><strong>Produc\u0103tor: XO<\/strong><\/li>\n<\/ul>","protected":false},"excerpt":{"rendered":"<p><em><strong>XO H110 este un ceas inteligent pentru copii, cu apeluri 4G, SOS \u0219i capabilit\u0103\u021bi GPS. Potrivit pentru utilizarea zilnic\u0103 de c\u0103tre copii.<\/strong><\/em><\/p>","protected":false},"featured_media":9696,"template":"","meta":{"_acf_changed":false},"product_brand":[301],"product_cat":[236],"product_tag":[956,959,957,958],"class_list":{"0":"post-9689","1":"product","2":"type-product","3":"status-publish","4":"has-post-thumbnail","6":"product_brand-xo","7":"product_cat-smart-watch","8":"product_tag-956","9":"product_tag-959","10":"product_tag---4g","11":"product_tag---gps","13":"first","14":"instock","15":"sale","16":"taxable","17":"shipping-taxable","18":"purchasable","19":"product-type-variable","20":"add-to-wishlist-after_add_to_cart"},"acf":[],"jetpack_sharing_enabled":true,"_links":{"self":[{"href":"https:\/\/darvilais.md\/ro\/wp-json\/wp\/v2\/product\/9689","targetHints":{"allow":["GET"]}}],"collection":[{"href":"https:\/\/darvilais.md\/ro\/wp-json\/wp\/v2\/product"}],"about":[{"href":"https:\/\/darvilais.md\/ro\/wp-json\/wp\/v2\/types\/product"}],"wp:featuredmedia":[{"embeddable":true,"href":"https:\/\/darvilais.md\/ro\/wp-json\/wp\/v2\/media\/9696"}],"wp:attachment":[{"href":"https:\/\/darvilais.md\/ro\/wp-json\/wp\/v2\/media?parent=9689"}],"wp:term":[{"taxonomy":"product_brand","embeddable":true,"href":"https:\/\/darvilais.md\/ro\/wp-json\/wp\/v2\/product_brand?post=9689"},{"taxonomy":"product_cat","embeddable":true,"href":"https:\/\/darvilais.md\/ro\/wp-json\/wp\/v2\/product_cat?post=9689"},{"taxonomy":"product_tag","embeddable":true,"href":"https:\/\/darvilais.md\/ro\/wp-json\/wp\/v2\/product_tag?post=9689"}],"curies":[{"name":"wp","href":"https:\/\/api.w.org\/{rel}","templated":true}]}}