{"id":9669,"date":"2025-10-07T14:30:41","date_gmt":"2025-10-07T14:30:41","guid":{"rendered":"https:\/\/darvilais.md\/?post_type=product&#038;p=9669"},"modified":"2025-10-07T14:30:41","modified_gmt":"2025-10-07T14:30:41","slug":"xo-j4-smart-sports-talking-watch-amoled-black","status":"publish","type":"product","link":"https:\/\/darvilais.md\/ro\/produs\/xo-j4-smart-sports-talking-watch-amoled-black\/","title":{"rendered":"XO J4"},"content":{"rendered":"<h2><strong>Ceas inteligent sport cu vorbire XO J4\u00a0<\/strong><\/h2>\n<ul>\n<li class=\"p1\"><strong>Tip: ceas sport inteligent\u00a0<\/strong><\/li>\n<li class=\"p1\"><strong>Culoare: negru\u00a0<\/strong><\/li>\n<li class=\"p1\"><strong>Dimensiunea carcasei: 44,8 \u00d7 44,8 \u00d7 11 mm\u00a0<\/strong><\/li>\n<li class=\"p1\"><strong>Greutate: 38,3 g\u00a0<\/strong><\/li>\n<li class=\"p1\"><strong>Ecran: AMOLED tactil de 1,36\u2033, rezolu\u021bie 390\u00d7390\u00a0<\/strong><\/li>\n<li class=\"p1\"><strong>Rezisten\u021b\u0103 la ap\u0103: IP68\u00a0<\/strong><\/li>\n<li class=\"p1\"><strong>Baterie: litiu-polimer 300 mAh\u00a0<\/strong><\/li>\n<li class=\"p1\"><strong>Timp de lucru: 5-7 zile, timp de a\u0219teptare p\u00e2n\u0103 la 30 de zile\u00a0<\/strong><\/li>\n<li class=\"p1\"><strong>Func\u021bii: pedometru, ritm cardiac, somn, oxigen din s\u00e2nge, tensiune arterial\u0103, notific\u0103ri, control prin gesturi, apeluri de pe ceas\u00a0<\/strong><\/li>\n<li class=\"p1\"><strong>Material carcas\u0103: o\u021bel inoxidabil + aliaj de zinc, curea din silicon\u00a0<\/strong><\/li>\n<li class=\"p1\"><strong>Produc\u0103tor: XO\u00a0<\/strong><\/li>\n<\/ul>\n<p><strong><span class=\"s1\">Confirmat: <\/span><a href=\"https:\/\/www.xophoneaccessories.com\/xo-smart-watch\/xo-j4-smart-sports-talking-watch.html\" target=\"_blank\" rel=\"noopener\">https:\/\/www.xophoneaccessories.com\/xo-smart-watch\/xo-j4-smart-sports-talking-watch.html<\/a><\/strong><\/p>","protected":false},"excerpt":{"rendered":"<p><strong><em>XO J4 combin\u0103 stilul \u0219i func\u021bionalitatea: un ecran AMOLED, protec\u021bie IP68, multiple moduri de fitness \u0219i posibilitatea de a efectua apeluri direct de pe ceas.<\/em><\/strong><\/p>","protected":false},"featured_media":9671,"template":"","meta":{"_acf_changed":false},"product_brand":[301],"product_cat":[236],"product_tag":[951,952,293,291],"class_list":{"0":"post-9669","1":"product","2":"type-product","3":"status-publish","4":"has-post-thumbnail","6":"product_brand-xo","7":"product_cat-smart-watch","8":"product_tag-bluetooth-","9":"product_tag-952","10":"product_tag-293","11":"product_tag-291","13":"first","14":"instock","15":"taxable","16":"shipping-taxable","17":"purchasable","18":"product-type-simple","19":"add-to-wishlist-after_add_to_cart"},"acf":[],"jetpack_sharing_enabled":true,"_links":{"self":[{"href":"https:\/\/darvilais.md\/ro\/wp-json\/wp\/v2\/product\/9669","targetHints":{"allow":["GET"]}}],"collection":[{"href":"https:\/\/darvilais.md\/ro\/wp-json\/wp\/v2\/product"}],"about":[{"href":"https:\/\/darvilais.md\/ro\/wp-json\/wp\/v2\/types\/product"}],"wp:featuredmedia":[{"embeddable":true,"href":"https:\/\/darvilais.md\/ro\/wp-json\/wp\/v2\/media\/9671"}],"wp:attachment":[{"href":"https:\/\/darvilais.md\/ro\/wp-json\/wp\/v2\/media?parent=9669"}],"wp:term":[{"taxonomy":"product_brand","embeddable":true,"href":"https:\/\/darvilais.md\/ro\/wp-json\/wp\/v2\/product_brand?post=9669"},{"taxonomy":"product_cat","embeddable":true,"href":"https:\/\/darvilais.md\/ro\/wp-json\/wp\/v2\/product_cat?post=9669"},{"taxonomy":"product_tag","embeddable":true,"href":"https:\/\/darvilais.md\/ro\/wp-json\/wp\/v2\/product_tag?post=9669"}],"curies":[{"name":"wp","href":"https:\/\/api.w.org\/{rel}","templated":true}]}}