{"id":9640,"date":"2025-10-06T16:21:39","date_gmt":"2025-10-06T13:21:39","guid":{"rendered":"https:\/\/darvilais.md\/?post_type=product&#038;p=9640"},"modified":"2026-04-05T08:50:52","modified_gmt":"2026-04-05T05:50:52","slug":"xo-be50-lollipop-bluetooth-microphone","status":"publish","type":"product","link":"https:\/\/darvilais.md\/ro\/produs\/xo-be50-lollipop-bluetooth-microphone\/","title":{"rendered":"XO BE50"},"content":{"rendered":"<h2><strong>Microfon Bluetooth XO BE50 Lollipop\u00a0<\/strong><\/h2>\n<ul>\n<li class=\"p1\"><strong>Culoare: albastru, bej\u00a0<\/strong><\/li>\n<li class=\"p1\"><strong>Tip: Microfon karaoke Bluetooth\u00a0<\/strong><\/li>\n<li class=\"p1\"><strong>Bluetooth: versiunea 5.3 (2.4 GHz)\u00a0<\/strong><\/li>\n<li class=\"p1\"><strong>Putere: 5W nominal, p\u00e2n\u0103 la 7W v\u00e2rf\u00a0<\/strong><\/li>\n<li class=\"p1\"><strong>Baterie: 1200 mAh\u00a0<\/strong><\/li>\n<li class=\"p1\"><strong>Durata de via\u021b\u0103 a bateriei: ~3 ore (la volumul 80 %)\u00a0<\/strong><\/li>\n<li class=\"p1\"><strong>Timp de \u00eenc\u0103rcare: ~5 ore\u00a0<\/strong><\/li>\n<li class=\"p1\"><strong>Interfe\u021be: \u00eenc\u0103rcare USB-C, AUX 3,5 mm\u00a0<\/strong><\/li>\n<li class=\"p1\"><strong>Material: Plastic ABS\u00a0<\/strong><\/li>\n<li class=\"p1\"><strong>Dimensiune: 208 \u00d7 112 mm\u00a0<\/strong><\/li>\n<li class=\"p1\"><strong>Greutate: 297 g\u00a0<\/strong><\/li>\n<li class=\"p1\"><strong>Produc\u0103tor: XO\u00a0<\/strong><\/li>\n<\/ul>\n<p><strong><span class=\"s1\">Confirmat: <\/span><a href=\"https:\/\/www.instagram.com\/p\/C_17QXGRWwe\/?img_index=8\" target=\"_blank\" rel=\"noopener\">https:\/\/www.instagram.com\/p\/C_17QXGRWwe\/?img_index=8<\/a><\/strong><\/p>","protected":false},"excerpt":{"rendered":"<p><em><strong>XO BE50 Lollipop este un microfon karaoke Bluetooth compact cu o putere de 5W, suport AUX \u0219i o autonomie a bateriei de p\u00e2n\u0103 la 3 ore. Ideal pentru uz casnic.<\/strong><\/em><\/p>","protected":false},"featured_media":9644,"template":"","meta":{"_acf_changed":false},"product_brand":[301],"product_cat":[234],"product_tag":[947,461,946,948],"class_list":{"0":"post-9640","1":"product","2":"type-product","3":"status-publish","4":"has-post-thumbnail","6":"product_brand-xo","7":"product_cat-microphones","8":"product_tag-bluetooth-","9":"product_tag-461","10":"product_tag-946","11":"product_tag-948","13":"first","14":"instock","15":"taxable","16":"shipping-taxable","17":"purchasable","18":"product-type-variable","19":"add-to-wishlist-after_add_to_cart"},"acf":[],"jetpack_sharing_enabled":true,"_links":{"self":[{"href":"https:\/\/darvilais.md\/ro\/wp-json\/wp\/v2\/product\/9640","targetHints":{"allow":["GET"]}}],"collection":[{"href":"https:\/\/darvilais.md\/ro\/wp-json\/wp\/v2\/product"}],"about":[{"href":"https:\/\/darvilais.md\/ro\/wp-json\/wp\/v2\/types\/product"}],"wp:featuredmedia":[{"embeddable":true,"href":"https:\/\/darvilais.md\/ro\/wp-json\/wp\/v2\/media\/9644"}],"wp:attachment":[{"href":"https:\/\/darvilais.md\/ro\/wp-json\/wp\/v2\/media?parent=9640"}],"wp:term":[{"taxonomy":"product_brand","embeddable":true,"href":"https:\/\/darvilais.md\/ro\/wp-json\/wp\/v2\/product_brand?post=9640"},{"taxonomy":"product_cat","embeddable":true,"href":"https:\/\/darvilais.md\/ro\/wp-json\/wp\/v2\/product_cat?post=9640"},{"taxonomy":"product_tag","embeddable":true,"href":"https:\/\/darvilais.md\/ro\/wp-json\/wp\/v2\/product_tag?post=9640"}],"curies":[{"name":"wp","href":"https:\/\/api.w.org\/{rel}","templated":true}]}}