{"id":9596,"date":"2025-10-04T13:36:48","date_gmt":"2025-10-04T13:36:48","guid":{"rendered":"https:\/\/darvilais.md\/?post_type=product&#038;p=9596"},"modified":"2025-10-04T13:36:48","modified_gmt":"2025-10-04T13:36:48","slug":"wiwu-h3-clip-fun-wireless-speaker-blue","status":"publish","type":"product","link":"https:\/\/darvilais.md\/ro\/produs\/wiwu-h3-clip-fun-wireless-speaker-blue\/","title":{"rendered":"WiWU H3"},"content":{"rendered":"<h2><strong>Box\u0103 wireless portabil\u0103 WiWU H3 Clip Fun\u00a0<\/strong><\/h2>\n<ul>\n<li class=\"p1\"><strong>Culoare: albastru\u00a0<\/strong><\/li>\n<li class=\"p1\"><strong>Tip: difuzor Bluetooth portabil\u00a0<\/strong><\/li>\n<li class=\"p1\"><strong>Baterie: 18650 litiu-ion, 1800 mAh\u00a0<\/strong><\/li>\n<li class=\"p1\"><strong>Timp de redare: P\u00e2n\u0103 la 6 ore la volumul 70%\u00a0<\/strong><\/li>\n<li class=\"p1\"><strong>Bluetooth: versiunea 5.2\u00a0<\/strong><\/li>\n<li class=\"p1\"><strong>Interfe\u021be: Bluetooth, card TF, AUX, TWS\u00a0<\/strong><\/li>\n<li class=\"p1\"><strong>Protec\u021bie: IPX5 (rezistent la stropire)\u00a0<\/strong><\/li>\n<li class=\"p1\"><strong>Material: plastic + silicon + metal\u00a0<\/strong><\/li>\n<li class=\"p1\"><strong>Dimensiuni: 110 \u00d7 90 \u00d7 50 mm\u00a0<\/strong><\/li>\n<li class=\"p1\"><strong>Greutate: 158 g\u00a0<\/strong><\/li>\n<li class=\"p1\"><strong>Produc\u0103tor: WiWU\u00a0<\/strong><\/li>\n<\/ul>\n<p><strong><span class=\"s1\">Confirmat: <\/span><a href=\"https:\/\/www.wiwu.com\/wiwu-clip-fun-portable-wireless-speaker-h3.html\" target=\"_blank\" rel=\"noopener\">https:\/\/www.wiwu.com\/wiwu-clip-fun-portable-wireless-speaker-h3.html<\/a><\/strong><\/p>","protected":false},"excerpt":{"rendered":"<p><em><strong>WiWU H3 Clip Fun este o box\u0103 u\u0219oar\u0103 \u0219i portabil\u0103, cu o autonomie a bateriei de p\u00e2n\u0103 la 6 ore, suport TF\/AUX\/TWS \u0219i rezisten\u021b\u0103 la stropire. Este o alegere excelent\u0103 at\u00e2t pentru utilizare \u00een aer liber, c\u00e2t \u0219i pentru utilizarea de zi cu zi.<\/strong><\/em><\/p>","protected":false},"featured_media":9598,"template":"","meta":{"_acf_changed":false},"product_brand":[307],"product_cat":[235],"product_tag":[897,936,935,446],"class_list":{"0":"post-9596","1":"product","2":"type-product","3":"status-publish","4":"has-post-thumbnail","6":"product_brand-wiwu","7":"product_cat-speakers","8":"product_tag-bluetooth-","9":"product_tag-936","10":"product_tag-935","11":"product_tag-446","13":"first","14":"instock","15":"taxable","16":"shipping-taxable","17":"purchasable","18":"product-type-simple","19":"add-to-wishlist-after_add_to_cart"},"acf":[],"jetpack_sharing_enabled":true,"_links":{"self":[{"href":"https:\/\/darvilais.md\/ro\/wp-json\/wp\/v2\/product\/9596","targetHints":{"allow":["GET"]}}],"collection":[{"href":"https:\/\/darvilais.md\/ro\/wp-json\/wp\/v2\/product"}],"about":[{"href":"https:\/\/darvilais.md\/ro\/wp-json\/wp\/v2\/types\/product"}],"wp:featuredmedia":[{"embeddable":true,"href":"https:\/\/darvilais.md\/ro\/wp-json\/wp\/v2\/media\/9598"}],"wp:attachment":[{"href":"https:\/\/darvilais.md\/ro\/wp-json\/wp\/v2\/media?parent=9596"}],"wp:term":[{"taxonomy":"product_brand","embeddable":true,"href":"https:\/\/darvilais.md\/ro\/wp-json\/wp\/v2\/product_brand?post=9596"},{"taxonomy":"product_cat","embeddable":true,"href":"https:\/\/darvilais.md\/ro\/wp-json\/wp\/v2\/product_cat?post=9596"},{"taxonomy":"product_tag","embeddable":true,"href":"https:\/\/darvilais.md\/ro\/wp-json\/wp\/v2\/product_tag?post=9596"}],"curies":[{"name":"wp","href":"https:\/\/api.w.org\/{rel}","templated":true}]}}