{"id":9588,"date":"2025-10-04T13:24:35","date_gmt":"2025-10-04T13:24:35","guid":{"rendered":"https:\/\/darvilais.md\/?post_type=product&#038;p=9588"},"modified":"2025-10-04T13:24:35","modified_gmt":"2025-10-04T13:24:35","slug":"hoco-ha3-drum-bluetooth-speaker-50w-black","status":"publish","type":"product","link":"https:\/\/darvilais.md\/ro\/produs\/hoco-ha3-drum-bluetooth-speaker-50w-black\/","title":{"rendered":"Hoco HA3"},"content":{"rendered":"<h2><strong>Box\u0103 Bluetooth pentru exterior Hoco HA3 Drum\u00a0<\/strong><\/h2>\n<ul>\n<li class=\"p1\"><strong>Culoare: negru\u00a0<\/strong><\/li>\n<li class=\"p1\"><strong>Tip: difuzor portabil de exterior\u00a0<\/strong><\/li>\n<li class=\"p1\"><strong>Putere: 2\u00d720W + 10W\u00a0<\/strong><\/li>\n<li class=\"p1\"><strong>Baterie: 4000 mAh\u00a0<\/strong><\/li>\n<li class=\"p1\"><strong>Timp de func\u021bionare: p\u00e2n\u0103 la 5 ore\u00a0<\/strong><\/li>\n<li class=\"p1\"><strong>Timp de \u00eenc\u0103rcare: aproximativ 6 ore\u00a0<\/strong><\/li>\n<li class=\"p1\"><strong>Bluetooth: versiunea 5.0\u00a0<\/strong><\/li>\n<li class=\"p1\"><strong>Interfe\u021be: Bluetooth, card TF \u226432GB, disc USB \u226432GB, AUX, TWS\u00a0<\/strong><\/li>\n<li class=\"p1\"><strong>Caracteristici: microfon cu fir, m\u00e2ner de transport\u00a0<\/strong><\/li>\n<li class=\"p1\"><strong>Dimensiuni: 360 \u00d7 158 \u00d7 180 mm\u00a0<\/strong><\/li>\n<li class=\"p1\"><strong>Greutate: 2,45 kg\u00a0<\/strong><\/li>\n<li class=\"p1\"><strong>Producator: Hoco\u00a0<\/strong><\/li>\n<\/ul>\n<p><strong><span class=\"s1\">Confirmat: <\/span><a href=\"https:\/\/hocotech.com\/product\/audio\/wireless-speakers\/wireless-speaker-ha3-drum-portable-loudspeaker\/\" target=\"_blank\" rel=\"noopener\">https:\/\/hocotech.com\/product\/audio\/wireless-speakers\/wireless-speaker-ha3-drum-portable-loudspeaker\/<\/a><\/strong><\/p>","protected":false},"excerpt":{"rendered":"<p><strong><em>Toba Hoco HA3 produce un sunet de 50W, este compatibil\u0103 cu TF\/USB\/AUX \u0219i este echipat\u0103 cu microfon. Ideal\u0103 pentru petreceri \u00een aer liber.<\/em><\/strong><\/p>","protected":false},"featured_media":9591,"template":"","meta":{"_acf_changed":false},"product_brand":[286],"product_cat":[235],"product_tag":[897,934,446,455],"class_list":{"0":"post-9588","1":"product","2":"type-product","3":"status-publish","4":"has-post-thumbnail","6":"product_brand-hoco","7":"product_cat-speakers","8":"product_tag-bluetooth-","9":"product_tag--50w","10":"product_tag-446","11":"product_tag-455","13":"first","14":"instock","15":"sale","16":"taxable","17":"shipping-taxable","18":"purchasable","19":"product-type-simple","20":"add-to-wishlist-after_add_to_cart"},"acf":[],"jetpack_sharing_enabled":true,"_links":{"self":[{"href":"https:\/\/darvilais.md\/ro\/wp-json\/wp\/v2\/product\/9588","targetHints":{"allow":["GET"]}}],"collection":[{"href":"https:\/\/darvilais.md\/ro\/wp-json\/wp\/v2\/product"}],"about":[{"href":"https:\/\/darvilais.md\/ro\/wp-json\/wp\/v2\/types\/product"}],"wp:featuredmedia":[{"embeddable":true,"href":"https:\/\/darvilais.md\/ro\/wp-json\/wp\/v2\/media\/9591"}],"wp:attachment":[{"href":"https:\/\/darvilais.md\/ro\/wp-json\/wp\/v2\/media?parent=9588"}],"wp:term":[{"taxonomy":"product_brand","embeddable":true,"href":"https:\/\/darvilais.md\/ro\/wp-json\/wp\/v2\/product_brand?post=9588"},{"taxonomy":"product_cat","embeddable":true,"href":"https:\/\/darvilais.md\/ro\/wp-json\/wp\/v2\/product_cat?post=9588"},{"taxonomy":"product_tag","embeddable":true,"href":"https:\/\/darvilais.md\/ro\/wp-json\/wp\/v2\/product_tag?post=9588"}],"curies":[{"name":"wp","href":"https:\/\/api.w.org\/{rel}","templated":true}]}}