{"id":9528,"date":"2025-10-01T14:08:27","date_gmt":"2025-10-01T14:08:27","guid":{"rendered":"https:\/\/darvilais.md\/?post_type=product&#038;p=9528"},"modified":"2025-10-01T14:08:27","modified_gmt":"2025-10-01T14:08:27","slug":"hoco-ds60-colorful-light-bluetooth-speaker","status":"publish","type":"product","link":"https:\/\/darvilais.md\/ro\/produs\/hoco-ds60-colorful-light-bluetooth-speaker\/","title":{"rendered":"Hoco DS60"},"content":{"rendered":"<h2><strong>Hoco DS60 Box\u0103 Bluetooth mecanic\u0103\u00a0<\/strong><\/h2>\n<ul>\n<li class=\"p1\"><strong>Culoare: negru\u00a0<\/strong><\/li>\n<li class=\"p1\"><strong>Tip: difuzor Bluetooth portabil\u00a0<\/strong><\/li>\n<li class=\"p1\"><strong>Putere: 2\u00d73W\u00a0<\/strong><\/li>\n<li class=\"p1\"><strong>Baterie: 1200 mAh\u00a0<\/strong><\/li>\n<li class=\"p1\"><strong>Timp de func\u021bionare: p\u00e2n\u0103 la 2,5 ore\u00a0<\/strong><\/li>\n<li class=\"p1\"><strong>Timp de \u00eenc\u0103rcare: ~1,5 ore\u00a0<\/strong><\/li>\n<li class=\"p1\"><strong>Bluetooth: versiunea 5.0\u00a0<\/strong><\/li>\n<li class=\"p1\"><strong>Interfe\u021be: Bluetooth, card TF, USB tip C, TWS\u00a0<\/strong><\/li>\n<li class=\"p1\"><strong>Material: Plastic ABS\u00a0<\/strong><\/li>\n<li class=\"p1\"><strong>Dimensiuni: 166 \u00d7 66 \u00d7 60 mm\u00a0<\/strong><\/li>\n<li class=\"p1\"><strong>Greutate: 390 g\u00a0<\/strong><\/li>\n<li class=\"p1\"><strong>Producator: Hoco<\/strong><\/li>\n<\/ul>","protected":false},"excerpt":{"rendered":"<p><em><strong>Boxa compact\u0103 Hoco DS60 Mechanic produce un sunet de 6W, func\u021bioneaz\u0103 aproximativ 2,5 ore, dispune de iluminare ambiental\u0103 colorat\u0103 \u0219i este compatibil\u0103 cu TF\/USB-C\/TWS.<\/strong><\/em><\/p>","protected":false},"featured_media":9533,"template":"","meta":{"_acf_changed":false},"product_brand":[286],"product_cat":[235],"product_tag":[920,897,446,919],"class_list":{"0":"post-9528","1":"product","2":"type-product","3":"status-publish","4":"has-post-thumbnail","6":"product_brand-hoco","7":"product_cat-speakers","8":"product_tag-6w-","9":"product_tag-bluetooth-","10":"product_tag-446","11":"product_tag-919","13":"first","14":"instock","15":"sale","16":"taxable","17":"shipping-taxable","18":"purchasable","19":"product-type-simple","20":"add-to-wishlist-after_add_to_cart"},"acf":[],"jetpack_sharing_enabled":true,"_links":{"self":[{"href":"https:\/\/darvilais.md\/ro\/wp-json\/wp\/v2\/product\/9528","targetHints":{"allow":["GET"]}}],"collection":[{"href":"https:\/\/darvilais.md\/ro\/wp-json\/wp\/v2\/product"}],"about":[{"href":"https:\/\/darvilais.md\/ro\/wp-json\/wp\/v2\/types\/product"}],"wp:featuredmedia":[{"embeddable":true,"href":"https:\/\/darvilais.md\/ro\/wp-json\/wp\/v2\/media\/9533"}],"wp:attachment":[{"href":"https:\/\/darvilais.md\/ro\/wp-json\/wp\/v2\/media?parent=9528"}],"wp:term":[{"taxonomy":"product_brand","embeddable":true,"href":"https:\/\/darvilais.md\/ro\/wp-json\/wp\/v2\/product_brand?post=9528"},{"taxonomy":"product_cat","embeddable":true,"href":"https:\/\/darvilais.md\/ro\/wp-json\/wp\/v2\/product_cat?post=9528"},{"taxonomy":"product_tag","embeddable":true,"href":"https:\/\/darvilais.md\/ro\/wp-json\/wp\/v2\/product_tag?post=9528"}],"curies":[{"name":"wp","href":"https:\/\/api.w.org\/{rel}","templated":true}]}}