{"id":9523,"date":"2025-10-01T14:01:45","date_gmt":"2025-10-01T14:01:45","guid":{"rendered":"https:\/\/darvilais.md\/?post_type=product&#038;p=9523"},"modified":"2025-10-01T14:01:45","modified_gmt":"2025-10-01T14:01:45","slug":"hoco-ds31-rgb-bluetooth-speaker-6w-black","status":"publish","type":"product","link":"https:\/\/darvilais.md\/ro\/produs\/hoco-ds31-rgb-bluetooth-speaker-6w-black\/","title":{"rendered":"Hoco DS31"},"content":{"rendered":"<h2><strong>Difuzor Hoco DS31 Sound Blaster Glaring\u00a0<\/strong><\/h2>\n<ul>\n<li class=\"p1\"><strong>Culoare: negru\u00a0<\/strong><\/li>\n<li class=\"p1\"><strong>Tip: difuzor Bluetooth portabil\u00a0<\/strong><\/li>\n<li class=\"p1\"><strong>Putere: 6W (2\u00d73W)\u00a0<\/strong><\/li>\n<li class=\"p1\"><strong>Baterie: 500 mAh\u00a0<\/strong><\/li>\n<li class=\"p1\"><strong>Bluetooth: versiunea 5.0\u00a0<\/strong><\/li>\n<li class=\"p1\"><strong>Interfe\u021be: card TF, AUX, Bluetooth\u00a0<\/strong><\/li>\n<li class=\"p1\"><strong>Material: Plastic ABS\u00a0<\/strong><\/li>\n<li class=\"p1\"><strong>Dimensiuni: 280 \u00d7 45 \u00d7 60 mm\u00a0<\/strong><\/li>\n<li class=\"p1\"><strong>Greutate: 400 g\u00a0<\/strong><\/li>\n<li class=\"p1\"><strong>Iluminare de fundal: RGB tip fagure de miere\u00a0<\/strong><\/li>\n<li class=\"p1\"><strong>Producator: Hoco<\/strong><\/li>\n<\/ul>","protected":false},"excerpt":{"rendered":"<p><em><strong>Boxa Bluetooth compact\u0103 Hoco DS31 ofer\u0103 o putere de 6W, iluminare RGB \u0219i suport TF\/AUX. Este o alegere excelent\u0103 at\u00e2t pentru utilizare acas\u0103, c\u00e2t \u0219i \u00een aer liber.<\/strong><\/em><\/p>","protected":false},"featured_media":9527,"template":"","meta":{"_acf_changed":false},"product_brand":[286],"product_cat":[235],"product_tag":[897,586,918,446],"class_list":{"0":"post-9523","1":"product","2":"type-product","3":"status-publish","4":"has-post-thumbnail","6":"product_brand-hoco","7":"product_cat-speakers","8":"product_tag-bluetooth-","9":"product_tag-rgb-","10":"product_tag--6w","11":"product_tag-446","13":"first","14":"instock","15":"sale","16":"taxable","17":"shipping-taxable","18":"purchasable","19":"product-type-simple","20":"add-to-wishlist-after_add_to_cart"},"acf":[],"jetpack_sharing_enabled":true,"_links":{"self":[{"href":"https:\/\/darvilais.md\/ro\/wp-json\/wp\/v2\/product\/9523","targetHints":{"allow":["GET"]}}],"collection":[{"href":"https:\/\/darvilais.md\/ro\/wp-json\/wp\/v2\/product"}],"about":[{"href":"https:\/\/darvilais.md\/ro\/wp-json\/wp\/v2\/types\/product"}],"wp:featuredmedia":[{"embeddable":true,"href":"https:\/\/darvilais.md\/ro\/wp-json\/wp\/v2\/media\/9527"}],"wp:attachment":[{"href":"https:\/\/darvilais.md\/ro\/wp-json\/wp\/v2\/media?parent=9523"}],"wp:term":[{"taxonomy":"product_brand","embeddable":true,"href":"https:\/\/darvilais.md\/ro\/wp-json\/wp\/v2\/product_brand?post=9523"},{"taxonomy":"product_cat","embeddable":true,"href":"https:\/\/darvilais.md\/ro\/wp-json\/wp\/v2\/product_cat?post=9523"},{"taxonomy":"product_tag","embeddable":true,"href":"https:\/\/darvilais.md\/ro\/wp-json\/wp\/v2\/product_tag?post=9523"}],"curies":[{"name":"wp","href":"https:\/\/api.w.org\/{rel}","templated":true}]}}