{"id":9516,"date":"2025-10-01T16:56:01","date_gmt":"2025-10-01T13:56:01","guid":{"rendered":"https:\/\/darvilais.md\/?post_type=product&#038;p=9516"},"modified":"2026-05-14T07:22:27","modified_gmt":"2026-05-14T04:22:27","slug":"hoco-ha8-bluetooth-karaoke-speaker-40w-black","status":"publish","type":"product","link":"https:\/\/darvilais.md\/ro\/produs\/hoco-ha8-bluetooth-karaoke-speaker-40w-black\/","title":{"rendered":"Hoco HA8"},"content":{"rendered":"<h2><strong>Box\u0103 Bluetooth de exterior Hoco HA8 Ave cu dou\u0103 microfoane\u00a0<\/strong><\/h2>\n<ul>\n<li class=\"p1\"><strong>Culoare: negru\u00a0<\/strong><\/li>\n<li class=\"p1\"><strong>Tip: Box\u0103 karaoke Bluetooth portabil\u0103\u00a0<\/strong><\/li>\n<li class=\"p1\"><strong>Putere: nominal\u0103 35W, v\u00e2rf p\u00e2n\u0103 la 40W\u00a0<\/strong><\/li>\n<li class=\"p1\"><strong>Baterie: 2 x 3000mAh\u00a0<\/strong><\/li>\n<li class=\"p1\"><strong>Timp de func\u021bionare: p\u00e2n\u0103 la 6 ore (volum 70%)\u00a0<\/strong><\/li>\n<li class=\"p1\"><strong>\u00cenc\u0103rcare: \u22484 ore prin Type-C\u00a0<\/strong><\/li>\n<li class=\"p1\"><strong>Interfe\u021be: Bluetooth 5.4, card TF de p\u00e2n\u0103 la 32 GB, unitate flash USB, AUX\u00a0<\/strong><\/li>\n<li class=\"p1\"><strong>Caracteristici: iluminare de fundal RGB, carcas\u0103 din lemn cu design vintage\u00a0<\/strong><\/li>\n<li class=\"p1\"><strong>Producator: Hoco\u00a0<\/strong><\/li>\n<\/ul>\n<p><strong><span class=\"s1\">Confirmat: <\/span><a href=\"https:\/\/hocotech.com\/product\/audio\/wireless-speakers\/wireless-speaker-ha8-ave-portable-loudspeaker\/\" target=\"_blank\" rel=\"noopener\">https:\/\/hocotech.com\/product\/audio\/wireless-speakers\/wireless-speaker-ha8-ave-portable-loudspeaker\/<\/a><\/strong><\/p>","protected":false},"excerpt":{"rendered":"<p><em><strong>Boxa Hoco HA8 Ave ofer\u0103 un sunet puternic de 40W, dou\u0103 microfoane wireless \u0219i iluminare RGB \u00eentr-un design vintage elegant. Perfect\u0103 pentru petreceri \u0219i utilizare \u00een aer liber.<\/strong><\/em><\/p>","protected":false},"featured_media":9518,"template":"","meta":{"_acf_changed":false},"product_brand":[286],"product_cat":[235],"product_tag":[917,586,896,446],"class_list":{"0":"post-9516","1":"product","2":"type-product","3":"status-publish","4":"has-post-thumbnail","6":"product_brand-hoco","7":"product_cat-speakers","8":"product_tag-40w-","9":"product_tag-rgb-","10":"product_tag-896","11":"product_tag-446","13":"first","14":"instock","15":"taxable","16":"shipping-taxable","17":"purchasable","18":"product-type-simple","19":"add-to-wishlist-after_add_to_cart"},"acf":[],"jetpack_sharing_enabled":true,"_links":{"self":[{"href":"https:\/\/darvilais.md\/ro\/wp-json\/wp\/v2\/product\/9516","targetHints":{"allow":["GET"]}}],"collection":[{"href":"https:\/\/darvilais.md\/ro\/wp-json\/wp\/v2\/product"}],"about":[{"href":"https:\/\/darvilais.md\/ro\/wp-json\/wp\/v2\/types\/product"}],"wp:featuredmedia":[{"embeddable":true,"href":"https:\/\/darvilais.md\/ro\/wp-json\/wp\/v2\/media\/9518"}],"wp:attachment":[{"href":"https:\/\/darvilais.md\/ro\/wp-json\/wp\/v2\/media?parent=9516"}],"wp:term":[{"taxonomy":"product_brand","embeddable":true,"href":"https:\/\/darvilais.md\/ro\/wp-json\/wp\/v2\/product_brand?post=9516"},{"taxonomy":"product_cat","embeddable":true,"href":"https:\/\/darvilais.md\/ro\/wp-json\/wp\/v2\/product_cat?post=9516"},{"taxonomy":"product_tag","embeddable":true,"href":"https:\/\/darvilais.md\/ro\/wp-json\/wp\/v2\/product_tag?post=9516"}],"curies":[{"name":"wp","href":"https:\/\/api.w.org\/{rel}","templated":true}]}}