{"id":9508,"date":"2025-10-01T13:51:12","date_gmt":"2025-10-01T13:51:12","guid":{"rendered":"https:\/\/darvilais.md\/?post_type=product&#038;p=9508"},"modified":"2025-10-01T13:51:12","modified_gmt":"2025-10-01T13:51:12","slug":"xo-f57-pro-portable-soundbar-30w-bluetooth","status":"publish","type":"product","link":"https:\/\/darvilais.md\/ro\/produs\/xo-f57-pro-portable-soundbar-30w-bluetooth\/","title":{"rendered":"XO F57 PRO"},"content":{"rendered":"<h2><strong>Bar\u0103 sonor\u0103 portabil\u0103 pentru exterior XO F57 PRO 30W\u00a0<\/strong><\/h2>\n<ul>\n<li class=\"p1\"><strong>Culoare: negru, portocaliu\u00a0<\/strong><\/li>\n<li class=\"p1\"><strong>Tip: difuzor portabil cu soundbar Bluetooth\u00a0<\/strong><\/li>\n<li class=\"p1\"><strong>Putere: 30W total\u0103\u00a0<\/strong><\/li>\n<li class=\"p1\"><strong>Baterie: 1800mAh \u00d73 (\u224811.1V)\u00a0<\/strong><\/li>\n<li class=\"p1\"><strong>Bluetooth: versiunea 5.3\u00a0<\/strong><\/li>\n<li class=\"p1\"><strong>Interfe\u021be: USB, TF, AUX, TWS\u00a0<\/strong><\/li>\n<li class=\"p1\"><strong>Timp de func\u021bionare: p\u00e2n\u0103 la 8-15 ore (\u00een func\u021bie de volum)\u00a0<\/strong><\/li>\n<li class=\"p1\"><strong>Dimensiuni: 228 \u00d7 97 \u00d7 107 mm\u00a0<\/strong><\/li>\n<li class=\"p1\"><strong>Greutate: ~1,1 kg\u00a0<\/strong><\/li>\n<li class=\"p1\"><strong>Produc\u0103tor: XO<\/strong><\/li>\n<\/ul>","protected":false},"excerpt":{"rendered":"<p><em><strong>C\u0103\u0219tile XO F57 PRO ofer\u0103 un sunet puternic de 30W, Bluetooth 5.3, interfe\u021be USB\/TF\/AUX \u0219i suport TWS. Ideale pentru activit\u0103\u021bi \u00een aer liber \u0219i petreceri.<\/strong><\/em><\/p>","protected":false},"featured_media":9509,"template":"","meta":{"_acf_changed":false},"product_brand":[301],"product_cat":[235],"product_tag":[904,915,446,916],"class_list":{"0":"post-9508","1":"product","2":"type-product","3":"status-publish","4":"has-post-thumbnail","6":"product_brand-xo","7":"product_cat-speakers","8":"product_tag-30w-","9":"product_tag-bluetooth-soundbar","10":"product_tag-446","11":"product_tag-916","13":"first","14":"instock","15":"sale","16":"taxable","17":"shipping-taxable","18":"purchasable","19":"product-type-simple","20":"add-to-wishlist-after_add_to_cart"},"acf":[],"jetpack_sharing_enabled":true,"_links":{"self":[{"href":"https:\/\/darvilais.md\/ro\/wp-json\/wp\/v2\/product\/9508","targetHints":{"allow":["GET"]}}],"collection":[{"href":"https:\/\/darvilais.md\/ro\/wp-json\/wp\/v2\/product"}],"about":[{"href":"https:\/\/darvilais.md\/ro\/wp-json\/wp\/v2\/types\/product"}],"wp:featuredmedia":[{"embeddable":true,"href":"https:\/\/darvilais.md\/ro\/wp-json\/wp\/v2\/media\/9509"}],"wp:attachment":[{"href":"https:\/\/darvilais.md\/ro\/wp-json\/wp\/v2\/media?parent=9508"}],"wp:term":[{"taxonomy":"product_brand","embeddable":true,"href":"https:\/\/darvilais.md\/ro\/wp-json\/wp\/v2\/product_brand?post=9508"},{"taxonomy":"product_cat","embeddable":true,"href":"https:\/\/darvilais.md\/ro\/wp-json\/wp\/v2\/product_cat?post=9508"},{"taxonomy":"product_tag","embeddable":true,"href":"https:\/\/darvilais.md\/ro\/wp-json\/wp\/v2\/product_tag?post=9508"}],"curies":[{"name":"wp","href":"https:\/\/api.w.org\/{rel}","templated":true}]}}