{"id":9473,"date":"2025-10-01T12:32:59","date_gmt":"2025-10-01T12:32:59","guid":{"rendered":"https:\/\/darvilais.md\/?post_type=product&#038;p=9473"},"modified":"2025-10-01T12:32:59","modified_gmt":"2025-10-01T12:32:59","slug":"hoco-bs65-pearl-retro-bluetooth-speaker-30w","status":"publish","type":"product","link":"https:\/\/darvilais.md\/ro\/produs\/hoco-bs65-pearl-retro-bluetooth-speaker-30w\/","title":{"rendered":"Hoco BS65"},"content":{"rendered":"<h2><strong>Box\u0103 Bluetooth retro Hoco BS65 Pearl Sound pentru desktop\u00a0<\/strong><\/h2>\n<ul>\n<li class=\"p1\"><strong>Culoare: negru\u00a0<\/strong><\/li>\n<li class=\"p1\"><strong>Tip: Box\u0103 Bluetooth pentru desktop \u00een stil retro\u00a0<\/strong><\/li>\n<li class=\"p1\"><strong>Baterie: 2600 mAh\u00a0<\/strong><\/li>\n<li class=\"p1\"><strong>Timp de func\u021bionare: p\u00e2n\u0103 la 10 ore\u00a0<\/strong><\/li>\n<li class=\"p1\"><strong>Timp de \u00eenc\u0103rcare: 3-4 ore\u00a0<\/strong><\/li>\n<li class=\"p1\"><strong>Interfe\u021be: Bluetooth 5.4, AUX, card TF, USB\u00a0<\/strong><\/li>\n<li class=\"p1\"><strong>Putere: 30W (20W + 10W)\u00a0<\/strong><\/li>\n<li class=\"p1\"><strong>Material: Plastic ABS\u00a0<\/strong><\/li>\n<li class=\"p1\"><strong>Dimensiuni: 200 \u00d7 130 \u00d7 150 mm\u00a0<\/strong><\/li>\n<li class=\"p1\"><strong>Greutate: 1,56 kg\u00a0<\/strong><\/li>\n<li class=\"p1\"><strong>Producator: Hoco\u00a0<\/strong><\/li>\n<\/ul>\n<p><strong><span class=\"s1\">Confirmat: <\/span><a href=\"https:\/\/hocotech.com\/product\/audio\/wireless-speakers\/wireless-speaker-bs65-pearl-sound-portable-loudspeaker\/\" target=\"_blank\" rel=\"noopener\">https:\/\/hocotech.com\/product\/audio\/wireless-speakers\/wireless-speaker-bs65-pearl-sound-portable-loudspeaker\/<\/a><\/strong><\/p>","protected":false},"excerpt":{"rendered":"<p><em><strong>Boxa Hoco BS65 Pearl combin\u0103 designul retro cu caracteristici moderne: Bluetooth 5.4, putere de 30W \u0219i o autonomie a bateriei de p\u00e2n\u0103 la 10 ore. Arat\u0103 grozav pe birou.<\/strong><\/em><\/p>","protected":false},"featured_media":9477,"template":"","meta":{"_acf_changed":false},"product_brand":[286],"product_cat":[235],"product_tag":[904,897,902,903],"class_list":{"0":"post-9473","1":"product","2":"type-product","3":"status-publish","4":"has-post-thumbnail","6":"product_brand-hoco","7":"product_cat-speakers","8":"product_tag-30w-","9":"product_tag-bluetooth-","10":"product_tag-902","11":"product_tag-903","13":"first","14":"instock","15":"sale","16":"taxable","17":"shipping-taxable","18":"purchasable","19":"product-type-simple","20":"add-to-wishlist-after_add_to_cart"},"acf":[],"jetpack_sharing_enabled":true,"_links":{"self":[{"href":"https:\/\/darvilais.md\/ro\/wp-json\/wp\/v2\/product\/9473","targetHints":{"allow":["GET"]}}],"collection":[{"href":"https:\/\/darvilais.md\/ro\/wp-json\/wp\/v2\/product"}],"about":[{"href":"https:\/\/darvilais.md\/ro\/wp-json\/wp\/v2\/types\/product"}],"wp:featuredmedia":[{"embeddable":true,"href":"https:\/\/darvilais.md\/ro\/wp-json\/wp\/v2\/media\/9477"}],"wp:attachment":[{"href":"https:\/\/darvilais.md\/ro\/wp-json\/wp\/v2\/media?parent=9473"}],"wp:term":[{"taxonomy":"product_brand","embeddable":true,"href":"https:\/\/darvilais.md\/ro\/wp-json\/wp\/v2\/product_brand?post=9473"},{"taxonomy":"product_cat","embeddable":true,"href":"https:\/\/darvilais.md\/ro\/wp-json\/wp\/v2\/product_cat?post=9473"},{"taxonomy":"product_tag","embeddable":true,"href":"https:\/\/darvilais.md\/ro\/wp-json\/wp\/v2\/product_tag?post=9473"}],"curies":[{"name":"wp","href":"https:\/\/api.w.org\/{rel}","templated":true}]}}