{"id":9456,"date":"2025-09-30T16:31:36","date_gmt":"2025-09-30T16:31:36","guid":{"rendered":"https:\/\/darvilais.md\/?post_type=product&#038;p=9456"},"modified":"2025-09-30T16:31:36","modified_gmt":"2025-09-30T16:31:36","slug":"wiwu-h9","status":"publish","type":"product","link":"https:\/\/darvilais.md\/ro\/produs\/wiwu-h9\/","title":{"rendered":"WiWU H9"},"content":{"rendered":"<p><strong>Difuzor wireless WiWU H9 Thunder\u00a0<\/strong><\/p>\n<ul>\n<li class=\"p1\"><strong>Culoare: albastru\u00a0<\/strong><\/li>\n<li class=\"p1\"><strong>Tip: difuzor Bluetooth portabil\u00a0<\/strong><\/li>\n<li class=\"p1\"><strong>Baterie: 7V, 1500 mAh\u00a0<\/strong><\/li>\n<li class=\"p1\"><strong>Timp de redare a muzicii: 6 ore\u00a0<\/strong><\/li>\n<li class=\"p1\"><strong>Timp de convorbire: 8 ore\u00a0<\/strong><\/li>\n<li class=\"p1\"><strong>Timp de a\u0219teptare: 450 de ore\u00a0<\/strong><\/li>\n<li class=\"p1\"><strong>Intrare de \u00eenc\u0103rcare: Tip C\u00a0<\/strong><\/li>\n<li class=\"p1\"><strong>Interfe\u021be: TF, USB, AUX\u00a0<\/strong><\/li>\n<li class=\"p1\"><strong>Bluetooth: versiunea 3, raz\u0103 de ac\u021biune 10 m\u00a0<\/strong><\/li>\n<li class=\"p1\"><strong>Dimensiuni: 123 \u00d7 127 \u00d7 160 mm\u00a0<\/strong><\/li>\n<li class=\"p1\"><strong>Greutate: 0,73 kg\u00a0<\/strong><\/li>\n<li class=\"p1\"><strong>Caracteristici: Suport TF\/USB\/AUX, portabil, compact\u00a0<\/strong><\/li>\n<li class=\"p1\"><strong>Produc\u0103tor: WiWU\u00a0<\/strong><\/li>\n<\/ul>\n<p><strong><span class=\"s1\">Confirmat: <\/span><a href=\"https:\/\/www.wiwu.com\/wiwu-thunder-wireless-speaker-h9.html\" target=\"_blank\" rel=\"noopener\">https:\/\/www.wiwu.com\/wiwu-thunder-wireless-speaker-h9.html<\/a><\/strong><\/p>","protected":false},"excerpt":{"rendered":"<p><em><strong>WiWU Thunder H9 este o box\u0103 wireless compact\u0103 cu intr\u0103ri TF, USB \u0219i AUX, oferind p\u00e2n\u0103 la 6 ore de redare. Este o alegere excelent\u0103 at\u00e2t pentru utilizare acas\u0103, c\u00e2t \u0219i \u00een aer liber.<\/strong><\/em><\/p>","protected":false},"featured_media":9459,"template":"","meta":{"_acf_changed":false},"product_brand":[307],"product_cat":[235],"product_tag":[897,899,898,446],"class_list":{"0":"post-9456","1":"product","2":"type-product","3":"status-publish","4":"has-post-thumbnail","6":"product_brand-wiwu","7":"product_cat-speakers","8":"product_tag-bluetooth-","9":"product_tag-tf-usb-aux","10":"product_tag-898","11":"product_tag-446","13":"first","14":"instock","15":"sale","16":"taxable","17":"shipping-taxable","18":"purchasable","19":"product-type-simple","20":"add-to-wishlist-after_add_to_cart"},"acf":[],"jetpack_sharing_enabled":true,"_links":{"self":[{"href":"https:\/\/darvilais.md\/ro\/wp-json\/wp\/v2\/product\/9456","targetHints":{"allow":["GET"]}}],"collection":[{"href":"https:\/\/darvilais.md\/ro\/wp-json\/wp\/v2\/product"}],"about":[{"href":"https:\/\/darvilais.md\/ro\/wp-json\/wp\/v2\/types\/product"}],"wp:featuredmedia":[{"embeddable":true,"href":"https:\/\/darvilais.md\/ro\/wp-json\/wp\/v2\/media\/9459"}],"wp:attachment":[{"href":"https:\/\/darvilais.md\/ro\/wp-json\/wp\/v2\/media?parent=9456"}],"wp:term":[{"taxonomy":"product_brand","embeddable":true,"href":"https:\/\/darvilais.md\/ro\/wp-json\/wp\/v2\/product_brand?post=9456"},{"taxonomy":"product_cat","embeddable":true,"href":"https:\/\/darvilais.md\/ro\/wp-json\/wp\/v2\/product_cat?post=9456"},{"taxonomy":"product_tag","embeddable":true,"href":"https:\/\/darvilais.md\/ro\/wp-json\/wp\/v2\/product_tag?post=9456"}],"curies":[{"name":"wp","href":"https:\/\/api.w.org\/{rel}","templated":true}]}}