{"id":9450,"date":"2025-09-30T16:18:11","date_gmt":"2025-09-30T16:18:11","guid":{"rendered":"https:\/\/darvilais.md\/?post_type=product&#038;p=9450"},"modified":"2025-09-30T16:18:11","modified_gmt":"2025-09-30T16:18:11","slug":"xo-f42-bluetooth-karaoke-speaker-rgb","status":"publish","type":"product","link":"https:\/\/darvilais.md\/ro\/produs\/xo-f42-bluetooth-karaoke-speaker-rgb\/","title":{"rendered":"XO F42"},"content":{"rendered":"<h2><strong>XO F42 Sistem stereo karaoke Bluetooth RGB orbitor\u00a0<\/strong><\/h2>\n<ul>\n<li class=\"p1\"><strong>Culoare: albastru\u00a0<\/strong><\/li>\n<li class=\"p1\"><strong>Tip: difuzor portabil cu microfon\u00a0<\/strong><\/li>\n<li class=\"p1\"><strong>Baterie: 1800 mAh\u00a0<\/strong><\/li>\n<li class=\"p1\"><strong>Putere: 10W\u00a0<\/strong><\/li>\n<li class=\"p1\"><strong>Timp de func\u021bionare: ~8 ore\u00a0<\/strong><\/li>\n<li class=\"p1\"><strong>Timp de \u00eenc\u0103rcare: ~3 ore\u00a0<\/strong><\/li>\n<li class=\"p1\"><strong>Bluetooth: V5.3, raz\u0103 de ac\u021biune ~10 m\u00a0<\/strong><\/li>\n<li class=\"p1\"><strong>Interfe\u021be: TF, USB, AUX\u00a0<\/strong><\/li>\n<li class=\"p1\"><strong>Material: ABS + acril\u00a0<\/strong><\/li>\n<li class=\"p1\"><strong>Dimensiuni: 112 \u00d7 78 \u00d7 113 mm\u00a0<\/strong><\/li>\n<li class=\"p1\"><strong>Greutate: 428 g\u00a0<\/strong><\/li>\n<li class=\"p1\"><strong>Caracteristici: iluminare de fundal RGB, mod karaoke, suport TF\/USB\/AUX\u00a0<\/strong><\/li>\n<li class=\"p1\"><strong>Produc\u0103tor: XO\u00a0<\/strong><\/li>\n<\/ul>\n<p><strong><span class=\"s1\">Confirmat: <\/span><a href=\"https:\/\/www.xophoneaccessories.com\/bluetooth-speaker\/xo-f42-dazzling-rgb-bluetooth-karaoke-stereo.html\" target=\"_blank\" rel=\"noopener\">https:\/\/www.xophoneaccessories.com\/bluetooth-speaker\/xo-f42-dazzling-rgb-bluetooth-karaoke-stereo.html<\/a><\/strong><\/p>","protected":false},"excerpt":{"rendered":"<p><strong><em>XO F42 este o box\u0103 compact\u0103 cu func\u021bii de karaoke, iluminare RGB \u0219i o autonomie a bateriei de p\u00e2n\u0103 la 8 ore. Ideal\u0103 pentru petreceri \u0219i karaoke acas\u0103.<\/em><\/strong><\/p>","protected":false},"featured_media":9455,"template":"","meta":{"_acf_changed":false},"product_brand":[301],"product_cat":[235],"product_tag":[447,586,896,895],"class_list":{"0":"post-9450","1":"product","2":"type-product","3":"status-publish","4":"has-post-thumbnail","6":"product_brand-xo","7":"product_cat-speakers","8":"product_tag-bluetooth-","9":"product_tag-rgb-","10":"product_tag-896","11":"product_tag-895","13":"first","14":"instock","15":"taxable","16":"shipping-taxable","17":"purchasable","18":"product-type-simple","19":"add-to-wishlist-after_add_to_cart"},"acf":[],"jetpack_sharing_enabled":true,"_links":{"self":[{"href":"https:\/\/darvilais.md\/ro\/wp-json\/wp\/v2\/product\/9450","targetHints":{"allow":["GET"]}}],"collection":[{"href":"https:\/\/darvilais.md\/ro\/wp-json\/wp\/v2\/product"}],"about":[{"href":"https:\/\/darvilais.md\/ro\/wp-json\/wp\/v2\/types\/product"}],"wp:featuredmedia":[{"embeddable":true,"href":"https:\/\/darvilais.md\/ro\/wp-json\/wp\/v2\/media\/9455"}],"wp:attachment":[{"href":"https:\/\/darvilais.md\/ro\/wp-json\/wp\/v2\/media?parent=9450"}],"wp:term":[{"taxonomy":"product_brand","embeddable":true,"href":"https:\/\/darvilais.md\/ro\/wp-json\/wp\/v2\/product_brand?post=9450"},{"taxonomy":"product_cat","embeddable":true,"href":"https:\/\/darvilais.md\/ro\/wp-json\/wp\/v2\/product_cat?post=9450"},{"taxonomy":"product_tag","embeddable":true,"href":"https:\/\/darvilais.md\/ro\/wp-json\/wp\/v2\/product_tag?post=9450"}],"curies":[{"name":"wp","href":"https:\/\/api.w.org\/{rel}","templated":true}]}}