{"id":9424,"date":"2025-09-30T14:20:00","date_gmt":"2025-09-30T14:20:00","guid":{"rendered":"https:\/\/darvilais.md\/?post_type=product&#038;p=9424"},"modified":"2025-09-30T14:20:00","modified_gmt":"2025-09-30T14:20:00","slug":"borofone-bc100-ingenioso-anti-lost-tracker","status":"publish","type":"product","link":"https:\/\/darvilais.md\/ro\/produs\/borofone-bc100-ingenioso-anti-lost-tracker\/","title":{"rendered":"Borofon BC100"},"content":{"rendered":"<h2><strong>Breloc inteligent Borofone BC100 Ingenioso Anti-Pierdere\u00a0<\/strong><\/h2>\n<ul>\n<li class=\"p1\"><strong>Culoare: alb\u00a0<\/strong><\/li>\n<li class=\"p1\"><strong>Tip: tracker de breloc pentru g\u0103sirea obiectelor\u00a0<\/strong><\/li>\n<li class=\"p1\"><strong>Compatibilitate: Apple Find My, iOS 14.5+\u00a0<\/strong><\/li>\n<li class=\"p1\"><strong>Baterie: CR2032, aproximativ 210 mAh, 9-12 luni de func\u021bionare\u00a0<\/strong><\/li>\n<li class=\"p1\"><strong>Material: Plastic ABS\u00a0<\/strong><\/li>\n<li class=\"p1\"><strong>Dimensiuni: aproximativ 38,5 x 32 x 9 mm\u00a0<\/strong><\/li>\n<li class=\"p1\"><strong>Greutate: ~7,5 g\u00a0<\/strong><\/li>\n<li class=\"p1\"><strong>Produc\u0103tor: Borofone<\/strong><\/li>\n<\/ul>","protected":false},"excerpt":{"rendered":"<p><em><strong>Brelocul compact Borofone BC100 Ingenioso faciliteaz\u0103 urm\u0103rirea cheilor sau a gen\u021bii prin intermediul aplica\u021biei Apple Find My. Bateria sa dureaz\u0103 p\u00e2n\u0103 la un an.<\/strong><\/em><\/p>","protected":false},"featured_media":9425,"template":"","meta":{"_acf_changed":false},"product_brand":[782],"product_cat":[245],"product_tag":[882,883,881,880],"class_list":{"0":"post-9424","1":"product","2":"type-product","3":"status-publish","4":"has-post-thumbnail","6":"product_brand-borofone","7":"product_cat-everyday-accessories","8":"product_tag-882","9":"product_tag--apple-find-my","10":"product_tag-881","11":"product_tag-880","13":"first","14":"instock","15":"sale","16":"taxable","17":"shipping-taxable","18":"purchasable","19":"product-type-simple","20":"add-to-wishlist-after_add_to_cart"},"acf":[],"jetpack_sharing_enabled":true,"_links":{"self":[{"href":"https:\/\/darvilais.md\/ro\/wp-json\/wp\/v2\/product\/9424","targetHints":{"allow":["GET"]}}],"collection":[{"href":"https:\/\/darvilais.md\/ro\/wp-json\/wp\/v2\/product"}],"about":[{"href":"https:\/\/darvilais.md\/ro\/wp-json\/wp\/v2\/types\/product"}],"wp:featuredmedia":[{"embeddable":true,"href":"https:\/\/darvilais.md\/ro\/wp-json\/wp\/v2\/media\/9425"}],"wp:attachment":[{"href":"https:\/\/darvilais.md\/ro\/wp-json\/wp\/v2\/media?parent=9424"}],"wp:term":[{"taxonomy":"product_brand","embeddable":true,"href":"https:\/\/darvilais.md\/ro\/wp-json\/wp\/v2\/product_brand?post=9424"},{"taxonomy":"product_cat","embeddable":true,"href":"https:\/\/darvilais.md\/ro\/wp-json\/wp\/v2\/product_cat?post=9424"},{"taxonomy":"product_tag","embeddable":true,"href":"https:\/\/darvilais.md\/ro\/wp-json\/wp\/v2\/product_tag?post=9424"}],"curies":[{"name":"wp","href":"https:\/\/api.w.org\/{rel}","templated":true}]}}