{"id":9393,"date":"2025-09-29T13:10:27","date_gmt":"2025-09-29T13:10:27","guid":{"rendered":"https:\/\/darvilais.md\/?post_type=product&#038;p=9393"},"modified":"2025-09-29T13:24:05","modified_gmt":"2025-09-29T13:24:05","slug":"hoco-cw6-pro-easy-15w-wireless-fast-charger","status":"publish","type":"product","link":"https:\/\/darvilais.md\/ro\/produs\/hoco-cw6-pro-easy-15w-wireless-fast-charger\/","title":{"rendered":"Hoco CW6"},"content":{"rendered":"<h2><strong>\u00cenc\u0103rc\u0103tor wireless rapid Hoco CW6 Pro Easy 15W<\/strong><\/h2>\n<ul>\n<li class=\"p1\"><strong>Culoare: alb, negru<\/strong><\/li>\n<li class=\"p1\"><strong>Tip: \u00eenc\u0103rcare wireless<\/strong><\/li>\n<li class=\"p1\"><strong>\u00cenc\u0103rcare: smartphone-uri de p\u00e2n\u0103 la 15W<\/strong><\/li>\n<li class=\"p1\"><strong>Material: ABS + silicon<\/strong><\/li>\n<li class=\"p1\"><strong>Caracteristici: dimensiuni compacte, protec\u021bie la supra\u00eenc\u0103lzire, design elegant<\/strong><\/li>\n<li class=\"p1\"><strong>Producator: Hoco<\/strong><\/li>\n<\/ul>\n<p><strong><span class=\"s1\">Confirmat: <\/span><a href=\"https:\/\/hocotech.com\/product\/power\/wireless-chargers\/wireless-charger-cw6-pro-easy-15w\/\" target=\"_blank\" rel=\"noopener\">https:\/\/hocotech.com\/product\/power\/wireless-chargers\/wireless-charger-cw6-pro-easy-15w\/<\/a><\/strong><\/p>","protected":false},"excerpt":{"rendered":"<p><em><strong>\u00cenc\u0103rc\u0103torul wireless compact Hoco CW6 Pro accept\u0103 \u00eenc\u0103rcare rapid\u0103 de p\u00e2n\u0103 la 15W \u0219i protec\u021bie la supra\u00eenc\u0103lzire. Este un accesoriu excelent pentru acas\u0103 sau la birou.<\/strong><\/em><\/p>","protected":false},"featured_media":9400,"template":"","meta":{"_acf_changed":false},"product_brand":[286],"product_cat":[251],"product_tag":[370,257,272,871],"class_list":{"0":"post-9393","1":"product","2":"type-product","3":"status-publish","4":"has-post-thumbnail","6":"product_brand-hoco","7":"product_cat-wireless-chargers","8":"product_tag-370","9":"product_tag-257","10":"product_tag-272","11":"product_tag-871","13":"first","14":"instock","15":"taxable","16":"shipping-taxable","17":"purchasable","18":"product-type-variable","19":"add-to-wishlist-after_add_to_cart"},"acf":[],"jetpack_sharing_enabled":true,"_links":{"self":[{"href":"https:\/\/darvilais.md\/ro\/wp-json\/wp\/v2\/product\/9393","targetHints":{"allow":["GET"]}}],"collection":[{"href":"https:\/\/darvilais.md\/ro\/wp-json\/wp\/v2\/product"}],"about":[{"href":"https:\/\/darvilais.md\/ro\/wp-json\/wp\/v2\/types\/product"}],"wp:featuredmedia":[{"embeddable":true,"href":"https:\/\/darvilais.md\/ro\/wp-json\/wp\/v2\/media\/9400"}],"wp:attachment":[{"href":"https:\/\/darvilais.md\/ro\/wp-json\/wp\/v2\/media?parent=9393"}],"wp:term":[{"taxonomy":"product_brand","embeddable":true,"href":"https:\/\/darvilais.md\/ro\/wp-json\/wp\/v2\/product_brand?post=9393"},{"taxonomy":"product_cat","embeddable":true,"href":"https:\/\/darvilais.md\/ro\/wp-json\/wp\/v2\/product_cat?post=9393"},{"taxonomy":"product_tag","embeddable":true,"href":"https:\/\/darvilais.md\/ro\/wp-json\/wp\/v2\/product_tag?post=9393"}],"curies":[{"name":"wp","href":"https:\/\/api.w.org\/{rel}","templated":true}]}}