{"id":9385,"date":"2025-09-29T13:01:19","date_gmt":"2025-09-29T13:01:19","guid":{"rendered":"https:\/\/darvilais.md\/?post_type=product&#038;p=9385"},"modified":"2025-09-29T13:01:19","modified_gmt":"2025-09-29T13:01:19","slug":"acefast-e9-3in1-wireless-charging-holder","status":"publish","type":"product","link":"https:\/\/darvilais.md\/ro\/produs\/acefast-e9-3in1-wireless-charging-holder\/","title":{"rendered":"ACEFAST E9"},"content":{"rendered":"<h2><strong>Suport de \u00eenc\u0103rcare wireless 3 \u00een 1 ACEFAST E9 pentru birou<\/strong><\/h2>\n<ul>\n<li class=\"p1\"><strong>Culoare: negru<\/strong><\/li>\n<li class=\"p1\"><strong>Tip: Sta\u021bie de \u00eenc\u0103rcare wireless 3 \u00een 1<\/strong><\/li>\n<li class=\"p1\"><strong>\u00cenc\u0103rcare: smartphone-uri, ceasuri, c\u0103\u0219ti<\/strong><\/li>\n<li class=\"p1\"><strong>Material: ABS + aluminiu<\/strong><\/li>\n<li class=\"p1\"><strong>Conexiune: USB-C<\/strong><\/li>\n<li class=\"p1\"><strong>Caracteristici: \u00eenc\u0103rcarea simultan\u0103 a trei dispozitive, design compact, protec\u021bie la supra\u00eenc\u0103lzire<\/strong><\/li>\n<li class=\"p1\"><strong>Produc\u0103tor: ACEFAST<\/strong><\/li>\n<\/ul>\n<p><strong><span class=\"s1\">Confirmat: <\/span><a href=\"https:\/\/acefast.com\/catalog\/wireless-chargers\/fast-wireless-charger-desktop-holder-e9-3-in-1\/\" target=\"_blank\" rel=\"noopener\">https:\/\/acefast.com\/catalog\/wireless-chargers\/fast-wireless-charger-desktop-holder-e9-3-in-1\/<\/a><\/strong><\/p>","protected":false},"excerpt":{"rendered":"<p><em><strong>ACEFAST E9 este o sta\u021bie de \u00eenc\u0103rcare rapid\u0103 wireless pentru smartphone-uri, ceasuri \u0219i c\u0103\u0219ti. Potrivit\u0103 pentru acas\u0103, birou \u0219i c\u0103l\u0103torii.<\/strong><\/em><\/p>","protected":false},"featured_media":9389,"template":"","meta":{"_acf_changed":false},"product_brand":[318],"product_cat":[251],"product_tag":[869,516,263,870],"class_list":{"0":"post-9385","1":"product","2":"type-product","3":"status-publish","4":"has-post-thumbnail","6":"product_brand-acefast","7":"product_cat-wireless-chargers","8":"product_tag-869","9":"product_tag-516","10":"product_tag-263","11":"product_tag-870","13":"first","14":"instock","15":"sale","16":"taxable","17":"shipping-taxable","18":"purchasable","19":"product-type-simple","20":"add-to-wishlist-after_add_to_cart"},"acf":[],"jetpack_sharing_enabled":true,"_links":{"self":[{"href":"https:\/\/darvilais.md\/ro\/wp-json\/wp\/v2\/product\/9385","targetHints":{"allow":["GET"]}}],"collection":[{"href":"https:\/\/darvilais.md\/ro\/wp-json\/wp\/v2\/product"}],"about":[{"href":"https:\/\/darvilais.md\/ro\/wp-json\/wp\/v2\/types\/product"}],"wp:featuredmedia":[{"embeddable":true,"href":"https:\/\/darvilais.md\/ro\/wp-json\/wp\/v2\/media\/9389"}],"wp:attachment":[{"href":"https:\/\/darvilais.md\/ro\/wp-json\/wp\/v2\/media?parent=9385"}],"wp:term":[{"taxonomy":"product_brand","embeddable":true,"href":"https:\/\/darvilais.md\/ro\/wp-json\/wp\/v2\/product_brand?post=9385"},{"taxonomy":"product_cat","embeddable":true,"href":"https:\/\/darvilais.md\/ro\/wp-json\/wp\/v2\/product_cat?post=9385"},{"taxonomy":"product_tag","embeddable":true,"href":"https:\/\/darvilais.md\/ro\/wp-json\/wp\/v2\/product_tag?post=9385"}],"curies":[{"name":"wp","href":"https:\/\/api.w.org\/{rel}","templated":true}]}}