{"id":9378,"date":"2025-09-29T12:50:18","date_gmt":"2025-09-29T12:50:18","guid":{"rendered":"https:\/\/darvilais.md\/?post_type=product&#038;p=9378"},"modified":"2025-09-29T12:50:44","modified_gmt":"2025-09-29T12:50:44","slug":"acefast-e20-3in1-wireless-charging-holder","status":"publish","type":"product","link":"https:\/\/darvilais.md\/ro\/produs\/acefast-e20-3in1-wireless-charging-holder\/","title":{"rendered":"ACEFAST E20"},"content":{"rendered":"<h2><strong>Suport de \u00eenc\u0103rcare wireless 3 \u00een 1 ACEFAST E20 pentru birou<\/strong><\/h2>\n<ul>\n<li class=\"p1\"><strong>Culoare: negru<\/strong><\/li>\n<li class=\"p1\"><strong>Tip: Sta\u021bie de \u00eenc\u0103rcare wireless 3 \u00een 1<\/strong><\/li>\n<li class=\"p1\"><strong>\u00cenc\u0103rcare: smartphone-uri de p\u00e2n\u0103 la 15W, Apple Watch, c\u0103\u0219ti<\/strong><\/li>\n<li class=\"p1\"><strong>Material: ABS + aluminiu<\/strong><\/li>\n<li class=\"p1\"><strong>Conexiune: USB-C<\/strong><\/li>\n<li class=\"p1\"><strong>Caracteristici: suport Qi, \u00eenc\u0103rcarea a trei dispozitive, protec\u021bie la supra\u00eenc\u0103lzire<\/strong><\/li>\n<li class=\"p1\"><strong>Produc\u0103tor: ACEFAST<\/strong><\/li>\n<\/ul>\n<p><strong><span class=\"s1\">Confirmat: <\/span><a href=\"https:\/\/acefast.com\/catalog\/wireless-chargers\/fast-wireless-charger-desktop-holder-e20\/\" target=\"_blank\" rel=\"noopener\">https:\/\/acefast.com\/catalog\/wireless-chargers\/fast-wireless-charger-desktop-holder-e20\/<\/a><\/strong><\/p>","protected":false},"excerpt":{"rendered":"<p><em><strong>ACEFAST E20 este o sta\u021bie de \u00eenc\u0103rcare modern\u0103 3 \u00een 1. \u00cencarc\u0103 simultan smartphone-ul, ceasul \u0219i c\u0103\u0219tile, accept\u0103 \u00eenc\u0103rcarea rapid\u0103 \u0219i protejeaz\u0103 dispozitivele.<\/strong><\/em><\/p>","protected":false},"featured_media":9383,"template":"","meta":{"_acf_changed":false},"product_brand":[318],"product_cat":[251],"product_tag":[868,257,258,865],"class_list":{"0":"post-9378","1":"product","2":"type-product","3":"status-publish","4":"has-post-thumbnail","6":"product_brand-acefast","7":"product_cat-wireless-chargers","8":"product_tag-868","9":"product_tag-257","10":"product_tag--3--1","11":"product_tag-865","13":"first","14":"instock","15":"sale","16":"taxable","17":"shipping-taxable","18":"purchasable","19":"product-type-simple","20":"add-to-wishlist-after_add_to_cart"},"acf":[],"jetpack_sharing_enabled":true,"_links":{"self":[{"href":"https:\/\/darvilais.md\/ro\/wp-json\/wp\/v2\/product\/9378","targetHints":{"allow":["GET"]}}],"collection":[{"href":"https:\/\/darvilais.md\/ro\/wp-json\/wp\/v2\/product"}],"about":[{"href":"https:\/\/darvilais.md\/ro\/wp-json\/wp\/v2\/types\/product"}],"wp:featuredmedia":[{"embeddable":true,"href":"https:\/\/darvilais.md\/ro\/wp-json\/wp\/v2\/media\/9383"}],"wp:attachment":[{"href":"https:\/\/darvilais.md\/ro\/wp-json\/wp\/v2\/media?parent=9378"}],"wp:term":[{"taxonomy":"product_brand","embeddable":true,"href":"https:\/\/darvilais.md\/ro\/wp-json\/wp\/v2\/product_brand?post=9378"},{"taxonomy":"product_cat","embeddable":true,"href":"https:\/\/darvilais.md\/ro\/wp-json\/wp\/v2\/product_cat?post=9378"},{"taxonomy":"product_tag","embeddable":true,"href":"https:\/\/darvilais.md\/ro\/wp-json\/wp\/v2\/product_tag?post=9378"}],"curies":[{"name":"wp","href":"https:\/\/api.w.org\/{rel}","templated":true}]}}