{"id":9325,"date":"2025-09-27T09:43:04","date_gmt":"2025-09-27T09:43:04","guid":{"rendered":"https:\/\/darvilais.md\/?post_type=product&#038;p=9325"},"modified":"2025-09-27T09:43:04","modified_gmt":"2025-09-27T09:43:04","slug":"hoco-cw52-enjoy-magnetic-wireless-charger","status":"publish","type":"product","link":"https:\/\/darvilais.md\/ro\/produs\/hoco-cw52-enjoy-magnetic-wireless-charger\/","title":{"rendered":"Hoco CW52"},"content":{"rendered":"<h2><strong>\u00cenc\u0103rc\u0103tor wireless magnetic Hoco CW52 Enjoy<\/strong><\/h2>\n<ul>\n<li class=\"p1\"><strong>Culoare: negru, alb<\/strong><\/li>\n<li class=\"p1\"><strong>Tip: \u00eenc\u0103rcare magnetic\u0103 wireless<\/strong><\/li>\n<li class=\"p1\"><strong>\u00cenc\u0103rcare: smartphone p\u00e2n\u0103 la 15W, c\u0103\u0219ti<\/strong><\/li>\n<li class=\"p1\"><strong>Material: ABS<\/strong><\/li>\n<li class=\"p1\"><strong>Dimensiuni: 59 x 6 mm<\/strong><\/li>\n<li class=\"p1\"><strong>Greutate: 47 g<\/strong><\/li>\n<li class=\"p1\"><strong>Conexiune: Tip C<\/strong><\/li>\n<li class=\"p1\"><strong>Suport: iPhone 12-15 cu suport magnetic<\/strong><\/li>\n<li class=\"p1\"><strong>Producator: Hoco<\/strong><\/li>\n<\/ul>\n<p><strong><span class=\"s1\">Confirmat: <\/span><a href=\"https:\/\/hocotech.com\/product\/power\/wireless-chargers\/wireless-charger-cw52-enjoy\/\" target=\"_blank\" rel=\"noopener\">https:\/\/hocotech.com\/product\/power\/wireless-chargers\/wireless-charger-cw52-enjoy\/<\/a><\/strong><\/p>","protected":false},"excerpt":{"rendered":"<p><em><strong>\u00cenc\u0103rc\u0103torul wireless magnetic Hoco CW52 Enjoy ofer\u0103 \u00eenc\u0103rcare rapid\u0103 de p\u00e2n\u0103 la 15W pentru smartphone-uri \u0219i c\u0103\u0219ti. Designul s\u0103u compact \u0219i compatibilitatea cu MagSafe sunt ideale.<\/strong><\/em><\/p>","protected":false},"featured_media":9335,"template":"","meta":{"_acf_changed":false},"product_brand":[286],"product_cat":[251],"product_tag":[257,863,547],"class_list":{"0":"post-9325","1":"product","2":"type-product","3":"status-publish","4":"has-post-thumbnail","6":"product_brand-hoco","7":"product_cat-wireless-chargers","8":"product_tag-257","9":"product_tag--2--1","10":"product_tag-547","12":"first","13":"instock","14":"sale","15":"taxable","16":"shipping-taxable","17":"purchasable","18":"product-type-variable","19":"add-to-wishlist-after_add_to_cart"},"acf":[],"jetpack_sharing_enabled":true,"_links":{"self":[{"href":"https:\/\/darvilais.md\/ro\/wp-json\/wp\/v2\/product\/9325","targetHints":{"allow":["GET"]}}],"collection":[{"href":"https:\/\/darvilais.md\/ro\/wp-json\/wp\/v2\/product"}],"about":[{"href":"https:\/\/darvilais.md\/ro\/wp-json\/wp\/v2\/types\/product"}],"wp:featuredmedia":[{"embeddable":true,"href":"https:\/\/darvilais.md\/ro\/wp-json\/wp\/v2\/media\/9335"}],"wp:attachment":[{"href":"https:\/\/darvilais.md\/ro\/wp-json\/wp\/v2\/media?parent=9325"}],"wp:term":[{"taxonomy":"product_brand","embeddable":true,"href":"https:\/\/darvilais.md\/ro\/wp-json\/wp\/v2\/product_brand?post=9325"},{"taxonomy":"product_cat","embeddable":true,"href":"https:\/\/darvilais.md\/ro\/wp-json\/wp\/v2\/product_cat?post=9325"},{"taxonomy":"product_tag","embeddable":true,"href":"https:\/\/darvilais.md\/ro\/wp-json\/wp\/v2\/product_tag?post=9325"}],"curies":[{"name":"wp","href":"https:\/\/api.w.org\/{rel}","templated":true}]}}