{"id":9297,"date":"2025-09-26T20:32:35","date_gmt":"2025-09-26T20:32:35","guid":{"rendered":"https:\/\/darvilais.md\/?post_type=product&#038;p=9297"},"modified":"2025-09-26T20:32:35","modified_gmt":"2025-09-26T20:32:35","slug":"hoco-cq9-crown-3in1-wireless-charger","status":"publish","type":"product","link":"https:\/\/darvilais.md\/ro\/produs\/hoco-cq9-crown-3in1-wireless-charger\/","title":{"rendered":"Hoco CQ9"},"content":{"rendered":"<h2><strong>Lamp\u0103 de noapte Hoco CQ9 Crown 3 \u00een 1 + \u00eenc\u0103rc\u0103tor wireless alb-negru\u00a0<\/strong><\/h2>\n<ul>\n<li class=\"p1\"><strong>Culoare: negru, alb\u00a0<\/strong><\/li>\n<li class=\"p1\"><strong>Tip: \u00cenc\u0103rc\u0103tor 3 \u00een 1 cu lumin\u0103 de noapte \u0219i ceas\u00a0<\/strong><\/li>\n<li class=\"p1\"><strong>\u00cenc\u0103rcare: smartphone p\u00e2n\u0103 la 15W, ceas, c\u0103\u0219ti\u00a0<\/strong><\/li>\n<li class=\"p1\"><strong>Material: ABS + acril\u00a0<\/strong><\/li>\n<li class=\"p1\"><strong>Caracteristici: lumin\u0103 de noapte discret\u0103, ceas digital, design elegant\u00a0<\/strong><\/li>\n<li class=\"p1\"><strong>Pachetul include: \u00eenc\u0103rc\u0103tor\u00a0<\/strong><\/li>\n<li class=\"p1\"><strong>Producator: Hoco\u00a0<\/strong><\/li>\n<\/ul>\n<p><strong><span class=\"s1\">Confirmat: <\/span><a href=\"https:\/\/www.hocotech.it\/en\/wireless-charger\/hoco-3-in-1-wireless-magnetic-15w-fast-charge-charger-black-clock-and-alarm-clock\" target=\"_blank\" rel=\"noopener\">https:\/\/www.hocotech.it\/en\/wireless-charger\/hoco-3-in-1-wireless-magnetic-15w-fast-charge-charger-black-clock-and-alarm-clock<\/a><\/strong><\/p>","protected":false},"excerpt":{"rendered":"<p><em><strong>Lampa de noapte Hoco CQ9 Crown combin\u0103 \u00eenc\u0103rcarea wireless de 15W, un ceas \u0219i o lumin\u0103 difuz\u0103. Perfect\u0103 pentru noptier\u0103.<\/strong><\/em><\/p>","protected":false},"featured_media":9301,"template":"","meta":{"_acf_changed":false},"product_brand":[286],"product_cat":[251],"product_tag":[861,257,258,860],"class_list":{"0":"post-9297","1":"product","2":"type-product","3":"status-publish","4":"has-post-thumbnail","6":"product_brand-hoco","7":"product_cat-wireless-chargers","8":"product_tag-861","9":"product_tag-257","10":"product_tag--3--1","11":"product_tag-860","13":"first","14":"instock","15":"sale","16":"taxable","17":"shipping-taxable","18":"purchasable","19":"product-type-variable","20":"add-to-wishlist-after_add_to_cart"},"acf":[],"jetpack_sharing_enabled":true,"_links":{"self":[{"href":"https:\/\/darvilais.md\/ro\/wp-json\/wp\/v2\/product\/9297","targetHints":{"allow":["GET"]}}],"collection":[{"href":"https:\/\/darvilais.md\/ro\/wp-json\/wp\/v2\/product"}],"about":[{"href":"https:\/\/darvilais.md\/ro\/wp-json\/wp\/v2\/types\/product"}],"wp:featuredmedia":[{"embeddable":true,"href":"https:\/\/darvilais.md\/ro\/wp-json\/wp\/v2\/media\/9301"}],"wp:attachment":[{"href":"https:\/\/darvilais.md\/ro\/wp-json\/wp\/v2\/media?parent=9297"}],"wp:term":[{"taxonomy":"product_brand","embeddable":true,"href":"https:\/\/darvilais.md\/ro\/wp-json\/wp\/v2\/product_brand?post=9297"},{"taxonomy":"product_cat","embeddable":true,"href":"https:\/\/darvilais.md\/ro\/wp-json\/wp\/v2\/product_cat?post=9297"},{"taxonomy":"product_tag","embeddable":true,"href":"https:\/\/darvilais.md\/ro\/wp-json\/wp\/v2\/product_tag?post=9297"}],"curies":[{"name":"wp","href":"https:\/\/api.w.org\/{rel}","templated":true}]}}