{"id":9285,"date":"2025-09-26T19:36:39","date_gmt":"2025-09-26T19:36:39","guid":{"rendered":"https:\/\/darvilais.md\/?post_type=product&#038;p=9285"},"modified":"2025-09-26T19:36:39","modified_gmt":"2025-09-26T19:36:39","slug":"xo-cx013-magnetic-wireless-charger-15w-brown","status":"publish","type":"product","link":"https:\/\/darvilais.md\/ro\/produs\/xo-cx013-magnetic-wireless-charger-15w-brown\/","title":{"rendered":"XO CX013"},"content":{"rendered":"<h2><strong>\u00cenc\u0103rc\u0103tor wireless magnetic transparent XO CX013, maro\u00a0<\/strong><\/h2>\n<ul>\n<li class=\"p1\"><strong>Culoare: maro \/ transparent\u00a0<\/strong><\/li>\n<li class=\"p1\"><strong>Tip: \u00eenc\u0103rcare magnetic\u0103 wireless\u00a0<\/strong><\/li>\n<li class=\"p1\"><strong>\u00cenc\u0103rcare: telefon p\u00e2n\u0103 la 15W, compatibil cu standardele Qi\u00a0<\/strong><\/li>\n<li class=\"p1\"><strong>Material: aluminiu + acril \/ plastic\u00a0<\/strong><\/li>\n<li class=\"p1\"><strong>Caracteristici: suport magnetic, corp sub\u021bire\u00a0<\/strong><\/li>\n<li class=\"p1\"><strong>Pachetul include: \u00eenc\u0103rc\u0103tor\u00a0<\/strong><\/li>\n<li class=\"p1\"><strong>Produc\u0103tor: XO<\/strong><\/li>\n<\/ul>","protected":false},"excerpt":{"rendered":"<p><em><strong>\u00cenc\u0103rc\u0103torul magnetic transparent XO CX013 suport\u0103 p\u00e2n\u0103 la 15W. Un accesoriu sub\u021bire \u0219i elegant pentru iPhone \u0219i alte smartphone-uri.<\/strong><\/em><\/p>","protected":false},"featured_media":9289,"template":"","meta":{"_acf_changed":false},"product_brand":[301],"product_cat":[251],"product_tag":[257,547,857],"class_list":{"0":"post-9285","1":"product","2":"type-product","3":"status-publish","4":"has-post-thumbnail","6":"product_brand-xo","7":"product_cat-wireless-chargers","8":"product_tag-257","9":"product_tag-547","10":"product_tag-857","12":"first","13":"instock","14":"taxable","15":"shipping-taxable","16":"purchasable","17":"product-type-simple","18":"add-to-wishlist-after_add_to_cart"},"acf":[],"jetpack_sharing_enabled":true,"_links":{"self":[{"href":"https:\/\/darvilais.md\/ro\/wp-json\/wp\/v2\/product\/9285","targetHints":{"allow":["GET"]}}],"collection":[{"href":"https:\/\/darvilais.md\/ro\/wp-json\/wp\/v2\/product"}],"about":[{"href":"https:\/\/darvilais.md\/ro\/wp-json\/wp\/v2\/types\/product"}],"wp:featuredmedia":[{"embeddable":true,"href":"https:\/\/darvilais.md\/ro\/wp-json\/wp\/v2\/media\/9289"}],"wp:attachment":[{"href":"https:\/\/darvilais.md\/ro\/wp-json\/wp\/v2\/media?parent=9285"}],"wp:term":[{"taxonomy":"product_brand","embeddable":true,"href":"https:\/\/darvilais.md\/ro\/wp-json\/wp\/v2\/product_brand?post=9285"},{"taxonomy":"product_cat","embeddable":true,"href":"https:\/\/darvilais.md\/ro\/wp-json\/wp\/v2\/product_cat?post=9285"},{"taxonomy":"product_tag","embeddable":true,"href":"https:\/\/darvilais.md\/ro\/wp-json\/wp\/v2\/product_tag?post=9285"}],"curies":[{"name":"wp","href":"https:\/\/api.w.org\/{rel}","templated":true}]}}