{"id":9261,"date":"2025-09-26T20:51:39","date_gmt":"2025-09-26T17:51:39","guid":{"rendered":"https:\/\/darvilais.md\/?post_type=product&#038;p=9261"},"modified":"2026-04-13T13:15:57","modified_gmt":"2026-04-13T10:15:57","slug":"wiwu-w002-wireless-charger-3in1-white","status":"publish","type":"product","link":"https:\/\/darvilais.md\/ro\/produs\/wiwu-w002-wireless-charger-3in1-white\/","title":{"rendered":"WiWU Wi-W002"},"content":{"rendered":"<h2><strong>\u00cenc\u0103rc\u0103tor wireless WiWU Wi-W002 3-\u00een-1 alb\u00a0<\/strong><\/h2>\n<ul>\n<li class=\"p1\"><strong>Culoare: alb\u00a0<\/strong><\/li>\n<li class=\"p1\"><strong>Tip: \u00cenc\u0103rcare wireless 3 \u00een 1\u00a0<\/strong><\/li>\n<li class=\"p1\"><strong>Putere de ie\u0219ire: smartphone p\u00e2n\u0103 la 15W, c\u0103\u0219ti 5W, ceas 2,5W\u00a0<\/strong><\/li>\n<li class=\"p1\"><strong>Intrare: 5V\/2A, 9V\/2A, 12V\/2A\u00a0<\/strong><\/li>\n<li class=\"p1\"><strong>Material: ABS + aliaj de zinc\u00a0<\/strong><\/li>\n<li class=\"p1\"><strong>Caracteristici: iluminare de fundal reglabil\u0103, design pliabil\u00a0<\/strong><\/li>\n<li class=\"p1\"><strong>Pachetul include: \u00eenc\u0103rc\u0103tor\u00a0<\/strong><\/li>\n<li class=\"p1\"><strong>Produc\u0103tor: WiWU\u00a0<\/strong><\/li>\n<\/ul>\n<p><strong><span class=\"s1\">Confirmat: <\/span><a href=\"https:\/\/www.wiwu.com\/wiwu-new-zinc-alloy-material-3-in-1-wireless-fast-charger-fast-with-adjustable-ambient-light\" target=\"_blank\" rel=\"noopener\">https:\/\/www.wiwu.com\/wiwu-new-zinc-alloy-material-3-in-1-wireless-fast-charger-fast-with-adjustable-ambient-light<\/a><\/strong><\/p>","protected":false},"excerpt":{"rendered":"<p><em><strong>\u00cenc\u0103rc\u0103torul universal WiWU Wi-W002 \u00eencarc\u0103 simultan smartphone-ul, ceasul \u0219i c\u0103\u0219tile. Accept\u0103 p\u00e2n\u0103 la 15W, are un design pliabil \u0219i este dotat cu iluminare din spate.<\/strong><\/em><\/p>","protected":false},"featured_media":9269,"template":"","meta":{"_acf_changed":false},"product_brand":[307],"product_cat":[251],"product_tag":[519,855,257,258],"class_list":{"0":"post-9261","1":"product","2":"type-product","3":"status-publish","4":"has-post-thumbnail","6":"product_brand-wiwu","7":"product_cat-wireless-chargers","8":"product_tag-qi-","9":"product_tag-855","10":"product_tag-257","11":"product_tag--3--1","13":"first","14":"instock","15":"sale","16":"taxable","17":"shipping-taxable","18":"purchasable","19":"product-type-simple","20":"add-to-wishlist-after_add_to_cart"},"acf":[],"jetpack_sharing_enabled":true,"_links":{"self":[{"href":"https:\/\/darvilais.md\/ro\/wp-json\/wp\/v2\/product\/9261","targetHints":{"allow":["GET"]}}],"collection":[{"href":"https:\/\/darvilais.md\/ro\/wp-json\/wp\/v2\/product"}],"about":[{"href":"https:\/\/darvilais.md\/ro\/wp-json\/wp\/v2\/types\/product"}],"wp:featuredmedia":[{"embeddable":true,"href":"https:\/\/darvilais.md\/ro\/wp-json\/wp\/v2\/media\/9269"}],"wp:attachment":[{"href":"https:\/\/darvilais.md\/ro\/wp-json\/wp\/v2\/media?parent=9261"}],"wp:term":[{"taxonomy":"product_brand","embeddable":true,"href":"https:\/\/darvilais.md\/ro\/wp-json\/wp\/v2\/product_brand?post=9261"},{"taxonomy":"product_cat","embeddable":true,"href":"https:\/\/darvilais.md\/ro\/wp-json\/wp\/v2\/product_cat?post=9261"},{"taxonomy":"product_tag","embeddable":true,"href":"https:\/\/darvilais.md\/ro\/wp-json\/wp\/v2\/product_tag?post=9261"}],"curies":[{"name":"wp","href":"https:\/\/api.w.org\/{rel}","templated":true}]}}