{"id":9251,"date":"2025-09-25T18:56:04","date_gmt":"2025-09-25T18:56:04","guid":{"rendered":"https:\/\/darvilais.md\/?post_type=product&#038;p=9251"},"modified":"2025-09-25T18:56:04","modified_gmt":"2025-09-25T18:56:04","slug":"wiwu-w029-magnetic-wireless-charger-15w-white","status":"publish","type":"product","link":"https:\/\/darvilais.md\/ro\/produs\/wiwu-w029-magnetic-wireless-charger-15w-white\/","title":{"rendered":"WIWU Wi-W029"},"content":{"rendered":"<h2><strong>\u00cenc\u0103rc\u0103tor wireless WIWU Wi-W029 Qi2.0 Alb\u00a0<\/strong><\/h2>\n<ul>\n<li class=\"p1\"><strong>Culoare: alb\u00a0<\/strong><\/li>\n<li class=\"p1\"><strong>Tip: \u00eenc\u0103rcare magnetic\u0103 wireless\u00a0<\/strong><\/li>\n<li class=\"p1\"><strong>Putere: 15W\/10W\/7.5W\/5W\u00a0<\/strong><\/li>\n<li class=\"p1\"><strong>Intrare: 5V\/3A, 9V\/2A, 12V\/1.67A\u00a0<\/strong><\/li>\n<li class=\"p1\"><strong>Material: Aluminiu + PC\u00a0<\/strong><\/li>\n<li class=\"p1\"><strong>Caracteristici: suport magnetic, disipare a c\u0103ldurii, protec\u021bie la supra\u00eenc\u0103lzire\u00a0<\/strong><\/li>\n<li class=\"p1\"><strong>Con\u021binutul pachetului: \u00eenc\u0103rc\u0103tor, cablu USB-C\u00a0<\/strong><\/li>\n<li class=\"p1\"><strong>Produc\u0103tor: WIWU\u00a0<\/strong><\/li>\n<\/ul>\n<p><strong><span class=\"s1\">Confirmat: <\/span><a href=\"https:\/\/www.wiwu.com\/wiwu-qi2.0-wireless-charger-aluminum-alloy-magnetic-15w-wireless-charger-for-mobile-phone.html\" target=\"_blank\" rel=\"noopener\">https:\/\/www.wiwu.com\/wiwu-qi2.0-wireless-charger-aluminum-alloy-magnetic-15w-wireless-charger-for-mobile-phone.html<\/a><\/strong><\/p>","protected":false},"excerpt":{"rendered":"<p><em><strong>\u00cenc\u0103rc\u0103torul wireless magnetic WIWU Wi-W029 este compatibil cu Qi2.0 \u0219i p\u00e2n\u0103 la 15W, asigur\u00e2nd o fixare stabil\u0103 \u0219i o solu\u021bie de \u00eenc\u0103rcare rapid\u0103.<\/strong><\/em><\/p>","protected":false},"featured_media":9254,"template":"","meta":{"_acf_changed":false},"product_brand":[307],"product_cat":[251],"product_tag":[854,257,547],"class_list":{"0":"post-9251","1":"product","2":"type-product","3":"status-publish","4":"has-post-thumbnail","6":"product_brand-wiwu","7":"product_cat-wireless-chargers","8":"product_tag-qi2-","9":"product_tag-257","10":"product_tag-547","12":"first","13":"instock","14":"sale","15":"taxable","16":"shipping-taxable","17":"purchasable","18":"product-type-simple","19":"add-to-wishlist-after_add_to_cart"},"acf":[],"jetpack_sharing_enabled":true,"_links":{"self":[{"href":"https:\/\/darvilais.md\/ro\/wp-json\/wp\/v2\/product\/9251","targetHints":{"allow":["GET"]}}],"collection":[{"href":"https:\/\/darvilais.md\/ro\/wp-json\/wp\/v2\/product"}],"about":[{"href":"https:\/\/darvilais.md\/ro\/wp-json\/wp\/v2\/types\/product"}],"wp:featuredmedia":[{"embeddable":true,"href":"https:\/\/darvilais.md\/ro\/wp-json\/wp\/v2\/media\/9254"}],"wp:attachment":[{"href":"https:\/\/darvilais.md\/ro\/wp-json\/wp\/v2\/media?parent=9251"}],"wp:term":[{"taxonomy":"product_brand","embeddable":true,"href":"https:\/\/darvilais.md\/ro\/wp-json\/wp\/v2\/product_brand?post=9251"},{"taxonomy":"product_cat","embeddable":true,"href":"https:\/\/darvilais.md\/ro\/wp-json\/wp\/v2\/product_cat?post=9251"},{"taxonomy":"product_tag","embeddable":true,"href":"https:\/\/darvilais.md\/ro\/wp-json\/wp\/v2\/product_tag?post=9251"}],"curies":[{"name":"wp","href":"https:\/\/api.w.org\/{rel}","templated":true}]}}