{"id":9244,"date":"2025-09-25T16:13:05","date_gmt":"2025-09-25T16:13:05","guid":{"rendered":"https:\/\/darvilais.md\/?post_type=product&#038;p=9244"},"modified":"2025-09-25T16:13:05","modified_gmt":"2025-09-25T16:13:05","slug":"wiwu-power-air-3in1-wireless-charger-white","status":"publish","type":"product","link":"https:\/\/darvilais.md\/ro\/produs\/wiwu-power-air-3in1-wireless-charger-white\/","title":{"rendered":"Aer de putere WiWU 3 \u00een 1"},"content":{"rendered":"<h2><strong>\u00cenc\u0103rc\u0103tor wireless Wiwu Power Air 3 \u00een 1, alb\u00a0<\/strong><\/h2>\n<ul>\n<li class=\"p1\"><strong>Culoare: alb\u00a0<\/strong><\/li>\n<li class=\"p1\"><strong>Tip: \u00cenc\u0103rcare wireless 3 \u00een 1\u00a0<\/strong><\/li>\n<li class=\"p1\"><strong>Putere: p\u00e2n\u0103 la 15W\u00a0<\/strong><\/li>\n<li class=\"p1\"><strong>Intrare: 5V\/2A, 9V\/2A\u00a0<\/strong><\/li>\n<li class=\"p1\"><strong>Material: ABS + PC\u00a0<\/strong><\/li>\n<li class=\"p1\"><strong>Caracteristici: Suport deta\u0219abil, design pliabil, compatibilitate cu iPhone\/Watch\/AirPods\u00a0<\/strong><\/li>\n<li class=\"p1\"><strong>Con\u021binutul pachetului: \u00eenc\u0103rc\u0103tor, cablu USB-C\u00a0<\/strong><\/li>\n<li class=\"p1\"><strong>Produc\u0103tor: Wiwu\u00a0<\/strong><\/li>\n<\/ul>\n<p><strong><span class=\"s1\">Confirmat: <\/span><a href=\"https:\/\/www.wiwu.com\/Power-Air-3-in-1.html\" target=\"_blank\" rel=\"noopener\">https:\/\/www.wiwu.com\/Power-Air-3-in-1.html<\/a><\/strong><\/p>","protected":false},"excerpt":{"rendered":"<p><em><strong>\u00cenc\u0103rc\u0103torul wireless pliabil 3 \u00een 1 Wiwu Power Air suport\u0103 p\u00e2n\u0103 la 15W \u0219i \u00eencarc\u0103 simultan iPhone, Apple Watch \u0219i AirPods.<\/strong><\/em><\/p>","protected":false},"featured_media":9249,"template":"","meta":{"_acf_changed":false},"product_brand":[307],"product_cat":[251],"product_tag":[267,257,258,590],"class_list":{"0":"post-9244","1":"product","2":"type-product","3":"status-publish","4":"has-post-thumbnail","6":"product_brand-wiwu","7":"product_cat-wireless-chargers","8":"product_tag---apple","9":"product_tag-257","10":"product_tag--3--1","11":"product_tag-590","13":"first","14":"instock","15":"taxable","16":"shipping-taxable","17":"purchasable","18":"product-type-simple","19":"add-to-wishlist-after_add_to_cart"},"acf":[],"jetpack_sharing_enabled":true,"_links":{"self":[{"href":"https:\/\/darvilais.md\/ro\/wp-json\/wp\/v2\/product\/9244","targetHints":{"allow":["GET"]}}],"collection":[{"href":"https:\/\/darvilais.md\/ro\/wp-json\/wp\/v2\/product"}],"about":[{"href":"https:\/\/darvilais.md\/ro\/wp-json\/wp\/v2\/types\/product"}],"wp:featuredmedia":[{"embeddable":true,"href":"https:\/\/darvilais.md\/ro\/wp-json\/wp\/v2\/media\/9249"}],"wp:attachment":[{"href":"https:\/\/darvilais.md\/ro\/wp-json\/wp\/v2\/media?parent=9244"}],"wp:term":[{"taxonomy":"product_brand","embeddable":true,"href":"https:\/\/darvilais.md\/ro\/wp-json\/wp\/v2\/product_brand?post=9244"},{"taxonomy":"product_cat","embeddable":true,"href":"https:\/\/darvilais.md\/ro\/wp-json\/wp\/v2\/product_cat?post=9244"},{"taxonomy":"product_tag","embeddable":true,"href":"https:\/\/darvilais.md\/ro\/wp-json\/wp\/v2\/product_tag?post=9244"}],"curies":[{"name":"wp","href":"https:\/\/api.w.org\/{rel}","templated":true}]}}