{"id":9239,"date":"2025-09-25T15:52:53","date_gmt":"2025-09-25T15:52:53","guid":{"rendered":"https:\/\/darvilais.md\/?post_type=product&#038;p=9239"},"modified":"2025-09-25T15:52:53","modified_gmt":"2025-09-25T15:52:53","slug":"xo-wx030-15w-wireless-charger-nightlight-white","status":"publish","type":"product","link":"https:\/\/darvilais.md\/ro\/produs\/xo-wx030-15w-wireless-charger-nightlight-white\/","title":{"rendered":"XO WX030"},"content":{"rendered":"<h2><strong>\u00cenc\u0103rc\u0103tor wireless XO WX030 15W 3 \u00een 1, alb\u00a0<\/strong><\/h2>\n<ul>\n<li class=\"p1\"><strong>Culoare: alb\u00a0<\/strong><\/li>\n<li class=\"p1\"><strong>Tip: \u00cenc\u0103rc\u0103tor wireless cu lumin\u0103 de noapte \u0219i suport\u00a0<\/strong><\/li>\n<li class=\"p1\"><strong>Putere de ie\u0219ire: smartphone p\u00e2n\u0103 la 15W\u00a0<\/strong><\/li>\n<li class=\"p1\"><strong>Intrare: 9V \/ 2A\u00a0<\/strong><\/li>\n<li class=\"p1\"><strong>Material: ABS + aluminiu + PP\u00a0<\/strong><\/li>\n<li class=\"p1\"><strong>Dimensiuni: 191 \u00d7 203 \u00d7 13 mm\u00a0<\/strong><\/li>\n<li class=\"p1\"><strong>Greutate: 251 g\u00a0<\/strong><\/li>\n<li class=\"p1\"><strong>Caracteristici: Lumin\u0103 de noapte, protec\u021bie FOD\/PMOD, \u00eenc\u0103rcare 3-5 mm\u00a0<\/strong><\/li>\n<li class=\"p1\"><strong>Pachetul include: \u00eenc\u0103rc\u0103tor\u00a0<\/strong><\/li>\n<li class=\"p1\"><strong>Produc\u0103tor: XO<\/strong><\/li>\n<\/ul>","protected":false},"excerpt":{"rendered":"<p><em><strong>\u00cenc\u0103rc\u0103torul wireless XO WX030 3 \u00een 1 cu lumin\u0103 de noapte \u0219i suport \u00eencarc\u0103 smartphone-ul p\u00e2n\u0103 la 15W, un accesoriu elegant \u0219i func\u021bional.<\/strong><\/em><\/p>","protected":false},"featured_media":9243,"template":"","meta":{"_acf_changed":false},"product_brand":[301],"product_cat":[251],"product_tag":[257,853,258,852],"class_list":{"0":"post-9239","1":"product","2":"type-product","3":"status-publish","4":"has-post-thumbnail","6":"product_brand-xo","7":"product_cat-wireless-chargers","8":"product_tag-257","9":"product_tag-853","10":"product_tag--3--1","11":"product_tag-852","13":"first","14":"instock","15":"taxable","16":"shipping-taxable","17":"purchasable","18":"product-type-simple","19":"add-to-wishlist-after_add_to_cart"},"acf":[],"jetpack_sharing_enabled":true,"_links":{"self":[{"href":"https:\/\/darvilais.md\/ro\/wp-json\/wp\/v2\/product\/9239","targetHints":{"allow":["GET"]}}],"collection":[{"href":"https:\/\/darvilais.md\/ro\/wp-json\/wp\/v2\/product"}],"about":[{"href":"https:\/\/darvilais.md\/ro\/wp-json\/wp\/v2\/types\/product"}],"wp:featuredmedia":[{"embeddable":true,"href":"https:\/\/darvilais.md\/ro\/wp-json\/wp\/v2\/media\/9243"}],"wp:attachment":[{"href":"https:\/\/darvilais.md\/ro\/wp-json\/wp\/v2\/media?parent=9239"}],"wp:term":[{"taxonomy":"product_brand","embeddable":true,"href":"https:\/\/darvilais.md\/ro\/wp-json\/wp\/v2\/product_brand?post=9239"},{"taxonomy":"product_cat","embeddable":true,"href":"https:\/\/darvilais.md\/ro\/wp-json\/wp\/v2\/product_cat?post=9239"},{"taxonomy":"product_tag","embeddable":true,"href":"https:\/\/darvilais.md\/ro\/wp-json\/wp\/v2\/product_tag?post=9239"}],"curies":[{"name":"wp","href":"https:\/\/api.w.org\/{rel}","templated":true}]}}