{"id":9211,"date":"2025-09-24T14:54:47","date_gmt":"2025-09-24T14:54:47","guid":{"rendered":"https:\/\/darvilais.md\/?post_type=product&#038;p=9211"},"modified":"2025-09-24T14:54:47","modified_gmt":"2025-09-24T14:54:47","slug":"hoco-s23-magnetic-2in1-wireless-fast-charger","status":"publish","type":"product","link":"https:\/\/darvilais.md\/ro\/produs\/hoco-s23-magnetic-2in1-wireless-fast-charger\/","title":{"rendered":"Hoco S23"},"content":{"rendered":"<h2><strong>\u00cenc\u0103rc\u0103tor rapid wireless magnetic 2 \u00een 1 Hoco S23 Volant<\/strong><\/h2>\n<ul>\n<li class=\"p1\"><strong>Culoare: negru, alb<\/strong><\/li>\n<li class=\"p1\"><strong>Tip: \u00cenc\u0103rc\u0103tor wireless cu suport<\/strong><\/li>\n<li class=\"p1\"><strong>Putere de ie\u0219ire: 5W\/7.5W\/10W\/15W pentru smartphone, 5W pentru c\u0103\u0219ti<\/strong><\/li>\n<li class=\"p1\"><strong>Intrare: USB-C 5V\/2A, 9V\/2A, 12V\/1.5A<\/strong><\/li>\n<li class=\"p1\"><strong>Material: PC + ABS<\/strong><\/li>\n<li class=\"p1\"><strong>Dimensiuni: 100 \u00d7 140 mm<\/strong><\/li>\n<li class=\"p1\"><strong>Greutate: 172 g<\/strong><\/li>\n<li class=\"p1\"><strong>Caracteristici: \u00cenc\u0103rcare magnetic\u0103, suport MagSafe, suport Qi 2.0<\/strong><\/li>\n<li class=\"p1\"><strong>Con\u021binutul pachetului: \u00eenc\u0103rc\u0103tor, cablu USB-C (1 m)<\/strong><\/li>\n<li class=\"p1\"><strong>Producator: Hoco<\/strong><\/li>\n<\/ul>\n<p><strong><span class=\"s1\">Confirmat: <\/span><a href=\"https:\/\/hocotech.com\/product\/power\/stands-docks\/charging-docks\/tabletop-wireless-charging-holder-s23-volant-magnetic\/\" target=\"_blank\" rel=\"noopener\">https:\/\/hocotech.com\/product\/power\/stands-docks\/charging-docks\/tabletop-wireless-charging-holder-s23-volant-magnetic\/<\/a><\/strong><\/p>","protected":false},"excerpt":{"rendered":"<p><em><strong>\u00cenc\u0103rc\u0103torul magnetic wireless Hoco S23 Volant este compatibil cu MagSafe \u0219i Qi 2.0. \u00cencarc\u0103 simultan smartphone-uri \u0219i c\u0103\u0219ti.<\/strong><\/em><\/p>","protected":false},"featured_media":9215,"template":"","meta":{"_acf_changed":false},"product_brand":[286],"product_cat":[251],"product_tag":[257,259,849],"class_list":{"0":"post-9211","1":"product","2":"type-product","3":"status-publish","4":"has-post-thumbnail","6":"product_brand-hoco","7":"product_cat-wireless-chargers","8":"product_tag-257","9":"product_tag-259","10":"product_tag-849","12":"first","13":"instock","14":"sale","15":"taxable","16":"shipping-taxable","17":"purchasable","18":"product-type-variable","19":"add-to-wishlist-after_add_to_cart"},"acf":[],"jetpack_sharing_enabled":true,"_links":{"self":[{"href":"https:\/\/darvilais.md\/ro\/wp-json\/wp\/v2\/product\/9211","targetHints":{"allow":["GET"]}}],"collection":[{"href":"https:\/\/darvilais.md\/ro\/wp-json\/wp\/v2\/product"}],"about":[{"href":"https:\/\/darvilais.md\/ro\/wp-json\/wp\/v2\/types\/product"}],"wp:featuredmedia":[{"embeddable":true,"href":"https:\/\/darvilais.md\/ro\/wp-json\/wp\/v2\/media\/9215"}],"wp:attachment":[{"href":"https:\/\/darvilais.md\/ro\/wp-json\/wp\/v2\/media?parent=9211"}],"wp:term":[{"taxonomy":"product_brand","embeddable":true,"href":"https:\/\/darvilais.md\/ro\/wp-json\/wp\/v2\/product_brand?post=9211"},{"taxonomy":"product_cat","embeddable":true,"href":"https:\/\/darvilais.md\/ro\/wp-json\/wp\/v2\/product_cat?post=9211"},{"taxonomy":"product_tag","embeddable":true,"href":"https:\/\/darvilais.md\/ro\/wp-json\/wp\/v2\/product_tag?post=9211"}],"curies":[{"name":"wp","href":"https:\/\/api.w.org\/{rel}","templated":true}]}}