{"id":9190,"date":"2025-09-24T12:54:11","date_gmt":"2025-09-24T12:54:11","guid":{"rendered":"https:\/\/darvilais.md\/?post_type=product&#038;p=9190"},"modified":"2025-09-24T12:54:11","modified_gmt":"2025-09-24T12:54:11","slug":"hoco-n45-biscuit-pd30w-qc30-charger-white","status":"publish","type":"product","link":"https:\/\/darvilais.md\/ro\/produs\/hoco-n45-biscuit-pd30w-qc30-charger-white\/","title":{"rendered":"Hoco N45"},"content":{"rendered":"<h2><strong>\u00cenc\u0103rc\u0103tor de perete Hoco N45 Biscuit PD30W+QC3.0\u00a0<\/strong><\/h2>\n<ul>\n<li class=\"p1\"><strong>Culoare: alb-lumin\u0103 de lun\u0103\u00a0<\/strong><\/li>\n<li class=\"p1\"><strong>Tip: \u00eenc\u0103rc\u0103tor\u00a0<\/strong><\/li>\n<li class=\"p1\"><strong>Compatibilitate: smartphone-uri, tablete \u0219i alte dispozitive cu PD\/QC\u00a0<\/strong><\/li>\n<li class=\"p1\"><strong>Interfe\u021be: 1 \u00d7 USB-C, 1 \u00d7 USB-A\u00a0<\/strong><\/li>\n<li class=\"p1\"><strong>Putere: p\u00e2n\u0103 la 30W (PD), QC3.0\u00a0<\/strong><\/li>\n<li class=\"p1\"><strong>Caracteristici: \u00eenc\u0103rcare rapid\u0103, dimensiuni compacte, protec\u021bie la supra\u00eenc\u0103lzire \u0219i scurtcircuit\u00a0<\/strong><\/li>\n<li class=\"p1\"><strong>Producator: Hoco\u00a0<\/strong><\/li>\n<\/ul>\n<p><strong><span class=\"s1\">Confirmat: <\/span><a href=\"https:\/\/hocotech.com\/product\/power\/wall-chargers\/wall-charger-n45-biscuit-pd30w-qc3-0-eu-cable-set\/\" target=\"_blank\" rel=\"noopener\">https:\/\/hocotech.com\/product\/power\/wall-chargers\/wall-charger-n45-biscuit-pd30w-qc3-0-eu-cable-set\/<\/a><\/strong><\/p>","protected":false},"excerpt":{"rendered":"<p><em><strong>\u00cenc\u0103rc\u0103torul Hoco N45 Biscuit PD30W+QC3.0 ofer\u0103 \u00eenc\u0103rcarea rapid\u0103 \u0219i sigur\u0103 a smartphone-urilor \u0219i tabletelor prin USB-C \u0219i USB-A.<\/strong><\/em><\/p>","protected":false},"featured_media":9195,"template":"","meta":{"_acf_changed":false},"product_brand":[286],"product_cat":[252],"product_tag":[545,551,272,588],"class_list":{"0":"post-9190","1":"product","2":"type-product","3":"status-publish","4":"has-post-thumbnail","6":"product_brand-hoco","7":"product_cat-charging-adapters","8":"product_tag-usb-a","9":"product_tag-usb-c","10":"product_tag-272","11":"product_tag-588","13":"first","14":"instock","15":"taxable","16":"shipping-taxable","17":"purchasable","18":"product-type-simple","19":"add-to-wishlist-after_add_to_cart"},"acf":[],"jetpack_sharing_enabled":true,"_links":{"self":[{"href":"https:\/\/darvilais.md\/ro\/wp-json\/wp\/v2\/product\/9190","targetHints":{"allow":["GET"]}}],"collection":[{"href":"https:\/\/darvilais.md\/ro\/wp-json\/wp\/v2\/product"}],"about":[{"href":"https:\/\/darvilais.md\/ro\/wp-json\/wp\/v2\/types\/product"}],"wp:featuredmedia":[{"embeddable":true,"href":"https:\/\/darvilais.md\/ro\/wp-json\/wp\/v2\/media\/9195"}],"wp:attachment":[{"href":"https:\/\/darvilais.md\/ro\/wp-json\/wp\/v2\/media?parent=9190"}],"wp:term":[{"taxonomy":"product_brand","embeddable":true,"href":"https:\/\/darvilais.md\/ro\/wp-json\/wp\/v2\/product_brand?post=9190"},{"taxonomy":"product_cat","embeddable":true,"href":"https:\/\/darvilais.md\/ro\/wp-json\/wp\/v2\/product_cat?post=9190"},{"taxonomy":"product_tag","embeddable":true,"href":"https:\/\/darvilais.md\/ro\/wp-json\/wp\/v2\/product_tag?post=9190"}],"curies":[{"name":"wp","href":"https:\/\/api.w.org\/{rel}","templated":true}]}}