{"id":9168,"date":"2025-09-23T20:21:32","date_gmt":"2025-09-23T20:21:32","guid":{"rendered":"https:\/\/darvilais.md\/?post_type=product&#038;p=9168"},"modified":"2025-09-23T20:21:32","modified_gmt":"2025-09-23T20:21:32","slug":"xo-l138-pd30w-qc18w-charger-white","status":"publish","type":"product","link":"https:\/\/darvilais.md\/ro\/produs\/xo-l138-pd30w-qc18w-charger-white\/","title":{"rendered":"XO L138"},"content":{"rendered":"<h2><strong>\u00cenc\u0103rc\u0103tor de perete XO L138 PD30W\/QC18W\u00a0<\/strong><\/h2>\n<ul>\n<li class=\"p1\"><strong>Culoare: alb\u00a0<\/strong><\/li>\n<li class=\"p1\"><strong>Tip: \u00eenc\u0103rc\u0103tor\u00a0<\/strong><\/li>\n<li class=\"p1\"><strong>Compatibilitate: smartphone-uri, tablete \u0219i alte dispozitive cu PD\/QC\u00a0<\/strong><\/li>\n<li class=\"p1\"><strong>Interfe\u021be: 1 \u00d7 USB-C, 1 \u00d7 USB-A\u00a0<\/strong><\/li>\n<li class=\"p1\"><strong>Putere: p\u00e2n\u0103 la 30W (PD), p\u00e2n\u0103 la 18W (QC)\u00a0<\/strong><\/li>\n<li class=\"p1\"><strong>Caracteristici: \u00eenc\u0103rcare rapid\u0103, dimensiuni compacte, protec\u021bie la supra\u00eenc\u0103lzire \u0219i scurtcircuit\u00a0<\/strong><\/li>\n<li class=\"p1\"><strong>Produc\u0103tor: XO\u00a0<\/strong><\/li>\n<\/ul>\n<p><strong><span class=\"s1\">Confirmat: <\/span><a href=\"https:\/\/www.instagram.com\/p\/C4Zo4HDr4GP\/\" target=\"_blank\" rel=\"noopener\">https:\/\/www.instagram.com\/p\/C4Zo4HDr4GP\/<\/a><\/strong><\/p>","protected":false},"excerpt":{"rendered":"<p><em><strong>\u00cenc\u0103rc\u0103torul XO L138 PD30W\/QC18W ofer\u0103 \u00eenc\u0103rcare rapid\u0103 \u0219i sigur\u0103 prin porturile USB-C \u0219i USB-A, men\u021bin\u00e2nd \u00een acela\u0219i timp o dimensiune compact\u0103 \u0219i confortul oferit.<\/strong><\/em><\/p>","protected":false},"featured_media":9173,"template":"","meta":{"_acf_changed":false},"product_brand":[301],"product_cat":[252],"product_tag":[545,551,272,588],"class_list":{"0":"post-9168","1":"product","2":"type-product","3":"status-publish","4":"has-post-thumbnail","6":"product_brand-xo","7":"product_cat-charging-adapters","8":"product_tag-usb-a","9":"product_tag-usb-c","10":"product_tag-272","11":"product_tag-588","13":"first","14":"instock","15":"sale","16":"taxable","17":"shipping-taxable","18":"purchasable","19":"product-type-simple","20":"add-to-wishlist-after_add_to_cart"},"acf":[],"jetpack_sharing_enabled":true,"_links":{"self":[{"href":"https:\/\/darvilais.md\/ro\/wp-json\/wp\/v2\/product\/9168","targetHints":{"allow":["GET"]}}],"collection":[{"href":"https:\/\/darvilais.md\/ro\/wp-json\/wp\/v2\/product"}],"about":[{"href":"https:\/\/darvilais.md\/ro\/wp-json\/wp\/v2\/types\/product"}],"wp:featuredmedia":[{"embeddable":true,"href":"https:\/\/darvilais.md\/ro\/wp-json\/wp\/v2\/media\/9173"}],"wp:attachment":[{"href":"https:\/\/darvilais.md\/ro\/wp-json\/wp\/v2\/media?parent=9168"}],"wp:term":[{"taxonomy":"product_brand","embeddable":true,"href":"https:\/\/darvilais.md\/ro\/wp-json\/wp\/v2\/product_brand?post=9168"},{"taxonomy":"product_cat","embeddable":true,"href":"https:\/\/darvilais.md\/ro\/wp-json\/wp\/v2\/product_cat?post=9168"},{"taxonomy":"product_tag","embeddable":true,"href":"https:\/\/darvilais.md\/ro\/wp-json\/wp\/v2\/product_tag?post=9168"}],"curies":[{"name":"wp","href":"https:\/\/api.w.org\/{rel}","templated":true}]}}