{"id":9157,"date":"2025-09-23T14:31:25","date_gmt":"2025-09-23T14:31:25","guid":{"rendered":"https:\/\/darvilais.md\/?post_type=product&#038;p=9157"},"modified":"2025-09-23T14:31:25","modified_gmt":"2025-09-23T14:31:25","slug":"wiwu-wi-u002-pd-qc-charger-cable-set-white","status":"publish","type":"product","link":"https:\/\/darvilais.md\/ro\/produs\/wiwu-wi-u002-pd-qc-charger-cable-set-white\/","title":{"rendered":"WiWU Wi-U002"},"content":{"rendered":"<h2><strong>\u00cenc\u0103rc\u0103tor de re\u021bea WiWU Wi-U002 PD+QC cu cablu\u00a0<\/strong><\/h2>\n<ul>\n<li><strong>Culoare: alb\u00a0<\/strong><\/li>\n<li><strong>Tip: \u00cenc\u0103rc\u0103tor + Set cablu USB-C la USB-C\u00a0<\/strong><\/li>\n<li><strong>Compatibilitate: smartphone-uri, tablete \u0219i laptopuri cu PD\/QC\u00a0<\/strong><\/li>\n<li><strong>Interfe\u021be: 1 \u00d7 USB-C, 1 \u00d7 USB-A\u00a0<\/strong><\/li>\n<li><strong>Alimentare: \u00cenc\u0103rcare rapid\u0103 PD + QC\u00a0<\/strong><\/li>\n<li><strong>Caracteristici: Cablu USB-C la USB-C inclus, protec\u021bie la supra\u00eenc\u0103lzire, design compact\u00a0<\/strong><\/li>\n<li><strong>Produc\u0103tor: WiWU\u00a0<\/strong><\/li>\n<\/ul>\n<p><strong><span class=\"s1\">Confirmat: <\/span><a href=\"https:\/\/www.wiwu.com\/Fast-Charger-Wi-U002-.html\" target=\"_blank\" rel=\"noopener\">https:\/\/www.wiwu.com\/Fast-Charger-Wi-U002-.html<\/a><\/strong><\/p>","protected":false},"excerpt":{"rendered":"<p><strong><em>\u00cenc\u0103rc\u0103torul WiWU Wi-U002 PD+QC cu cablu USB-C ofer\u0103 \u00eenc\u0103rcare rapid\u0103 \u0219i sigur\u0103 a smartphone-urilor, tabletelor \u0219i laptopurilor.<\/em><\/strong><\/p>","protected":false},"featured_media":9158,"template":"","meta":{"_acf_changed":false},"product_brand":[307],"product_cat":[252],"product_tag":[551,272,588,842],"class_list":{"0":"post-9157","1":"product","2":"type-product","3":"status-publish","4":"has-post-thumbnail","6":"product_brand-wiwu","7":"product_cat-charging-adapters","8":"product_tag-usb-c","9":"product_tag-272","10":"product_tag-588","11":"product_tag-842","13":"first","14":"instock","15":"taxable","16":"shipping-taxable","17":"purchasable","18":"product-type-simple","19":"add-to-wishlist-after_add_to_cart"},"acf":[],"jetpack_sharing_enabled":true,"_links":{"self":[{"href":"https:\/\/darvilais.md\/ro\/wp-json\/wp\/v2\/product\/9157","targetHints":{"allow":["GET"]}}],"collection":[{"href":"https:\/\/darvilais.md\/ro\/wp-json\/wp\/v2\/product"}],"about":[{"href":"https:\/\/darvilais.md\/ro\/wp-json\/wp\/v2\/types\/product"}],"wp:featuredmedia":[{"embeddable":true,"href":"https:\/\/darvilais.md\/ro\/wp-json\/wp\/v2\/media\/9158"}],"wp:attachment":[{"href":"https:\/\/darvilais.md\/ro\/wp-json\/wp\/v2\/media?parent=9157"}],"wp:term":[{"taxonomy":"product_brand","embeddable":true,"href":"https:\/\/darvilais.md\/ro\/wp-json\/wp\/v2\/product_brand?post=9157"},{"taxonomy":"product_cat","embeddable":true,"href":"https:\/\/darvilais.md\/ro\/wp-json\/wp\/v2\/product_cat?post=9157"},{"taxonomy":"product_tag","embeddable":true,"href":"https:\/\/darvilais.md\/ro\/wp-json\/wp\/v2\/product_tag?post=9157"}],"curies":[{"name":"wp","href":"https:\/\/api.w.org\/{rel}","templated":true}]}}