{"id":9101,"date":"2025-09-18T20:00:02","date_gmt":"2025-09-18T20:00:02","guid":{"rendered":"https:\/\/darvilais.md\/?post_type=product&#038;p=9101"},"modified":"2025-09-18T20:00:02","modified_gmt":"2025-09-18T20:00:02","slug":"samsung-ep-ta845-45w-usb-c-charger","status":"publish","type":"product","link":"https:\/\/darvilais.md\/ro\/produs\/samsung-ep-ta845-45w-usb-c-charger\/","title":{"rendered":"Samsung EP-TA845"},"content":{"rendered":"<p><strong>\u00cenc\u0103rc\u0103tor de perete Samsung EP-TA845 45W<\/strong><\/p>\n<ul>\n<li class=\"p1\"><strong>Culoare: negru, alb<\/strong><\/li>\n<li class=\"p1\"><strong>Tip: \u00eenc\u0103rc\u0103tor<\/strong><\/li>\n<li class=\"p1\"><strong>Compatibilitate: Smartphone-uri, tablete \u0219i alte dispozitive USB-C<\/strong><\/li>\n<li class=\"p1\"><strong>Interfe\u021be: 1 \u00d7 USB-C<\/strong><\/li>\n<li class=\"p1\"><strong>Putere: p\u00e2n\u0103 la 45W, 4.05A<\/strong><\/li>\n<li class=\"p1\"><strong>Caracteristici: \u00eenc\u0103rcare rapid\u0103, design compact, protec\u021bie la supra\u00eenc\u0103lzire \u0219i scurtcircuit<\/strong><\/li>\n<li class=\"p1\"><strong>Produc\u0103tor: Samsung<\/strong><\/li>\n<\/ul>\n<p><strong><span class=\"s1\">Confirmat: <\/span><a href=\"https:\/\/www.samsung.com\/us\/mobile\/mobile-accessories\/phones\/45w-usb-c-fast-charging-wall-charger-black-ep-ta845xbegus\/\" target=\"_blank\" rel=\"noopener\">https:\/\/www.samsung.com\/us\/mobile\/mobile-accessories\/phones\/45w-usb-c-fast-charging-wall-charger-black-ep-ta845xbegus\/<\/a><\/strong><\/p>","protected":false},"excerpt":{"rendered":"<p><em><strong>\u00cenc\u0103rc\u0103torul Samsung EP-TA845 de 45W USB-C ofer\u0103 \u00eenc\u0103rcare rapid\u0103 \u0219i sigur\u0103 pentru smartphone-uri \u0219i tablete. Acest dispozitiv compact \u0219i fiabil este perfect pentru utilizare acas\u0103 \u0219i la birou.<\/strong><\/em><\/p>","protected":false},"featured_media":9111,"template":"","meta":{"_acf_changed":false},"product_brand":[838],"product_cat":[252],"product_tag":[],"class_list":{"0":"post-9101","1":"product","2":"type-product","3":"status-publish","4":"has-post-thumbnail","6":"product_brand-samsung","7":"product_cat-charging-adapters","9":"first","10":"instock","11":"sale","12":"taxable","13":"shipping-taxable","14":"purchasable","15":"product-type-variable","16":"add-to-wishlist-after_add_to_cart"},"acf":[],"jetpack_sharing_enabled":true,"_links":{"self":[{"href":"https:\/\/darvilais.md\/ro\/wp-json\/wp\/v2\/product\/9101","targetHints":{"allow":["GET"]}}],"collection":[{"href":"https:\/\/darvilais.md\/ro\/wp-json\/wp\/v2\/product"}],"about":[{"href":"https:\/\/darvilais.md\/ro\/wp-json\/wp\/v2\/types\/product"}],"wp:featuredmedia":[{"embeddable":true,"href":"https:\/\/darvilais.md\/ro\/wp-json\/wp\/v2\/media\/9111"}],"wp:attachment":[{"href":"https:\/\/darvilais.md\/ro\/wp-json\/wp\/v2\/media?parent=9101"}],"wp:term":[{"taxonomy":"product_brand","embeddable":true,"href":"https:\/\/darvilais.md\/ro\/wp-json\/wp\/v2\/product_brand?post=9101"},{"taxonomy":"product_cat","embeddable":true,"href":"https:\/\/darvilais.md\/ro\/wp-json\/wp\/v2\/product_cat?post=9101"},{"taxonomy":"product_tag","embeddable":true,"href":"https:\/\/darvilais.md\/ro\/wp-json\/wp\/v2\/product_tag?post=9101"}],"curies":[{"name":"wp","href":"https:\/\/api.w.org\/{rel}","templated":true}]}}