{"id":9086,"date":"2025-09-18T17:36:10","date_gmt":"2025-09-18T17:36:10","guid":{"rendered":"https:\/\/darvilais.md\/?post_type=product&#038;p=9086"},"modified":"2025-09-18T17:36:10","modified_gmt":"2025-09-18T17:36:10","slug":"acefast-a1-pd20w-usb-c-charger","status":"publish","type":"product","link":"https:\/\/darvilais.md\/ro\/produs\/acefast-a1-pd20w-usb-c-charger\/","title":{"rendered":"Acefast A1"},"content":{"rendered":"<h2><strong>\u00cenc\u0103rc\u0103tor de perete Acefast A1 PD20W<\/strong><\/h2>\n<ul>\n<li class=\"p1\"><strong>Culoare: alb, negru<\/strong><\/li>\n<li class=\"p1\"><strong>Tip: \u00eenc\u0103rc\u0103tor<\/strong><\/li>\n<li class=\"p1\"><strong>Compatibilitate: Smartphone-uri, tablete \u0219i alte dispozitive cu suport PD<\/strong><\/li>\n<li class=\"p1\"><strong>Interfe\u021be: 1 \u00d7 USB-C<\/strong><\/li>\n<li class=\"p1\"><strong>Putere: p\u00e2n\u0103 la 20W (PD)<\/strong><\/li>\n<li class=\"p1\"><strong>Caracteristici: \u00eenc\u0103rcare rapid\u0103, design compact, protec\u021bie la supra\u00eenc\u0103lzire \u0219i scurtcircuit<\/strong><\/li>\n<li class=\"p1\"><strong>Produc\u0103tor: Acefast<\/strong><\/li>\n<\/ul>\n<p><strong><span class=\"s1\">Confirmat: <\/span><a href=\"https:\/\/acefast.com\/catalog\/wall-chargers\/fast-charge-wall-charger-a1-pd3-0-20w-1xusb-c-eu\/\" target=\"_blank\" rel=\"noopener\">https:\/\/acefast.com\/catalog\/wall-chargers\/fast-charge-wall-charger-a1-pd3-0-20w-1xusb-c-eu\/<\/a><\/strong><\/p>","protected":false},"excerpt":{"rendered":"<p><em><strong>Acefast A1 PD20W este un \u00eenc\u0103rc\u0103tor compact cu port USB-C pentru \u00eenc\u0103rcarea rapid\u0103 \u0219i sigur\u0103 a smartphone-urilor \u0219i tabletelor.<\/strong><\/em><\/p>","protected":false},"featured_media":9090,"template":"","meta":{"_acf_changed":false},"product_brand":[318],"product_cat":[252],"product_tag":[831,551,272,588],"class_list":{"0":"post-9086","1":"product","2":"type-product","3":"status-publish","4":"has-post-thumbnail","6":"product_brand-acefast","7":"product_cat-charging-adapters","8":"product_tag-20w","9":"product_tag-usb-c","10":"product_tag-272","11":"product_tag-588","13":"first","14":"instock","15":"sale","16":"taxable","17":"shipping-taxable","18":"purchasable","19":"product-type-variable","20":"add-to-wishlist-after_add_to_cart"},"acf":[],"jetpack_sharing_enabled":true,"_links":{"self":[{"href":"https:\/\/darvilais.md\/ro\/wp-json\/wp\/v2\/product\/9086","targetHints":{"allow":["GET"]}}],"collection":[{"href":"https:\/\/darvilais.md\/ro\/wp-json\/wp\/v2\/product"}],"about":[{"href":"https:\/\/darvilais.md\/ro\/wp-json\/wp\/v2\/types\/product"}],"wp:featuredmedia":[{"embeddable":true,"href":"https:\/\/darvilais.md\/ro\/wp-json\/wp\/v2\/media\/9090"}],"wp:attachment":[{"href":"https:\/\/darvilais.md\/ro\/wp-json\/wp\/v2\/media?parent=9086"}],"wp:term":[{"taxonomy":"product_brand","embeddable":true,"href":"https:\/\/darvilais.md\/ro\/wp-json\/wp\/v2\/product_brand?post=9086"},{"taxonomy":"product_cat","embeddable":true,"href":"https:\/\/darvilais.md\/ro\/wp-json\/wp\/v2\/product_cat?post=9086"},{"taxonomy":"product_tag","embeddable":true,"href":"https:\/\/darvilais.md\/ro\/wp-json\/wp\/v2\/product_tag?post=9086"}],"curies":[{"name":"wp","href":"https:\/\/api.w.org\/{rel}","templated":true}]}}