{"id":9078,"date":"2025-09-18T17:24:21","date_gmt":"2025-09-18T17:24:21","guid":{"rendered":"https:\/\/darvilais.md\/?post_type=product&#038;p=9078"},"modified":"2025-09-18T17:24:21","modified_gmt":"2025-09-18T17:24:21","slug":"hoco-cs32a-rise-pd20w-qc30-charger","status":"publish","type":"product","link":"https:\/\/darvilais.md\/ro\/produs\/hoco-cs32a-rise-pd20w-qc30-charger\/","title":{"rendered":"Hoco CS32A"},"content":{"rendered":"<h2><strong>\u00cenc\u0103rc\u0103tor de perete Hoco CS32A Rise PD20W+QC3.0<\/strong><\/h2>\n<ul>\n<li class=\"p1\"><strong>Culoare: negru<\/strong><\/li>\n<li class=\"p1\"><strong>Tip: \u00eenc\u0103rc\u0103tor<\/strong><\/li>\n<li class=\"p1\"><strong>Compatibilitate: Smartphone-uri, tablete \u0219i alte dispozitive cu suport PD\/QC<\/strong><\/li>\n<li class=\"p1\"><strong>Interfe\u021be: 1 \u00d7 USB-C, 1 \u00d7 USB-A<\/strong><\/li>\n<li class=\"p1\"><strong>Putere: p\u00e2n\u0103 la 20W (PD), QC3.0<\/strong><\/li>\n<li class=\"p1\"><strong>Caracteristici: \u00eenc\u0103rcare rapid\u0103, design compact, protec\u021bie la supra\u00eenc\u0103lzire \u0219i scurtcircuit<\/strong><\/li>\n<li class=\"p1\"><strong>Producator: Hoco<\/strong><\/li>\n<\/ul>\n<p><strong><span class=\"s1\">Confirmat: <\/span><a href=\"https:\/\/hocotech.com\/product\/power\/wall-chargers\/wall-charger-cs32a-rise-pd20w-qc3-0-eu-cable-set\/\" target=\"_blank\" rel=\"noopener\">https:\/\/hocotech.com\/product\/power\/wall-chargers\/wall-charger-cs32a-rise-pd20w-qc3-0-eu-cable-set\/<\/a><\/strong><\/p>","protected":false},"excerpt":{"rendered":"<p><strong>Hoco CS32A Rise PD20W+QC3.0 este un \u00eenc\u0103rc\u0103tor compact cu dou\u0103 porturi (USB-C \u0219i USB-A), oferind \u00eenc\u0103rcare rapid\u0103 \u0219i sigur\u0103.<\/strong><\/p>","protected":false},"featured_media":9082,"template":"","meta":{"_acf_changed":false},"product_brand":[286],"product_cat":[252],"product_tag":[524,551,272,588],"class_list":{"0":"post-9078","1":"product","2":"type-product","3":"status-publish","4":"has-post-thumbnail","6":"product_brand-hoco","7":"product_cat-charging-adapters","8":"product_tag-qc3-0","9":"product_tag-usb-c","10":"product_tag-272","11":"product_tag-588","13":"first","14":"instock","15":"sale","16":"taxable","17":"shipping-taxable","18":"purchasable","19":"product-type-simple","20":"add-to-wishlist-after_add_to_cart"},"acf":[],"jetpack_sharing_enabled":true,"_links":{"self":[{"href":"https:\/\/darvilais.md\/ro\/wp-json\/wp\/v2\/product\/9078","targetHints":{"allow":["GET"]}}],"collection":[{"href":"https:\/\/darvilais.md\/ro\/wp-json\/wp\/v2\/product"}],"about":[{"href":"https:\/\/darvilais.md\/ro\/wp-json\/wp\/v2\/types\/product"}],"wp:featuredmedia":[{"embeddable":true,"href":"https:\/\/darvilais.md\/ro\/wp-json\/wp\/v2\/media\/9082"}],"wp:attachment":[{"href":"https:\/\/darvilais.md\/ro\/wp-json\/wp\/v2\/media?parent=9078"}],"wp:term":[{"taxonomy":"product_brand","embeddable":true,"href":"https:\/\/darvilais.md\/ro\/wp-json\/wp\/v2\/product_brand?post=9078"},{"taxonomy":"product_cat","embeddable":true,"href":"https:\/\/darvilais.md\/ro\/wp-json\/wp\/v2\/product_cat?post=9078"},{"taxonomy":"product_tag","embeddable":true,"href":"https:\/\/darvilais.md\/ro\/wp-json\/wp\/v2\/product_tag?post=9078"}],"curies":[{"name":"wp","href":"https:\/\/api.w.org\/{rel}","templated":true}]}}