{"id":9027,"date":"2025-09-17T12:52:28","date_gmt":"2025-09-17T12:52:28","guid":{"rendered":"https:\/\/darvilais.md\/?post_type=product&#038;p=9027"},"modified":"2025-09-17T18:41:49","modified_gmt":"2025-09-17T18:41:49","slug":"wiwu-wi-g014-cube-gan-20w-charger-white","status":"publish","type":"product","link":"https:\/\/darvilais.md\/ro\/produs\/wiwu-wi-g014-cube-gan-20w-charger-white\/","title":{"rendered":"WiWU Wi-G014"},"content":{"rendered":"<h2><strong>WiWU Wi-G014 \u00cenc\u0103rc\u0103tor de perete Cube GaN 20W<\/strong><\/h2>\n<ul>\n<li class=\"p1\"><strong>Culoare: alb<\/strong><\/li>\n<li class=\"p1\"><strong>Tip: \u00eenc\u0103rc\u0103tor<\/strong><\/li>\n<li class=\"p1\"><strong>Compatibilitate: smartphone-uri, tablete \u0219i alte dispozitive cu PD<\/strong><\/li>\n<li class=\"p1\"><strong>Interfa\u021b\u0103: 1 \u00d7 USB-C<\/strong><\/li>\n<li class=\"p1\"><strong>Putere: p\u00e2n\u0103 la 20W (PD, GaN)<\/strong><\/li>\n<li class=\"p1\"><strong>Caracteristici: Design compact cub, \u00eenc\u0103rcare rapid\u0103, protec\u021bie la supra\u00eenc\u0103lzire, tehnologie GaN<\/strong><\/li>\n<li class=\"p1\"><strong>Produc\u0103tor: WiWU<\/strong><\/li>\n<\/ul>\n<p><strong><span class=\"s1\">Confirmat: <\/span><a href=\"https:\/\/www.wiwu.com\/wiwu-20w-cube-gan-fast-charger-1c--wi-g014.html\" target=\"_blank\" rel=\"noopener\">https:\/\/www.wiwu.com\/wiwu-20w-cube-gan-fast-charger-1c&#8211;wi-g014.html<\/a><\/strong><\/p>","protected":false},"excerpt":{"rendered":"<p><em><strong>\u00cenc\u0103rc\u0103torul compact WiWU Wi-G014 Cube GaN 20W ofer\u0103 \u00eenc\u0103rcare rapid\u0103 \u0219i sigur\u0103 pentru smartphone-uri \u0219i tablete.<\/strong><\/em><\/p>","protected":false},"featured_media":9030,"template":"","meta":{"_acf_changed":false},"product_brand":[307],"product_cat":[252],"product_tag":[831,551,272,588],"class_list":{"0":"post-9027","1":"product","2":"type-product","3":"status-publish","4":"has-post-thumbnail","6":"product_brand-wiwu","7":"product_cat-charging-adapters","8":"product_tag-20w","9":"product_tag-usb-c","10":"product_tag-272","11":"product_tag-588","13":"first","14":"instock","15":"sale","16":"taxable","17":"shipping-taxable","18":"purchasable","19":"product-type-simple","20":"add-to-wishlist-after_add_to_cart"},"acf":[],"jetpack_sharing_enabled":true,"_links":{"self":[{"href":"https:\/\/darvilais.md\/ro\/wp-json\/wp\/v2\/product\/9027","targetHints":{"allow":["GET"]}}],"collection":[{"href":"https:\/\/darvilais.md\/ro\/wp-json\/wp\/v2\/product"}],"about":[{"href":"https:\/\/darvilais.md\/ro\/wp-json\/wp\/v2\/types\/product"}],"wp:featuredmedia":[{"embeddable":true,"href":"https:\/\/darvilais.md\/ro\/wp-json\/wp\/v2\/media\/9030"}],"wp:attachment":[{"href":"https:\/\/darvilais.md\/ro\/wp-json\/wp\/v2\/media?parent=9027"}],"wp:term":[{"taxonomy":"product_brand","embeddable":true,"href":"https:\/\/darvilais.md\/ro\/wp-json\/wp\/v2\/product_brand?post=9027"},{"taxonomy":"product_cat","embeddable":true,"href":"https:\/\/darvilais.md\/ro\/wp-json\/wp\/v2\/product_cat?post=9027"},{"taxonomy":"product_tag","embeddable":true,"href":"https:\/\/darvilais.md\/ro\/wp-json\/wp\/v2\/product_tag?post=9027"}],"curies":[{"name":"wp","href":"https:\/\/api.w.org\/{rel}","templated":true}]}}