{"id":9021,"date":"2025-09-17T15:19:54","date_gmt":"2025-09-17T12:19:54","guid":{"rendered":"https:\/\/darvilais.md\/?post_type=product&#038;p=9021"},"modified":"2026-04-17T16:48:31","modified_gmt":"2026-04-17T13:48:31","slug":"wiwu-firefly-30w-pd-gan-charger-black","status":"publish","type":"product","link":"https:\/\/darvilais.md\/ro\/produs\/wiwu-firefly-30w-pd-gan-charger-black\/","title":{"rendered":"Wiwu Wi-G010"},"content":{"rendered":"<h2><strong>\u00cenc\u0103rc\u0103tor de perete Wiwu Firefly 30W PD GaN Wi-G010<\/strong><\/h2>\n<ul>\n<li class=\"p1\"><strong>Culoare: negru<\/strong><\/li>\n<li class=\"p1\"><strong>Tip: \u00eenc\u0103rc\u0103tor<\/strong><\/li>\n<li class=\"p1\"><strong>Compatibilitate: smartphone-uri, tablete, laptopuri \u0219i alte dispozitive cu PD<\/strong><\/li>\n<li class=\"p1\"><strong>Interfa\u021b\u0103: 1 \u00d7 USB-C<\/strong><\/li>\n<li class=\"p1\"><strong>Putere: p\u00e2n\u0103 la 30W (PD, GaN)<\/strong><\/li>\n<li class=\"p1\"><strong>Caracteristici: \u00cenc\u0103rcare rapid\u0103, dimensiuni compacte, tehnologie GaN, protec\u021bie la supra\u00eenc\u0103lzire<\/strong><\/li>\n<li class=\"p1\"><strong>Produc\u0103tor: Wiwu<\/strong><\/li>\n<\/ul>\n<p><strong><span class=\"s1\">Confirmat: <\/span><a href=\"https:\/\/www.wiwu.com\/product-5575214531091673.html\" target=\"_blank\" rel=\"noopener\">https:\/\/www.wiwu.com\/product-5575214531091673.html<\/a><\/strong><\/p>","protected":false},"excerpt":{"rendered":"<p><strong><em>\u00cenc\u0103rc\u0103torul negru Wiwu Firefly 30W PD GaN ofer\u0103 \u00eenc\u0103rcare rapid\u0103 \u0219i sigur\u0103 pentru smartphone-uri, tablete \u0219i laptopuri.<\/em><\/strong><\/p>","protected":false},"featured_media":9026,"template":"","meta":{"_acf_changed":false},"product_brand":[307],"product_cat":[252],"product_tag":[832,551,272,588],"class_list":{"0":"post-9021","1":"product","2":"type-product","3":"status-publish","4":"has-post-thumbnail","6":"product_brand-wiwu","7":"product_cat-charging-adapters","8":"product_tag-30w","9":"product_tag-usb-c","10":"product_tag-272","11":"product_tag-588","13":"first","14":"instock","15":"taxable","16":"shipping-taxable","17":"purchasable","18":"product-type-simple","19":"add-to-wishlist-after_add_to_cart"},"acf":[],"jetpack_sharing_enabled":true,"_links":{"self":[{"href":"https:\/\/darvilais.md\/ro\/wp-json\/wp\/v2\/product\/9021","targetHints":{"allow":["GET"]}}],"collection":[{"href":"https:\/\/darvilais.md\/ro\/wp-json\/wp\/v2\/product"}],"about":[{"href":"https:\/\/darvilais.md\/ro\/wp-json\/wp\/v2\/types\/product"}],"wp:featuredmedia":[{"embeddable":true,"href":"https:\/\/darvilais.md\/ro\/wp-json\/wp\/v2\/media\/9026"}],"wp:attachment":[{"href":"https:\/\/darvilais.md\/ro\/wp-json\/wp\/v2\/media?parent=9021"}],"wp:term":[{"taxonomy":"product_brand","embeddable":true,"href":"https:\/\/darvilais.md\/ro\/wp-json\/wp\/v2\/product_brand?post=9021"},{"taxonomy":"product_cat","embeddable":true,"href":"https:\/\/darvilais.md\/ro\/wp-json\/wp\/v2\/product_cat?post=9021"},{"taxonomy":"product_tag","embeddable":true,"href":"https:\/\/darvilais.md\/ro\/wp-json\/wp\/v2\/product_tag?post=9021"}],"curies":[{"name":"wp","href":"https:\/\/api.w.org\/{rel}","templated":true}]}}