{"id":9008,"date":"2025-09-16T19:26:31","date_gmt":"2025-09-16T19:26:31","guid":{"rendered":"https:\/\/darvilais.md\/?post_type=product&#038;p=9008"},"modified":"2025-09-16T19:26:31","modified_gmt":"2025-09-16T19:26:31","slug":"hoco-n60-gentle-pd20w-charger-black","status":"publish","type":"product","link":"https:\/\/darvilais.md\/ro\/produs\/hoco-n60-gentle-pd20w-charger-black\/","title":{"rendered":"Hoco N60"},"content":{"rendered":"<p><strong>Hoco N60 Gentle PD20W<\/strong><\/p>\n<ul>\n<li class=\"p1\"><strong>Culoare: negru, alb<\/strong><\/li>\n<li class=\"p1\"><strong>Tip: \u00eenc\u0103rc\u0103tor de re\u021bea<\/strong><\/li>\n<li class=\"p1\"><strong>Interfa\u021b\u0103: 1 \u00d7 USB-C<\/strong><\/li>\n<li class=\"p1\"><strong>Compatibilitate: Smartphone-uri, tablete \u0219i alte dispozitive cu suport PD<\/strong><\/li>\n<li class=\"p1\"><strong>Putere: p\u00e2n\u0103 la 20W (PD)<\/strong><\/li>\n<li class=\"p1\"><strong>Caracteristici: compact, \u00eenc\u0103rcare rapid\u0103, protec\u021bie la supra\u00eenc\u0103lzire<\/strong><\/li>\n<li class=\"p1\"><strong>Producator: Hoco<\/strong><\/li>\n<\/ul>\n<p><strong><span class=\"s1\">Confirmat: <\/span><a href=\"https:\/\/hocotech.com\/product\/power\/wall-chargers\/wall-charger-n60-gentle-pd20w-eu-cable-set\/\" target=\"_blank\" rel=\"noopener\">https:\/\/hocotech.com\/product\/power\/wall-chargers\/wall-charger-n60-gentle-pd20w-eu-cable-set\/<\/a><\/strong><\/p>","protected":false},"excerpt":{"rendered":"<p><em><strong>\u00cenc\u0103rc\u0103torul negru Hoco N60 Gentle PD20W cu port USB-C ofer\u0103 \u00eenc\u0103rcare rapid\u0103 \u0219i protec\u021bie la supra\u00eenc\u0103lzire.<\/strong><\/em><\/p>","protected":false},"featured_media":9014,"template":"","meta":{"_acf_changed":false},"product_brand":[286],"product_cat":[252],"product_tag":[831,551,272,588],"class_list":{"0":"post-9008","1":"product","2":"type-product","3":"status-publish","4":"has-post-thumbnail","6":"product_brand-hoco","7":"product_cat-charging-adapters","8":"product_tag-20w","9":"product_tag-usb-c","10":"product_tag-272","11":"product_tag-588","13":"first","14":"instock","15":"sale","16":"taxable","17":"shipping-taxable","18":"purchasable","19":"product-type-variable","20":"add-to-wishlist-after_add_to_cart"},"acf":[],"jetpack_sharing_enabled":true,"_links":{"self":[{"href":"https:\/\/darvilais.md\/ro\/wp-json\/wp\/v2\/product\/9008","targetHints":{"allow":["GET"]}}],"collection":[{"href":"https:\/\/darvilais.md\/ro\/wp-json\/wp\/v2\/product"}],"about":[{"href":"https:\/\/darvilais.md\/ro\/wp-json\/wp\/v2\/types\/product"}],"wp:featuredmedia":[{"embeddable":true,"href":"https:\/\/darvilais.md\/ro\/wp-json\/wp\/v2\/media\/9014"}],"wp:attachment":[{"href":"https:\/\/darvilais.md\/ro\/wp-json\/wp\/v2\/media?parent=9008"}],"wp:term":[{"taxonomy":"product_brand","embeddable":true,"href":"https:\/\/darvilais.md\/ro\/wp-json\/wp\/v2\/product_brand?post=9008"},{"taxonomy":"product_cat","embeddable":true,"href":"https:\/\/darvilais.md\/ro\/wp-json\/wp\/v2\/product_cat?post=9008"},{"taxonomy":"product_tag","embeddable":true,"href":"https:\/\/darvilais.md\/ro\/wp-json\/wp\/v2\/product_tag?post=9008"}],"curies":[{"name":"wp","href":"https:\/\/api.w.org\/{rel}","templated":true}]}}