{"id":9004,"date":"2025-09-16T16:09:02","date_gmt":"2025-09-16T16:09:02","guid":{"rendered":"https:\/\/darvilais.md\/?post_type=product&#038;p=9004"},"modified":"2025-09-16T16:09:56","modified_gmt":"2025-09-16T16:09:56","slug":"silicone-knitted-iphone-xs-max-lime","status":"publish","type":"product","link":"https:\/\/darvilais.md\/ro\/produs\/silicone-knitted-iphone-xs-max-lime\/","title":{"rendered":"iPhone Xs Max"},"content":{"rendered":"<h2><strong>Carcas\u0103 din silicon tricotat\u0103 pentru iPhone Xs Max<\/strong><\/h2>\n<ul>\n<li class=\"p1\"><strong>Culoare: lime<\/strong><\/li>\n<li class=\"p1\"><strong>Tip: carcas\u0103 de protec\u021bie<\/strong><\/li>\n<li class=\"p1\"><strong>Compatibilitate: iPhone Xs Max<\/strong><\/li>\n<li class=\"p1\"><strong>Material: silicon + textil<\/strong><\/li>\n<li class=\"p1\"><strong>Caracteristici: rezistent la \u0219ocuri, u\u0219oar\u0103, suprafa\u021b\u0103 texturat\u0103<\/strong><\/li>\n<li class=\"p1\"><strong>Produc\u0103tor: altul<\/strong><\/li>\n<\/ul>","protected":false},"excerpt":{"rendered":"<p><em><strong>Husa tricotat\u0103 din silicon Lime pentru iPhone Xs Max v\u0103 protejeaz\u0103 dispozitivul de lovituri \u0219i zg\u00e2rieturi, men\u021bin\u00e2nd \u00een acela\u0219i timp u\u0219urin\u021ba \u00een utilizare \u0219i un aspect elegant.<\/strong><\/em><\/p>","protected":false},"featured_media":9007,"template":"","meta":{"_acf_changed":false},"product_brand":[364],"product_cat":[362],"product_tag":[830,725,829,824],"class_list":{"0":"post-9004","1":"product","2":"type-product","3":"status-publish","4":"has-post-thumbnail","6":"product_brand-364","7":"product_cat-phone-cases","8":"product_tag-830","9":"product_tag-725","10":"product_tag-829","11":"product_tag-824","13":"first","14":"instock","15":"sale","16":"taxable","17":"shipping-taxable","18":"purchasable","19":"product-type-simple","20":"add-to-wishlist-after_add_to_cart"},"acf":[],"jetpack_sharing_enabled":true,"_links":{"self":[{"href":"https:\/\/darvilais.md\/ro\/wp-json\/wp\/v2\/product\/9004","targetHints":{"allow":["GET"]}}],"collection":[{"href":"https:\/\/darvilais.md\/ro\/wp-json\/wp\/v2\/product"}],"about":[{"href":"https:\/\/darvilais.md\/ro\/wp-json\/wp\/v2\/types\/product"}],"wp:featuredmedia":[{"embeddable":true,"href":"https:\/\/darvilais.md\/ro\/wp-json\/wp\/v2\/media\/9007"}],"wp:attachment":[{"href":"https:\/\/darvilais.md\/ro\/wp-json\/wp\/v2\/media?parent=9004"}],"wp:term":[{"taxonomy":"product_brand","embeddable":true,"href":"https:\/\/darvilais.md\/ro\/wp-json\/wp\/v2\/product_brand?post=9004"},{"taxonomy":"product_cat","embeddable":true,"href":"https:\/\/darvilais.md\/ro\/wp-json\/wp\/v2\/product_cat?post=9004"},{"taxonomy":"product_tag","embeddable":true,"href":"https:\/\/darvilais.md\/ro\/wp-json\/wp\/v2\/product_tag?post=9004"}],"curies":[{"name":"wp","href":"https:\/\/api.w.org\/{rel}","templated":true}]}}