{"id":8975,"date":"2025-09-13T10:10:14","date_gmt":"2025-09-13T10:10:14","guid":{"rendered":"https:\/\/darvilais.md\/?post_type=product&#038;p=8975"},"modified":"2025-09-13T10:10:14","modified_gmt":"2025-09-13T10:10:14","slug":"tpu-space-iphone-xr-transparent","status":"publish","type":"product","link":"https:\/\/darvilais.md\/ro\/produs\/tpu-space-iphone-xr-transparent\/","title":{"rendered":"iPhone XR"},"content":{"rendered":"<h2><strong>Carcas\u0103 TPU Space pentru iPhone XR<\/strong><\/h2>\n<ul>\n<li class=\"p1\"><strong>Culoare: transparent\u0103<\/strong><\/li>\n<li class=\"p1\"><strong>Tip: strat protector TPU<\/strong><\/li>\n<li class=\"p1\"><strong>Compatibilitate: iPhone XR<\/strong><\/li>\n<li class=\"p1\"><strong>Material: TPU<\/strong><\/li>\n<li class=\"p1\"><strong>Caracteristici: u\u0219or, protector, rezistent la \u0219ocuri<\/strong><\/li>\n<li class=\"p1\"><strong>Produc\u0103tor: Space<\/strong><\/li>\n<\/ul>","protected":false},"excerpt":{"rendered":"<p><em><strong>Carcasa transparent\u0103 Space TPU pentru iPhone XR ofer\u0103 protec\u021bie u\u0219oar\u0103 \u00eempotriva impacturilor \u0219i zg\u00e2rieturilor, p\u0103str\u00e2nd \u00een acela\u0219i timp designul telefonului.<\/strong><\/em><\/p>","protected":false},"featured_media":8976,"template":"","meta":{"_acf_changed":false},"product_brand":[364],"product_cat":[362],"product_tag":[823,820,821,822],"class_list":{"0":"post-8975","1":"product","2":"type-product","3":"status-publish","4":"has-post-thumbnail","6":"product_brand-364","7":"product_cat-phone-cases","8":"product_tag-iphone-xr","9":"product_tag--tpu","10":"product_tag-821","11":"product_tag-822","13":"first","14":"instock","15":"sale","16":"taxable","17":"shipping-taxable","18":"purchasable","19":"product-type-simple","20":"add-to-wishlist-after_add_to_cart"},"acf":[],"jetpack_sharing_enabled":true,"_links":{"self":[{"href":"https:\/\/darvilais.md\/ro\/wp-json\/wp\/v2\/product\/8975","targetHints":{"allow":["GET"]}}],"collection":[{"href":"https:\/\/darvilais.md\/ro\/wp-json\/wp\/v2\/product"}],"about":[{"href":"https:\/\/darvilais.md\/ro\/wp-json\/wp\/v2\/types\/product"}],"wp:featuredmedia":[{"embeddable":true,"href":"https:\/\/darvilais.md\/ro\/wp-json\/wp\/v2\/media\/8976"}],"wp:attachment":[{"href":"https:\/\/darvilais.md\/ro\/wp-json\/wp\/v2\/media?parent=8975"}],"wp:term":[{"taxonomy":"product_brand","embeddable":true,"href":"https:\/\/darvilais.md\/ro\/wp-json\/wp\/v2\/product_brand?post=8975"},{"taxonomy":"product_cat","embeddable":true,"href":"https:\/\/darvilais.md\/ro\/wp-json\/wp\/v2\/product_cat?post=8975"},{"taxonomy":"product_tag","embeddable":true,"href":"https:\/\/darvilais.md\/ro\/wp-json\/wp\/v2\/product_tag?post=8975"}],"curies":[{"name":"wp","href":"https:\/\/api.w.org\/{rel}","templated":true}]}}