{"id":8883,"date":"2025-09-10T12:49:42","date_gmt":"2025-09-10T12:49:42","guid":{"rendered":"https:\/\/darvilais.md\/?post_type=product&#038;p=8883"},"modified":"2025-09-10T12:50:09","modified_gmt":"2025-09-10T12:50:09","slug":"hoco-x109-energy-usb-c-cable-60w-1m-white","status":"publish","type":"product","link":"https:\/\/darvilais.md\/ro\/produs\/hoco-x109-energy-usb-c-cable-60w-1m-white\/","title":{"rendered":"Hoco X109"},"content":{"rendered":"<h2><strong>Cablu de date de \u00eenc\u0103rcare din silicon Hoco X109 Energy 60W, de tip C la C (L=1M), alb<\/strong><\/h2>\n<ul>\n<li class=\"p1\"><strong>Culoare: alb, negru<\/strong><\/li>\n<li class=\"p1\"><strong>Tip: cablu de \u00eenc\u0103rcare \u0219i date<\/strong><\/li>\n<li class=\"p1\"><strong>Compatibilitate: dispozitive USB-C<\/strong><\/li>\n<li class=\"p1\"><strong>Material: silicon<\/strong><\/li>\n<li class=\"p1\"><strong>Lungimea cablului: 1 m<\/strong><\/li>\n<li class=\"p1\"><strong>Putere: p\u00e2n\u0103 la 60 W<\/strong><\/li>\n<li class=\"p1\"><strong>Caracteristici: suport pentru \u00eenc\u0103rcare rapid\u0103, silicon moale<\/strong><\/li>\n<li class=\"p1\"><strong>Producator: Hoco<\/strong><\/li>\n<\/ul>\n<p><strong><span class=\"s1\">Confirmat: <\/span><a href=\"https:\/\/www.hocotech.it\/en\/cables\/hoco-x109-fast-charge-silicone-data-cable-60w-type-c-to-type-c-white-x109cc1-wh\" target=\"_blank\" rel=\"noopener\">https:\/\/www.hocotech.it\/en\/cables\/hoco-x109-fast-charge-silicone-data-cable-60w-type-c-to-type-c-white-x109cc1-wh<\/a><\/strong><\/p>","protected":false},"excerpt":{"rendered":"<p><em><strong>Cablu de silicon Hoco X109 de 1 metru cu suport de 60W pentru \u00eenc\u0103rcare rapid\u0103 \u0219i transfer de date prin USB-C.<\/strong><\/em><\/p>","protected":false},"featured_media":8885,"template":"","meta":{"_acf_changed":false},"product_brand":[286],"product_cat":[253],"product_tag":[802,272,788,602],"class_list":{"0":"post-8883","1":"product","2":"type-product","3":"status-publish","4":"has-post-thumbnail","6":"product_brand-hoco","7":"product_cat-charging-cables","8":"product_tag-802","9":"product_tag-272","10":"product_tag--usb","11":"product_tag-602","13":"first","14":"instock","15":"taxable","16":"shipping-taxable","17":"purchasable","18":"product-type-variable","19":"add-to-wishlist-after_add_to_cart"},"acf":[],"jetpack_sharing_enabled":true,"_links":{"self":[{"href":"https:\/\/darvilais.md\/ro\/wp-json\/wp\/v2\/product\/8883","targetHints":{"allow":["GET"]}}],"collection":[{"href":"https:\/\/darvilais.md\/ro\/wp-json\/wp\/v2\/product"}],"about":[{"href":"https:\/\/darvilais.md\/ro\/wp-json\/wp\/v2\/types\/product"}],"wp:featuredmedia":[{"embeddable":true,"href":"https:\/\/darvilais.md\/ro\/wp-json\/wp\/v2\/media\/8885"}],"wp:attachment":[{"href":"https:\/\/darvilais.md\/ro\/wp-json\/wp\/v2\/media?parent=8883"}],"wp:term":[{"taxonomy":"product_brand","embeddable":true,"href":"https:\/\/darvilais.md\/ro\/wp-json\/wp\/v2\/product_brand?post=8883"},{"taxonomy":"product_cat","embeddable":true,"href":"https:\/\/darvilais.md\/ro\/wp-json\/wp\/v2\/product_cat?post=8883"},{"taxonomy":"product_tag","embeddable":true,"href":"https:\/\/darvilais.md\/ro\/wp-json\/wp\/v2\/product_tag?post=8883"}],"curies":[{"name":"wp","href":"https:\/\/api.w.org\/{rel}","templated":true}]}}