{"id":8852,"date":"2025-09-09T17:55:28","date_gmt":"2025-09-09T17:55:28","guid":{"rendered":"https:\/\/darvilais.md\/?post_type=product&#038;p=8852"},"modified":"2025-09-09T17:55:28","modified_gmt":"2025-09-09T17:55:28","slug":"xo-nb238-zeus-type-c-silicone-cable-3m","status":"publish","type":"product","link":"https:\/\/darvilais.md\/ro\/produs\/xo-nb238-zeus-type-c-silicone-cable-3m\/","title":{"rendered":"XO NB238 3m"},"content":{"rendered":"<h2><strong>Cablu XO NB238 Zeus Series din silicon lichid, cu elasticitate ridicat\u0103, tip C\u00a0<\/strong><\/h2>\n<ul>\n<li class=\"p1\"><strong>Culoare: negru<\/strong><\/li>\n<li class=\"p1\"><strong>Tip: Cablu USB-A \u2192 Tip C<\/strong><\/li>\n<li class=\"p1\"><strong>Compatibilitate: smartphone-uri, tablete \u0219i alte dispozitive USB-C<\/strong><\/li>\n<li class=\"p1\"><strong>Material: TPE extrem de elastic (48 A), cupru<\/strong><\/li>\n<li class=\"p1\"><strong>Dimensiuni: lungime 3 m<\/strong><\/li>\n<li class=\"p1\"><strong>Greutate: \u2248 50,6 g (\u00b13 g)<\/strong><\/li>\n<li class=\"p1\"><strong>Curent maxim: p\u00e2n\u0103 la 2 A<\/strong><\/li>\n<li class=\"p1\"><strong>Func\u021bii: \u00eenc\u0103rcare + transfer de date (p\u00e2n\u0103 la 480 Mbps)<\/strong><\/li>\n<li class=\"p1\"><strong>Produc\u0103tor: XO<\/strong><\/li>\n<\/ul>","protected":false},"excerpt":{"rendered":"<p><em><strong>Cablu flexibil \u0219i elastic XO NB238 Zeus (3 m) cu suport pentru \u00eenc\u0103rcare \u0219i transfer de date de p\u00e2n\u0103 la 480 Mbps - ideal pentru utilizare pe canapea, \u00een ma\u0219in\u0103 \u0219i acas\u0103.<\/strong><\/em><\/p>","protected":false},"featured_media":8855,"template":"","meta":{"_acf_changed":false},"product_brand":[301],"product_cat":[253],"product_tag":[798,797,793,799],"class_list":{"0":"post-8852","1":"product","2":"type-product","3":"status-publish","4":"has-post-thumbnail","6":"product_brand-xo","7":"product_cat-charging-cables","8":"product_tag-3-","9":"product_tag-silicone","10":"product_tag--usb-a","11":"product_tag-799","13":"first","14":"instock","15":"taxable","16":"shipping-taxable","17":"purchasable","18":"product-type-simple","19":"add-to-wishlist-after_add_to_cart"},"acf":[],"jetpack_sharing_enabled":true,"_links":{"self":[{"href":"https:\/\/darvilais.md\/ro\/wp-json\/wp\/v2\/product\/8852","targetHints":{"allow":["GET"]}}],"collection":[{"href":"https:\/\/darvilais.md\/ro\/wp-json\/wp\/v2\/product"}],"about":[{"href":"https:\/\/darvilais.md\/ro\/wp-json\/wp\/v2\/types\/product"}],"wp:featuredmedia":[{"embeddable":true,"href":"https:\/\/darvilais.md\/ro\/wp-json\/wp\/v2\/media\/8855"}],"wp:attachment":[{"href":"https:\/\/darvilais.md\/ro\/wp-json\/wp\/v2\/media?parent=8852"}],"wp:term":[{"taxonomy":"product_brand","embeddable":true,"href":"https:\/\/darvilais.md\/ro\/wp-json\/wp\/v2\/product_brand?post=8852"},{"taxonomy":"product_cat","embeddable":true,"href":"https:\/\/darvilais.md\/ro\/wp-json\/wp\/v2\/product_cat?post=8852"},{"taxonomy":"product_tag","embeddable":true,"href":"https:\/\/darvilais.md\/ro\/wp-json\/wp\/v2\/product_tag?post=8852"}],"curies":[{"name":"wp","href":"https:\/\/api.w.org\/{rel}","templated":true}]}}