{"id":8828,"date":"2025-09-07T11:46:02","date_gmt":"2025-09-07T11:46:02","guid":{"rendered":"https:\/\/darvilais.md\/?post_type=product&#038;p=8828"},"modified":"2025-09-07T11:46:02","modified_gmt":"2025-09-07T11:46:02","slug":"mietubl-mtb-dcutf01-type-c-silicone-cable-1m","status":"publish","type":"product","link":"https:\/\/darvilais.md\/ro\/produs\/mietubl-mtb-dcutf01-type-c-silicone-cable-1m\/","title":{"rendered":"Mietubl MTB-DCUTF01"},"content":{"rendered":"<h2><strong>Cablu de date din silicon Mietubl MTB-DCUTF01 USB-Type-C \u2013 Alb<\/strong><\/h2>\n<ul>\n<li class=\"p1\"><strong>Culoare: alb<\/strong><\/li>\n<li class=\"p1\"><strong>Tip: Cablu USB-A \u2192 Tip C<\/strong><\/li>\n<li class=\"p1\"><strong>Compatibilitate: smartphone-uri, tablete<\/strong><\/li>\n<li class=\"p1\"><strong>Material: corp din silicon, fire de cupru<\/strong><\/li>\n<li class=\"p1\"><strong>Lungime: 1 m<\/strong><\/li>\n<li class=\"p1\"><strong>Curent maxim: 3 A<\/strong><\/li>\n<li class=\"p1\"><strong>Rat\u0103 de transfer de date: p\u00e2n\u0103 la 480 Mbps (USB 2.0)<\/strong><\/li>\n<li class=\"p1\"><strong>Produc\u0103tor: Miet\u00fcbl<\/strong><\/li>\n<\/ul>\n<p><strong><span class=\"s1\">Confirmat: <\/span><a href=\"https:\/\/www.mietublofficial.com\/Product\/168.html\" target=\"_blank\" rel=\"noopener\">https:\/\/www.mietublofficial.com\/Product\/168.html<\/a><\/strong><\/p>","protected":false},"excerpt":{"rendered":"<p><em><strong>Cablul din silicon moale Mietubl MTB-DCUTF01 are o lungime de 1 m, suport\u0103 3A \u0219i transfer de date de p\u00e2n\u0103 la 480 Mbps - o solu\u021bie convenabil\u0103 pentru \u00eenc\u0103rcare \u0219i sincronizare.<\/strong><\/em><\/p>","protected":false},"featured_media":8829,"template":"","meta":{"_acf_changed":false},"product_brand":[795],"product_cat":[253],"product_tag":[784,794,790,754],"class_list":{"0":"post-8828","1":"product","2":"type-product","3":"status-publish","4":"has-post-thumbnail","6":"product_brand-mietubl","7":"product_cat-charging-cables","8":"product_tag-1-","9":"product_tag-3-a","10":"product_tag--type-c","11":"product_tag-754","13":"first","14":"instock","15":"sale","16":"taxable","17":"shipping-taxable","18":"purchasable","19":"product-type-simple","20":"add-to-wishlist-after_add_to_cart"},"acf":[],"jetpack_sharing_enabled":true,"_links":{"self":[{"href":"https:\/\/darvilais.md\/ro\/wp-json\/wp\/v2\/product\/8828","targetHints":{"allow":["GET"]}}],"collection":[{"href":"https:\/\/darvilais.md\/ro\/wp-json\/wp\/v2\/product"}],"about":[{"href":"https:\/\/darvilais.md\/ro\/wp-json\/wp\/v2\/types\/product"}],"wp:featuredmedia":[{"embeddable":true,"href":"https:\/\/darvilais.md\/ro\/wp-json\/wp\/v2\/media\/8829"}],"wp:attachment":[{"href":"https:\/\/darvilais.md\/ro\/wp-json\/wp\/v2\/media?parent=8828"}],"wp:term":[{"taxonomy":"product_brand","embeddable":true,"href":"https:\/\/darvilais.md\/ro\/wp-json\/wp\/v2\/product_brand?post=8828"},{"taxonomy":"product_cat","embeddable":true,"href":"https:\/\/darvilais.md\/ro\/wp-json\/wp\/v2\/product_cat?post=8828"},{"taxonomy":"product_tag","embeddable":true,"href":"https:\/\/darvilais.md\/ro\/wp-json\/wp\/v2\/product_tag?post=8828"}],"curies":[{"name":"wp","href":"https:\/\/api.w.org\/{rel}","templated":true}]}}