{"id":8818,"date":"2025-09-07T11:26:05","date_gmt":"2025-09-07T11:26:05","guid":{"rendered":"https:\/\/darvilais.md\/?post_type=product&#038;p=8818"},"modified":"2025-09-07T11:26:05","modified_gmt":"2025-09-07T11:26:05","slug":"hoco-x101-assistant-usb-to-type-c-silicone-3a","status":"publish","type":"product","link":"https:\/\/darvilais.md\/ro\/produs\/hoco-x101-assistant-usb-to-type-c-silicone-3a\/","title":{"rendered":"Hoco X101 USB la Tip-C"},"content":{"rendered":"<h2><strong>Cablu de date de \u00eenc\u0103rcare USB-Type-C pentru Hoco X101 Assistant<\/strong><\/h2>\n<ul>\n<li class=\"p1\"><strong>Culoare: negru, alb<\/strong><\/li>\n<li class=\"p1\"><strong>Tip: Cablu USB-A \u2192 Tip C<\/strong><\/li>\n<li class=\"p1\"><strong>Compatibilitate: tablete, smartphone-uri<\/strong><\/li>\n<li class=\"p1\"><strong>Material: silicon (\u00eempletitur\u0103 \u0219i conectori)<\/strong><\/li>\n<li class=\"p1\"><strong>Dimensiuni: lungime 1 m<\/strong><\/li>\n<li class=\"p1\"><strong>Greutate: 25 g<\/strong><\/li>\n<li class=\"p1\"><strong>Curent: p\u00e2n\u0103 la 3 A<\/strong><\/li>\n<li class=\"p1\"><strong>Producator: Hoco<\/strong><\/li>\n<\/ul>\n<p><strong><span class=\"s1\">Confirmat: <\/span><a href=\"https:\/\/hocotech.com\/product\/mobile-accessories\/cables\/type-c-aka-usb-c\/cable-usb-to-type-c-x101-assistant\/\" target=\"_blank\" rel=\"noopener\">https:\/\/hocotech.com\/product\/mobile-accessories\/cables\/type-c-aka-usb-c\/cable-usb-to-type-c-x101-assistant\/<\/a><\/strong><\/p>","protected":false},"excerpt":{"rendered":"<p><em><strong>Cablu de silicon Hoco X101 Assistant, lungime 1m, suport 3A - o solu\u021bie excelent\u0103 pentru \u00eenc\u0103rcare rapid\u0103 \u0219i transfer de date pe dispozitive mobile.<\/strong><\/em><\/p>","protected":false},"featured_media":8823,"template":"","meta":{"_acf_changed":false},"product_brand":[286],"product_cat":[253],"product_tag":[794,678,793,754],"class_list":{"0":"post-8818","1":"product","2":"type-product","3":"status-publish","4":"has-post-thumbnail","6":"product_brand-hoco","7":"product_cat-charging-cables","8":"product_tag-3-a","9":"product_tag-type-c","10":"product_tag--usb-a","11":"product_tag-754","13":"first","14":"instock","15":"taxable","16":"shipping-taxable","17":"purchasable","18":"product-type-variable","19":"add-to-wishlist-after_add_to_cart"},"acf":[],"jetpack_sharing_enabled":true,"_links":{"self":[{"href":"https:\/\/darvilais.md\/ro\/wp-json\/wp\/v2\/product\/8818","targetHints":{"allow":["GET"]}}],"collection":[{"href":"https:\/\/darvilais.md\/ro\/wp-json\/wp\/v2\/product"}],"about":[{"href":"https:\/\/darvilais.md\/ro\/wp-json\/wp\/v2\/types\/product"}],"wp:featuredmedia":[{"embeddable":true,"href":"https:\/\/darvilais.md\/ro\/wp-json\/wp\/v2\/media\/8823"}],"wp:attachment":[{"href":"https:\/\/darvilais.md\/ro\/wp-json\/wp\/v2\/media?parent=8818"}],"wp:term":[{"taxonomy":"product_brand","embeddable":true,"href":"https:\/\/darvilais.md\/ro\/wp-json\/wp\/v2\/product_brand?post=8818"},{"taxonomy":"product_cat","embeddable":true,"href":"https:\/\/darvilais.md\/ro\/wp-json\/wp\/v2\/product_cat?post=8818"},{"taxonomy":"product_tag","embeddable":true,"href":"https:\/\/darvilais.md\/ro\/wp-json\/wp\/v2\/product_tag?post=8818"}],"curies":[{"name":"wp","href":"https:\/\/api.w.org\/{rel}","templated":true}]}}