{"id":8786,"date":"2025-09-06T19:34:57","date_gmt":"2025-09-06T19:34:57","guid":{"rendered":"https:\/\/darvilais.md\/?post_type=product&#038;p=8786"},"modified":"2025-09-06T19:35:25","modified_gmt":"2025-09-06T19:35:25","slug":"borofone-bx41-amiable-magnetic-lightning-cable","status":"publish","type":"product","link":"https:\/\/darvilais.md\/ro\/produs\/borofone-bx41-amiable-magnetic-lightning-cable\/","title":{"rendered":"Borofone BX41"},"content":{"rendered":"<h2><strong>Cablu USB magnetic la Lightning Borofone BX41 Amiable<\/strong><\/h2>\n<ul>\n<li class=\"p1\"><strong>Culoare: negru<\/strong><\/li>\n<li class=\"p1\"><strong>Tip: Cablu magnetic USB-A la Lightning<\/strong><\/li>\n<li class=\"p1\"><strong>Lungime: 1 m<\/strong><\/li>\n<li class=\"p1\"><strong>Materialul \u00eempletiturii: PVC<\/strong><\/li>\n<li class=\"p1\"><strong>Material conector: PVC<\/strong><\/li>\n<li class=\"p1\"><strong>Curent de \u00eenc\u0103rcare: p\u00e2n\u0103 la 2,4 A<\/strong><\/li>\n<li class=\"p1\"><strong>Transfer de date: nu<\/strong><\/li>\n<li class=\"p1\"><strong>Caracteristici: conector magnetic deta\u0219abil, protec\u021bie \u00eempotriva uzurii porturilor<\/strong><\/li>\n<li class=\"p1\"><strong>Produc\u0103tor: Borofone<\/strong><\/li>\n<\/ul>\n<p><strong><span class=\"s1\">Confirmat: <\/span><a href=\"https:\/\/www.borofone.com\/product\/cables\/usb-cables\/lightning\/cable-usb-to-lightning-bx41-amiable\/\" target=\"_blank\" rel=\"noopener\">https:\/\/www.borofone.com\/product\/cables\/usb-cables\/lightning\/cable-usb-to-lightning-bx41-amiable\/<\/a><\/strong><\/p>","protected":false},"excerpt":{"rendered":"<p><em><strong>Cablu magnetic fiabil Borofone BX41 Amiable Lightning (1 m, negru) - siguran\u021b\u0103 \u0219i confort pentru \u00eenc\u0103rcarea iPhone-ului.<\/strong><\/em><\/p>","protected":false},"featured_media":8792,"template":"","meta":{"_acf_changed":false},"product_brand":[782],"product_cat":[253],"product_tag":[784,783,785,776],"class_list":{"0":"post-8786","1":"product","2":"type-product","3":"status-publish","4":"has-post-thumbnail","6":"product_brand-borofone","7":"product_cat-charging-cables","8":"product_tag-1-","9":"product_tag-lightning","10":"product_tag-785","11":"product_tag-776","13":"first","14":"instock","15":"taxable","16":"shipping-taxable","17":"purchasable","18":"product-type-simple","19":"add-to-wishlist-after_add_to_cart"},"acf":[],"jetpack_sharing_enabled":true,"_links":{"self":[{"href":"https:\/\/darvilais.md\/ro\/wp-json\/wp\/v2\/product\/8786","targetHints":{"allow":["GET"]}}],"collection":[{"href":"https:\/\/darvilais.md\/ro\/wp-json\/wp\/v2\/product"}],"about":[{"href":"https:\/\/darvilais.md\/ro\/wp-json\/wp\/v2\/types\/product"}],"wp:featuredmedia":[{"embeddable":true,"href":"https:\/\/darvilais.md\/ro\/wp-json\/wp\/v2\/media\/8792"}],"wp:attachment":[{"href":"https:\/\/darvilais.md\/ro\/wp-json\/wp\/v2\/media?parent=8786"}],"wp:term":[{"taxonomy":"product_brand","embeddable":true,"href":"https:\/\/darvilais.md\/ro\/wp-json\/wp\/v2\/product_brand?post=8786"},{"taxonomy":"product_cat","embeddable":true,"href":"https:\/\/darvilais.md\/ro\/wp-json\/wp\/v2\/product_cat?post=8786"},{"taxonomy":"product_tag","embeddable":true,"href":"https:\/\/darvilais.md\/ro\/wp-json\/wp\/v2\/product_tag?post=8786"}],"curies":[{"name":"wp","href":"https:\/\/api.w.org\/{rel}","templated":true}]}}