{"id":8736,"date":"2025-09-05T19:04:59","date_gmt":"2025-09-05T19:04:59","guid":{"rendered":"https:\/\/darvilais.md\/?post_type=product&#038;p=8736"},"modified":"2025-09-05T19:04:59","modified_gmt":"2025-09-05T19:04:59","slug":"iphone-11-magsafe-tpu-hybrid-pc-husa-black","status":"publish","type":"product","link":"https:\/\/darvilais.md\/ro\/produs\/iphone-11-magsafe-tpu-hybrid-pc-husa-black\/","title":{"rendered":"iPhone 11"},"content":{"rendered":"<h2><strong>Carcas\u0103 magnetic\u0103 hibrid\u0103 TPU MagSafe pentru iPhone 11<\/strong><\/h2>\n<ul>\n<li class=\"p1\"><strong>Culoare: negru<\/strong><\/li>\n<li class=\"p1\"><strong>Tip: carcas\u0103 hibrid\u0103 de protec\u021bie<\/strong><\/li>\n<li class=\"p1\"><strong>Material: TPU + PC (panou posterior rigid)<\/strong><\/li>\n<li class=\"p1\"><strong>Compatibilitate: Apple iPhone 11, suport MagSafe<\/strong><\/li>\n<li class=\"p1\"><strong>Caracteristici: suport magnetic MagSafe, protec\u021bie \u00eempotriva c\u0103derii, panou posterior transparent, margini fine<\/strong><\/li>\n<li class=\"p1\"><strong>Produc\u0103tor: altul<\/strong><\/li>\n<\/ul>","protected":false},"excerpt":{"rendered":"<p><em><strong>O hus\u0103 hibrid\u0103 pentru iPhone 11 cu TPU \u0219i spate rigid. Suport magnetic MagSafe, protec\u021bie la c\u0103deri \u0219i o prindere confortabil\u0103.<\/strong><\/em><\/p>","protected":false},"featured_media":8738,"template":"","meta":{"_acf_changed":false},"product_brand":[364],"product_cat":[362],"product_tag":[767,374,378,433],"class_list":{"0":"post-8736","1":"product","2":"type-product","3":"status-publish","4":"has-post-thumbnail","6":"product_brand-364","7":"product_cat-phone-cases","8":"product_tag-magsafe-","9":"product_tag-374","10":"product_tag-378","11":"product_tag---iphone","13":"first","14":"instock","15":"sale","16":"taxable","17":"shipping-taxable","18":"purchasable","19":"product-type-simple","20":"add-to-wishlist-after_add_to_cart"},"acf":[],"jetpack_sharing_enabled":true,"_links":{"self":[{"href":"https:\/\/darvilais.md\/ro\/wp-json\/wp\/v2\/product\/8736","targetHints":{"allow":["GET"]}}],"collection":[{"href":"https:\/\/darvilais.md\/ro\/wp-json\/wp\/v2\/product"}],"about":[{"href":"https:\/\/darvilais.md\/ro\/wp-json\/wp\/v2\/types\/product"}],"wp:featuredmedia":[{"embeddable":true,"href":"https:\/\/darvilais.md\/ro\/wp-json\/wp\/v2\/media\/8738"}],"wp:attachment":[{"href":"https:\/\/darvilais.md\/ro\/wp-json\/wp\/v2\/media?parent=8736"}],"wp:term":[{"taxonomy":"product_brand","embeddable":true,"href":"https:\/\/darvilais.md\/ro\/wp-json\/wp\/v2\/product_brand?post=8736"},{"taxonomy":"product_cat","embeddable":true,"href":"https:\/\/darvilais.md\/ro\/wp-json\/wp\/v2\/product_cat?post=8736"},{"taxonomy":"product_tag","embeddable":true,"href":"https:\/\/darvilais.md\/ro\/wp-json\/wp\/v2\/product_tag?post=8736"}],"curies":[{"name":"wp","href":"https:\/\/api.w.org\/{rel}","templated":true}]}}