{"id":8721,"date":"2025-09-05T14:56:01","date_gmt":"2025-09-05T14:56:01","guid":{"rendered":"https:\/\/darvilais.md\/?post_type=product&#038;p=8721"},"modified":"2025-09-05T14:56:02","modified_gmt":"2025-09-05T14:56:02","slug":"mag-safe-acrylic-case-iphone-11-protection","status":"publish","type":"product","link":"https:\/\/darvilais.md\/ro\/produs\/mag-safe-acrylic-case-iphone-11-protection\/","title":{"rendered":"iPhone 11"},"content":{"rendered":"<h2><strong>Husa acrilic\u0103 MagSafe pentru iPhone 11<\/strong><\/h2>\n<ul>\n<li><strong>Culoare: transparent\u0103<\/strong><\/li>\n<li class=\"p1\"><strong>Tip: Carcas\u0103 acrilic\u0103 MagSafe<\/strong><\/li>\n<li class=\"p1\"><strong>Material: acril (policarbonat) + inel magnetic<\/strong><\/li>\n<li class=\"p1\"><strong>Compatibilitate: iPhone 11<\/strong><\/li>\n<li class=\"p1\"><strong>Caracteristici: protec\u021bie lentil\u0103, suport pentru \u00eenc\u0103rcare wireless, MagSafe<\/strong><\/li>\n<li class=\"p1\"><strong>Produc\u0103tor: altul<\/strong><\/li>\n<\/ul>","protected":false},"excerpt":{"rendered":"<p><em><strong>O hus\u0103 transparent\u0103 \u0219i sub\u021bire, cu MagSafe, care protejeaz\u0103 \u00een siguran\u021b\u0103 obiectivul iPhone 11 \u0219i accept\u0103 \u00eenc\u0103rcarea wireless.<\/strong><\/em><\/p>","protected":false},"featured_media":8724,"template":"","meta":{"_acf_changed":false},"product_brand":[364],"product_cat":[362],"product_tag":[383,734,765,389],"class_list":{"0":"post-8721","1":"product","2":"type-product","3":"status-publish","4":"has-post-thumbnail","6":"product_brand-364","7":"product_cat-phone-cases","8":"product_tag-magsafe","9":"product_tag-734","10":"product_tag-765","11":"product_tag-389","13":"first","14":"instock","15":"sale","16":"taxable","17":"shipping-taxable","18":"purchasable","19":"product-type-simple","20":"add-to-wishlist-after_add_to_cart"},"acf":[],"jetpack_sharing_enabled":true,"_links":{"self":[{"href":"https:\/\/darvilais.md\/ro\/wp-json\/wp\/v2\/product\/8721","targetHints":{"allow":["GET"]}}],"collection":[{"href":"https:\/\/darvilais.md\/ro\/wp-json\/wp\/v2\/product"}],"about":[{"href":"https:\/\/darvilais.md\/ro\/wp-json\/wp\/v2\/types\/product"}],"wp:featuredmedia":[{"embeddable":true,"href":"https:\/\/darvilais.md\/ro\/wp-json\/wp\/v2\/media\/8724"}],"wp:attachment":[{"href":"https:\/\/darvilais.md\/ro\/wp-json\/wp\/v2\/media?parent=8721"}],"wp:term":[{"taxonomy":"product_brand","embeddable":true,"href":"https:\/\/darvilais.md\/ro\/wp-json\/wp\/v2\/product_brand?post=8721"},{"taxonomy":"product_cat","embeddable":true,"href":"https:\/\/darvilais.md\/ro\/wp-json\/wp\/v2\/product_cat?post=8721"},{"taxonomy":"product_tag","embeddable":true,"href":"https:\/\/darvilais.md\/ro\/wp-json\/wp\/v2\/product_tag?post=8721"}],"curies":[{"name":"wp","href":"https:\/\/api.w.org\/{rel}","templated":true}]}}