{"id":8715,"date":"2025-09-05T14:26:38","date_gmt":"2025-09-05T14:26:38","guid":{"rendered":"https:\/\/darvilais.md\/?post_type=product&#038;p=8715"},"modified":"2025-09-05T14:27:03","modified_gmt":"2025-09-05T14:27:03","slug":"otterbox-figura-frame-iphone-11-pro","status":"publish","type":"product","link":"https:\/\/darvilais.md\/ro\/produs\/otterbox-figura-frame-iphone-11-pro\/","title":{"rendered":"iPhone 11 Pro"},"content":{"rendered":"<h2><strong>Carcas\u0103 original\u0103 de dimensiuni normale cu ram\u0103 pentru iPhone 11 Pro<\/strong><\/h2>\n<ul>\n<li class=\"p1\"><strong>Culoare: multicolor\u0103<\/strong><\/li>\n<li class=\"p1\"><strong>Material: poliuretan, policarbonat<\/strong><\/li>\n<li class=\"p1\"><strong>Compatibilitate: iPhone 11 Pro<\/strong><\/li>\n<li class=\"p1\"><strong>Caracteristici: col\u021buri \u00eent\u0103rite, protec\u021bie cadru, rezistent la impact, t\u0103ieturi precise<\/strong><\/li>\n<li class=\"p1\"><strong>Produc\u0103tor: altul<\/strong><\/li>\n<\/ul>","protected":false},"excerpt":{"rendered":"<p><em><strong>Husa OtterBox Figura pentru iPhone 11 Pro este rezistent\u0103 la \u0219ocuri \u0219i dispune de protec\u021bie pentru ram\u0103 \u0219i materiale durabile pentru o utilizare zilnic\u0103 fiabil\u0103.<\/strong><\/em><\/p>","protected":false},"featured_media":8719,"template":"","meta":{"_acf_changed":false},"product_brand":[364],"product_cat":[362],"product_tag":[763,762,764,745],"class_list":{"0":"post-8715","1":"product","2":"type-product","3":"status-publish","4":"has-post-thumbnail","6":"product_brand-364","7":"product_cat-phone-cases","8":"product_tag-763","9":"product_tag-762","10":"product_tag-764","11":"product_tag-745","13":"first","14":"instock","15":"taxable","16":"shipping-taxable","17":"purchasable","18":"product-type-simple","19":"add-to-wishlist-after_add_to_cart"},"acf":[],"jetpack_sharing_enabled":true,"_links":{"self":[{"href":"https:\/\/darvilais.md\/ro\/wp-json\/wp\/v2\/product\/8715","targetHints":{"allow":["GET"]}}],"collection":[{"href":"https:\/\/darvilais.md\/ro\/wp-json\/wp\/v2\/product"}],"about":[{"href":"https:\/\/darvilais.md\/ro\/wp-json\/wp\/v2\/types\/product"}],"wp:featuredmedia":[{"embeddable":true,"href":"https:\/\/darvilais.md\/ro\/wp-json\/wp\/v2\/media\/8719"}],"wp:attachment":[{"href":"https:\/\/darvilais.md\/ro\/wp-json\/wp\/v2\/media?parent=8715"}],"wp:term":[{"taxonomy":"product_brand","embeddable":true,"href":"https:\/\/darvilais.md\/ro\/wp-json\/wp\/v2\/product_brand?post=8715"},{"taxonomy":"product_cat","embeddable":true,"href":"https:\/\/darvilais.md\/ro\/wp-json\/wp\/v2\/product_cat?post=8715"},{"taxonomy":"product_tag","embeddable":true,"href":"https:\/\/darvilais.md\/ro\/wp-json\/wp\/v2\/product_tag?post=8715"}],"curies":[{"name":"wp","href":"https:\/\/api.w.org\/{rel}","templated":true}]}}